{"id":1053,"date":"2020-11-02T10:50:05","date_gmt":"2020-11-02T10:50:05","guid":{"rendered":"https:\/\/thinkgut.eu\/proteccio-de-dades\/"},"modified":"2020-11-02T10:59:27","modified_gmt":"2020-11-02T10:59:27","slug":"proteccio-dades","status":"publish","type":"page","link":"https:\/\/thinkgut.eu\/ca\/proteccio-dades\/","title":{"rendered":"PROTECCI\u00d3 DE DADES"},"content":{"rendered":"<p>[et_pb_section fb_built=&#8221;1&#8243; _builder_version=&#8221;4.4.9&#8243; background_color=&#8221;#f9f9f9&#8243; custom_margin=&#8221;0px||0px||true|false&#8221; custom_padding=&#8221;0px||0px||true|false&#8221;][et_pb_row use_custom_gutter=&#8221;on&#8221; gutter_width=&#8221;1&#8243; make_equal=&#8221;on&#8221; _builder_version=&#8221;4.5.6&#8243; background_enable_image=&#8221;off&#8221; max_width=&#8221;2560px&#8221; height_tablet=&#8221;600px&#8221; height_phone=&#8221;500px&#8221; height_last_edited=&#8221;on|phone&#8221; custom_margin=&#8221;150px|auto|150px|auto|true|false&#8221; custom_padding=&#8221;0px||0px||true|false&#8221;][et_pb_column type=&#8221;4_4&#8243; _builder_version=&#8221;4.4.9&#8243; background_enable_color=&#8221;off&#8221;][et_pb_text _builder_version=&#8221;4.6.1&#8243; header_font=&#8221;|700|||||||&#8221; hover_enabled=&#8221;0&#8243; sticky_enabled=&#8221;0&#8243;]<\/p>\n<h1>PROTECCI\u00d3 DE DADES<\/h1>\n<p>&nbsp;[\/et_pb_text][et_pb_text _builder_version=&#8221;4.6.1&#8243; hover_enabled=&#8221;0&#8243; sticky_enabled=&#8221;0&#8243;]<\/p>\n<table width=\"640\">\n<tbody>\n<tr>\n<td colspan=\"2\" width=\"640\">\n<p style=\"text-align: left;\"><strong>Protecci\u00f3 de Dades RGPDUE 2016\/679 \u2013 LOPDGDD 3\/2018<\/strong>\u00a0\u00a0\u00a0\u00a0\u00a0\u00a0\u00a0\u00a0\u00a0\u00a0\u00a0\u00a0\u00a0\u00a0\u00a0\u00a0\u00a0\u00a0\u00a0\u00a0\u00a0\u00a0\u00a0\u00a0\u00a0\u00a0\u00a0\u00a0\u00a0\u00a0\u00a0\u00a0\u00a0\u00a0\u00a0\u00a0 \u00a0\u00a0\u00a0\u00a0\u00a0\u00a0\u00a0\u00a0Ver.<em><strong>\u00a020.1<\/strong><\/em><\/p>\n<\/td>\n<\/tr>\n<tr>\n<td width=\"115\">\n<p><strong>Responsable<\/strong><\/p>\n<\/td>\n<td width=\"525\">\n<p><strong>INSTITUT D\u2019INVESTIGACI\u00d3 BIOM\u00c8DICA DE GIRONA DR. JOSEP TRUETA <\/strong><\/p>\n<p><strong>-IdIBGi-<\/strong><\/p>\n<\/td>\n<\/tr>\n<tr>\n<td width=\"115\">\n<p><strong>Finalitat<\/strong><\/p>\n<p><strong>\u00a0<\/strong><\/p>\n<\/td>\n<td width=\"525\">\n<p>Recollida i tractament de les seves dades per atendre les seves consultes i facilitar-li informaci\u00f3 peri\u00f2dicament sobre els nostres productes i serveis que poden ser del seu inter\u00e8s i\/o prefer\u00e8ncia per mitjans electr\u00f2nics actuals o futurs, sempre que ens autoritzi al seu tractament.<\/p>\n<\/td>\n<\/tr>\n<tr>\n<td width=\"115\">\n<p><strong>Legitimaci\u00f3<\/strong><\/p>\n<p><strong>\u00a0<\/strong><\/p>\n<\/td>\n<td width=\"525\">\n<p>Inter\u00e8s leg\u00edtim del tractament per part del responsable per mantenir la relaci\u00f3\/serveis amb clients i\/o possibles clients. Consentiment inequ\u00edvoc i espec\u00edfic atorgat pel propi interessat.<\/p>\n<\/td>\n<\/tr>\n<tr>\n<td width=\"115\">\n<p><strong>Destinataris<\/strong><\/p>\n<\/td>\n<td width=\"525\">\n<p>Es cediran dades a altres empreses del projecte, INSERM i la PyME Enterosys SAS<\/p>\n<\/td>\n<\/tr>\n<tr>\n<td width=\"115\">\n<p><strong>Drets<\/strong><\/p>\n<\/td>\n<td width=\"525\">\n<p>Accedir, rectificar i suprimir les dades, aix\u00ed com altres drets com s\u2019explica a la +info addicional RGPDUE<\/p>\n<\/td>\n<\/tr>\n<tr>\n<td width=\"115\">\n<p><strong>Informaci\u00f3 addicional<\/strong><\/p>\n<\/td>\n<td width=\"525\">\n<p>Pot consultar la informaci\u00f3 addicional i detallada sobre protecci\u00f3 de dades a la nostra p\u00e0gina web: thinkgut.eu<\/p>\n<\/td>\n<\/tr>\n<\/tbody>\n<\/table>\n<p>&nbsp;<\/p>\n<p>&nbsp;<\/p>\n<p>[\/et_pb_text][\/et_pb_column][\/et_pb_row][\/et_pb_section][et_pb_section fb_built=&#8221;1&#8243; _builder_version=&#8221;4.4.9&#8243; background_color=&#8221;#003399&#8243; global_module=&#8221;186&#8243; saved_tabs=&#8221;all&#8221;][et_pb_row column_structure=&#8221;2_3,1_3&#8243; use_custom_gutter=&#8221;on&#8221; gutter_width=&#8221;2&#8243; _builder_version=&#8221;4.4.9&#8243; width=&#8221;90%&#8221; max_width=&#8221;2560px&#8221; custom_padding=&#8221;50px||50px||true|false&#8221;][et_pb_column type=&#8221;2_3&#8243; _builder_version=&#8221;4.4.9&#8243;][et_pb_text _builder_version=&#8221;4.5.3&#8243; text_text_color=&#8221;#f7f7f7&#8243; text_font_size=&#8221;13px&#8221; header_5_font=&#8221;|700|||||||&#8221; header_5_text_color=&#8221;#f7f7f7&#8243; custom_margin=&#8221;||50px||false|false&#8221;]<\/p>\n<p><img decoding=\"async\" class=\"poctefa\" src=\"https:\/\/thinkgut.eu\/wp-content\/uploads\/2020\/07\/Interreg-POCTEFA-ThinkGut-CMYK.png\" alt=\"\" style=\"padding: 0 20px 0px 0;\" width=\"300\" align=\"left\" \/><\/p>\n<h5>Fons Europeu de Desenvolupament Regional<\/h5>\n<p>El projecte ThinkGut, cofinan\u00e7at a 65% pel Fons Europeu de Desenvolupament Regional (FEDER) a trav\u00e9s del Programa Interreg V-A Espanya-Fran\u00e7a-Andorra (POCTEFA 2014-2020), compta amb un pressupost total de 1.3 milions d&#8217;euros.<\/p>\n<p>[\/et_pb_text][et_pb_text _builder_version=&#8221;4.5.6&#8243; header_4_font=&#8221;|700|||||||&#8221; header_4_text_color=&#8221;#f7f7f7&#8243; custom_margin=&#8221;||||false|false&#8221; custom_padding=&#8221;20px||||false|false&#8221;]<H4>PARTNERS<\/H4><br \/>\n<img decoding=\"async\" class=\"alignnone wp-image-867 size-full\" src=\"https:\/\/thinkgut.eu\/wp-content\/uploads\/IDIBGI-log.jpg\" alt=\"\" style=\"padding-right: 20px; padding-top: 20px; float: left;\" width=\"180\" srcset=\"https:\/\/thinkgut.eu\/wp-content\/uploads\/IDIBGI-log.jpg 2200w, https:\/\/thinkgut.eu\/wp-content\/uploads\/IDIBGI-log-1280x756.jpg 1280w, https:\/\/thinkgut.eu\/wp-content\/uploads\/IDIBGI-log-980x579.jpg 980w, https:\/\/thinkgut.eu\/wp-content\/uploads\/IDIBGI-log-480x284.jpg 480w\" sizes=\"(min-width: 0px) and (max-width: 480px) 480px, (min-width: 481px) and (max-width: 980px) 980px, (min-width: 981px) and (max-width: 1280px) 1280px, (min-width: 1281px) 2200px, 100vw\" \/><img decoding=\"async\" class=\"alignnone wp-image-861 size-full\" style=\"padding-right: 20px; padding-top: 20px; float: left;\" src=\"https:\/\/thinkgut.eu\/wp-content\/uploads\/logo-inserm.jpg\" alt=\"\" width=\"180\" srcset=\"https:\/\/thinkgut.eu\/wp-content\/uploads\/logo-inserm.jpg 1100w, https:\/\/thinkgut.eu\/wp-content\/uploads\/logo-inserm-980x579.jpg 980w, https:\/\/thinkgut.eu\/wp-content\/uploads\/logo-inserm-480x284.jpg 480w\" sizes=\"(min-width: 0px) and (max-width: 480px) 480px, (min-width: 481px) and (max-width: 980px) 980px, (min-width: 981px) 1100px, 100vw\" \/><img decoding=\"async\" class=\"alignnone wp-image-864 size-full\" src=\"https:\/\/thinkgut.eu\/wp-content\/uploads\/ENTEROSYS.jpg\" alt=\"\" style=\"padding-right: 20px; padding-top: 20px; float: left;\" width=\"180\" srcset=\"https:\/\/thinkgut.eu\/wp-content\/uploads\/ENTEROSYS.jpg 2200w, https:\/\/thinkgut.eu\/wp-content\/uploads\/ENTEROSYS-1280x756.jpg 1280w, https:\/\/thinkgut.eu\/wp-content\/uploads\/ENTEROSYS-980x579.jpg 980w, https:\/\/thinkgut.eu\/wp-content\/uploads\/ENTEROSYS-480x284.jpg 480w\" sizes=\"(min-width: 0px) and (max-width: 480px) 480px, (min-width: 481px) and (max-width: 980px) 980px, (min-width: 981px) and (max-width: 1280px) 1280px, (min-width: 1281px) 2200px, 100vw\" \/>[\/et_pb_text][\/et_pb_column][et_pb_column type=&#8221;1_3&#8243; _builder_version=&#8221;4.4.9&#8243;][et_pb_text _builder_version=&#8221;4.4.9&#8243; link_text_color=&#8221;#f7f7f7&#8243; ul_text_color=&#8221;#ffcc00&#8243; header_4_font=&#8221;|700|||||||&#8221; header_4_text_color=&#8221;#f7f7f7&#8243;]<\/p>\n<h4>LINKS<\/h4>\n<ul>\n<li><a href=\"https:\/\/www.poctefa.eu\" target=\"_blank\" rel=\"noopener noreferrer\">POCTEFA <\/a><\/li>\n<li><a href=\"https:\/\/ec.europa.eu\/regional_policy\/es\/\" target=\"_blank\" rel=\"noopener noreferrer\">Regional Policy website of the European Union<\/a><\/li>\n<\/ul>\n<p>[\/et_pb_text][et_pb_text _builder_version=&#8221;4.4.9&#8243; header_text_align=&#8221;center&#8221; header_4_font=&#8221;|700|||||||&#8221; header_4_text_color=&#8221;#f7f7f7&#8243; text_orientation=&#8221;center&#8221; custom_margin=&#8221;0px||0px||true|false&#8221; custom_padding=&#8221;10px||10px||true|false&#8221;]<\/p>\n<h4 style=\"text-align: left;\">XARXES SOCIALS<\/h4>\n<p>[\/et_pb_text][et_pb_social_media_follow _builder_version=&#8221;4.5.6&#8243; text_orientation=&#8221;left&#8221;][et_pb_social_media_follow_network social_network=&#8221;facebook&#8221; url=&#8221;https:\/\/www.facebook.com\/ThinkGut-103367838164953\/?modal=admin_todo_tour&#8221; _builder_version=&#8221;4.5.6&#8243; background_color=&#8221;#3b5998&#8243; follow_button=&#8221;off&#8221; url_new_window=&#8221;on&#8221;]facebook[\/et_pb_social_media_follow_network][et_pb_social_media_follow_network social_network=&#8221;twitter&#8221; url=&#8221;https:\/\/twitter.com\/thinkgut&#8221; _builder_version=&#8221;4.5.6&#8243; background_color=&#8221;#00aced&#8221; follow_button=&#8221;off&#8221; url_new_window=&#8221;on&#8221;]twitter[\/et_pb_social_media_follow_network][\/et_pb_social_media_follow][et_pb_text _builder_version=&#8221;4.4.9&#8243; link_text_color=&#8221;#f7f7f7&#8243; ul_text_color=&#8221;#ffcc00&#8243; header_4_font=&#8221;|700|||||||&#8221; header_4_text_color=&#8221;#f7f7f7&#8243;]<\/p>\n<h4>TEXTOS LEGALS<\/h4>\n<p><P> <a href=\"https:\/\/thinkgut.eu\/ca\/avis-legal\/\">Av\u00eds legal<\/a> \u00b7 <a href=\"https:\/\/thinkgut.eu\/ca\/politica-privacitat\/\"> Pol\u00edtica de privacitat <\/a> \u00b7 <a href=\"https:\/\/thinkgut.eu\/ca\/politica-cookies\/\">Pol\u00edtica de Cookies<\/a><\/p>\n<p>[\/et_pb_text][\/et_pb_column][\/et_pb_row][\/et_pb_section]<\/p>\n","protected":false},"excerpt":{"rendered":"<p>PROTECCI\u00d3 DE DADES &nbsp; Protecci\u00f3 de Dades RGPDUE 2016\/679 \u2013 LOPDGDD 3\/2018\u00a0\u00a0\u00a0\u00a0\u00a0\u00a0\u00a0\u00a0\u00a0\u00a0\u00a0\u00a0\u00a0\u00a0\u00a0\u00a0\u00a0\u00a0\u00a0\u00a0\u00a0\u00a0\u00a0\u00a0\u00a0\u00a0\u00a0\u00a0\u00a0\u00a0\u00a0\u00a0\u00a0\u00a0\u00a0\u00a0 \u00a0\u00a0\u00a0\u00a0\u00a0\u00a0\u00a0\u00a0Ver.\u00a020.1 Responsable INSTITUT D\u2019INVESTIGACI\u00d3 BIOM\u00c8DICA DE GIRONA DR. JOSEP TRUETA -IdIBGi- Finalitat \u00a0 Recollida i tractament de les seves dades per atendre les seves consultes i facilitar-li informaci\u00f3 peri\u00f2dicament sobre els nostres productes i serveis que poden ser del seu inter\u00e8s i\/o prefer\u00e8ncia [&hellip;]<\/p>\n","protected":false},"author":1,"featured_media":0,"parent":0,"menu_order":21,"comment_status":"closed","ping_status":"closed","template":"","meta":{"_et_pb_use_builder":"on","_et_pb_old_content":"","_et_gb_content_width":""},"yoast_head":"<!-- This site is optimized with the Yoast SEO plugin v20.5 - https:\/\/yoast.com\/wordpress\/plugins\/seo\/ -->\n<title>PROTECCI\u00d3 DE DADES - ThinkGut<\/title>\n<meta name=\"robots\" content=\"index, follow, max-snippet:-1, max-image-preview:large, max-video-preview:-1\" \/>\n<link rel=\"canonical\" href=\"https:\/\/thinkgut.eu\/ca\/proteccio-dades\/\" \/>\n<meta property=\"og:locale\" content=\"ca_ES\" \/>\n<meta property=\"og:type\" content=\"article\" \/>\n<meta property=\"og:title\" content=\"PROTECCI\u00d3 DE DADES - ThinkGut\" \/>\n<meta property=\"og:description\" content=\"PROTECCI\u00d3 DE DADES &nbsp; Protecci\u00f3 de Dades RGPDUE 2016\/679 \u2013 LOPDGDD 3\/2018\u00a0\u00a0\u00a0\u00a0\u00a0\u00a0\u00a0\u00a0\u00a0\u00a0\u00a0\u00a0\u00a0\u00a0\u00a0\u00a0\u00a0\u00a0\u00a0\u00a0\u00a0\u00a0\u00a0\u00a0\u00a0\u00a0\u00a0\u00a0\u00a0\u00a0\u00a0\u00a0\u00a0\u00a0\u00a0\u00a0 \u00a0\u00a0\u00a0\u00a0\u00a0\u00a0\u00a0\u00a0Ver.\u00a020.1 Responsable INSTITUT D\u2019INVESTIGACI\u00d3 BIOM\u00c8DICA DE GIRONA DR. JOSEP TRUETA -IdIBGi- Finalitat \u00a0 Recollida i tractament de les seves dades per atendre les seves consultes i facilitar-li informaci\u00f3 peri\u00f2dicament sobre els nostres productes i serveis que poden ser del seu inter\u00e8s i\/o prefer\u00e8ncia [&hellip;]\" \/>\n<meta property=\"og:url\" content=\"https:\/\/thinkgut.eu\/ca\/proteccio-dades\/\" \/>\n<meta property=\"og:site_name\" content=\"ThinkGut\" \/>\n<meta property=\"article:publisher\" content=\"https:\/\/www.facebook.com\/ThinkGut-103367838164953\/?modal=admin_todo_tour\" \/>\n<meta property=\"article:modified_time\" content=\"2020-11-02T10:59:27+00:00\" \/>\n<meta property=\"og:image\" content=\"https:\/\/thinkgut.eu\/wp-content\/uploads\/2020\/07\/Interreg-POCTEFA-ThinkGut-CMYK.png\" \/>\n<meta name=\"twitter:card\" content=\"summary_large_image\" \/>\n<meta name=\"twitter:site\" content=\"@thinkgut\" \/>\n<meta name=\"twitter:label1\" content=\"Temps estimat de lectura\" \/>\n\t<meta name=\"twitter:data1\" content=\"3 minuts\" \/>\n<script type=\"application\/ld+json\" class=\"yoast-schema-graph\">{\"@context\":\"https:\/\/schema.org\",\"@graph\":[{\"@type\":\"WebPage\",\"@id\":\"https:\/\/thinkgut.eu\/ca\/proteccio-dades\/\",\"url\":\"https:\/\/thinkgut.eu\/ca\/proteccio-dades\/\",\"name\":\"PROTECCI\u00d3 DE DADES - ThinkGut\",\"isPartOf\":{\"@id\":\"https:\/\/thinkgut.eu\/#website\"},\"datePublished\":\"2020-11-02T10:50:05+00:00\",\"dateModified\":\"2020-11-02T10:59:27+00:00\",\"breadcrumb\":{\"@id\":\"https:\/\/thinkgut.eu\/ca\/proteccio-dades\/#breadcrumb\"},\"inLanguage\":\"ca\",\"potentialAction\":[{\"@type\":\"ReadAction\",\"target\":[\"https:\/\/thinkgut.eu\/ca\/proteccio-dades\/\"]}]},{\"@type\":\"BreadcrumbList\",\"@id\":\"https:\/\/thinkgut.eu\/ca\/proteccio-dades\/#breadcrumb\",\"itemListElement\":[{\"@type\":\"ListItem\",\"position\":1,\"name\":\"Home\",\"item\":\"https:\/\/thinkgut.eu\/ca\/\"},{\"@type\":\"ListItem\",\"position\":2,\"name\":\"PROTECCI\u00d3 DE DADES\"}]},{\"@type\":\"WebSite\",\"@id\":\"https:\/\/thinkgut.eu\/#website\",\"url\":\"https:\/\/thinkgut.eu\/\",\"name\":\"ThinkGut\",\"description\":\"Previsi\u00f3 personalitzada de la cognici\u00f3 a trav\u00e9s de la microbiota humana\",\"publisher\":{\"@id\":\"https:\/\/thinkgut.eu\/#organization\"},\"potentialAction\":[{\"@type\":\"SearchAction\",\"target\":{\"@type\":\"EntryPoint\",\"urlTemplate\":\"https:\/\/thinkgut.eu\/?s={search_term_string}\"},\"query-input\":\"required name=search_term_string\"}],\"inLanguage\":\"ca\"},{\"@type\":\"Organization\",\"@id\":\"https:\/\/thinkgut.eu\/#organization\",\"name\":\"ThinkGut\",\"url\":\"https:\/\/thinkgut.eu\/\",\"logo\":{\"@type\":\"ImageObject\",\"inLanguage\":\"ca\",\"@id\":\"https:\/\/thinkgut.eu\/#\/schema\/logo\/image\/\",\"url\":\"https:\/\/thinkgut.eu\/wp-content\/uploads\/2020\/07\/Interreg-POCTEFA-ThinkGut-CMYK.png\",\"contentUrl\":\"https:\/\/thinkgut.eu\/wp-content\/uploads\/2020\/07\/Interreg-POCTEFA-ThinkGut-CMYK.png\",\"width\":921,\"height\":415,\"caption\":\"ThinkGut\"},\"image\":{\"@id\":\"https:\/\/thinkgut.eu\/#\/schema\/logo\/image\/\"},\"sameAs\":[\"https:\/\/www.facebook.com\/ThinkGut-103367838164953\/?modal=admin_todo_tour\",\"https:\/\/twitter.com\/thinkgut\"]}]}<\/script>\n<!-- \/ Yoast SEO plugin. -->","yoast_head_json":{"title":"PROTECCI\u00d3 DE DADES - ThinkGut","robots":{"index":"index","follow":"follow","max-snippet":"max-snippet:-1","max-image-preview":"max-image-preview:large","max-video-preview":"max-video-preview:-1"},"canonical":"https:\/\/thinkgut.eu\/ca\/proteccio-dades\/","og_locale":"ca_ES","og_type":"article","og_title":"PROTECCI\u00d3 DE DADES - ThinkGut","og_description":"PROTECCI\u00d3 DE DADES &nbsp; Protecci\u00f3 de Dades RGPDUE 2016\/679 \u2013 LOPDGDD 3\/2018\u00a0\u00a0\u00a0\u00a0\u00a0\u00a0\u00a0\u00a0\u00a0\u00a0\u00a0\u00a0\u00a0\u00a0\u00a0\u00a0\u00a0\u00a0\u00a0\u00a0\u00a0\u00a0\u00a0\u00a0\u00a0\u00a0\u00a0\u00a0\u00a0\u00a0\u00a0\u00a0\u00a0\u00a0\u00a0\u00a0 \u00a0\u00a0\u00a0\u00a0\u00a0\u00a0\u00a0\u00a0Ver.\u00a020.1 Responsable INSTITUT D\u2019INVESTIGACI\u00d3 BIOM\u00c8DICA DE GIRONA DR. JOSEP TRUETA -IdIBGi- Finalitat \u00a0 Recollida i tractament de les seves dades per atendre les seves consultes i facilitar-li informaci\u00f3 peri\u00f2dicament sobre els nostres productes i serveis que poden ser del seu inter\u00e8s i\/o prefer\u00e8ncia [&hellip;]","og_url":"https:\/\/thinkgut.eu\/ca\/proteccio-dades\/","og_site_name":"ThinkGut","article_publisher":"https:\/\/www.facebook.com\/ThinkGut-103367838164953\/?modal=admin_todo_tour","article_modified_time":"2020-11-02T10:59:27+00:00","og_image":[{"url":"https:\/\/thinkgut.eu\/wp-content\/uploads\/2020\/07\/Interreg-POCTEFA-ThinkGut-CMYK.png"}],"twitter_card":"summary_large_image","twitter_site":"@thinkgut","twitter_misc":{"Temps estimat de lectura":"3 minuts"},"schema":{"@context":"https:\/\/schema.org","@graph":[{"@type":"WebPage","@id":"https:\/\/thinkgut.eu\/ca\/proteccio-dades\/","url":"https:\/\/thinkgut.eu\/ca\/proteccio-dades\/","name":"PROTECCI\u00d3 DE DADES - ThinkGut","isPartOf":{"@id":"https:\/\/thinkgut.eu\/#website"},"datePublished":"2020-11-02T10:50:05+00:00","dateModified":"2020-11-02T10:59:27+00:00","breadcrumb":{"@id":"https:\/\/thinkgut.eu\/ca\/proteccio-dades\/#breadcrumb"},"inLanguage":"ca","potentialAction":[{"@type":"ReadAction","target":["https:\/\/thinkgut.eu\/ca\/proteccio-dades\/"]}]},{"@type":"BreadcrumbList","@id":"https:\/\/thinkgut.eu\/ca\/proteccio-dades\/#breadcrumb","itemListElement":[{"@type":"ListItem","position":1,"name":"Home","item":"https:\/\/thinkgut.eu\/ca\/"},{"@type":"ListItem","position":2,"name":"PROTECCI\u00d3 DE DADES"}]},{"@type":"WebSite","@id":"https:\/\/thinkgut.eu\/#website","url":"https:\/\/thinkgut.eu\/","name":"ThinkGut","description":"Previsi\u00f3 personalitzada de la cognici\u00f3 a trav\u00e9s de la microbiota humana","publisher":{"@id":"https:\/\/thinkgut.eu\/#organization"},"potentialAction":[{"@type":"SearchAction","target":{"@type":"EntryPoint","urlTemplate":"https:\/\/thinkgut.eu\/?s={search_term_string}"},"query-input":"required name=search_term_string"}],"inLanguage":"ca"},{"@type":"Organization","@id":"https:\/\/thinkgut.eu\/#organization","name":"ThinkGut","url":"https:\/\/thinkgut.eu\/","logo":{"@type":"ImageObject","inLanguage":"ca","@id":"https:\/\/thinkgut.eu\/#\/schema\/logo\/image\/","url":"https:\/\/thinkgut.eu\/wp-content\/uploads\/2020\/07\/Interreg-POCTEFA-ThinkGut-CMYK.png","contentUrl":"https:\/\/thinkgut.eu\/wp-content\/uploads\/2020\/07\/Interreg-POCTEFA-ThinkGut-CMYK.png","width":921,"height":415,"caption":"ThinkGut"},"image":{"@id":"https:\/\/thinkgut.eu\/#\/schema\/logo\/image\/"},"sameAs":["https:\/\/www.facebook.com\/ThinkGut-103367838164953\/?modal=admin_todo_tour","https:\/\/twitter.com\/thinkgut"]}]}},"_links":{"self":[{"href":"https:\/\/thinkgut.eu\/ca\/wp-json\/wp\/v2\/pages\/1053"}],"collection":[{"href":"https:\/\/thinkgut.eu\/ca\/wp-json\/wp\/v2\/pages"}],"about":[{"href":"https:\/\/thinkgut.eu\/ca\/wp-json\/wp\/v2\/types\/page"}],"author":[{"embeddable":true,"href":"https:\/\/thinkgut.eu\/ca\/wp-json\/wp\/v2\/users\/1"}],"replies":[{"embeddable":true,"href":"https:\/\/thinkgut.eu\/ca\/wp-json\/wp\/v2\/comments?post=1053"}],"version-history":[{"count":2,"href":"https:\/\/thinkgut.eu\/ca\/wp-json\/wp\/v2\/pages\/1053\/revisions"}],"predecessor-version":[{"id":1055,"href":"https:\/\/thinkgut.eu\/ca\/wp-json\/wp\/v2\/pages\/1053\/revisions\/1055"}],"wp:attachment":[{"href":"https:\/\/thinkgut.eu\/ca\/wp-json\/wp\/v2\/media?parent=1053"}],"curies":[{"name":"wp","href":"https:\/\/api.w.org\/{rel}","templated":true}]}}