{"id":1083,"date":"2020-11-02T11:32:05","date_gmt":"2020-11-02T11:32:05","guid":{"rendered":"https:\/\/thinkgut.eu\/avis-legal\/"},"modified":"2020-11-02T11:32:06","modified_gmt":"2020-11-02T11:32:06","slug":"avis-legal","status":"publish","type":"page","link":"https:\/\/thinkgut.eu\/ca\/avis-legal\/","title":{"rendered":"AVIS LEGAL"},"content":{"rendered":"<p>[et_pb_section fb_built=&#8221;1&#8243; _builder_version=&#8221;4.4.9&#8243; background_color=&#8221;#f9f9f9&#8243; custom_margin=&#8221;0px||0px||true|false&#8221; custom_padding=&#8221;0px||0px||true|false&#8221;][et_pb_row use_custom_gutter=&#8221;on&#8221; gutter_width=&#8221;1&#8243; make_equal=&#8221;on&#8221; _builder_version=&#8221;4.5.6&#8243; background_enable_image=&#8221;off&#8221; max_width=&#8221;2560px&#8221; height_tablet=&#8221;600px&#8221; height_phone=&#8221;500px&#8221; height_last_edited=&#8221;on|phone&#8221; custom_margin=&#8221;150px|auto|150px|auto|true|false&#8221; custom_padding=&#8221;0px||0px||true|false&#8221;][et_pb_column type=&#8221;4_4&#8243; _builder_version=&#8221;4.4.9&#8243; background_enable_color=&#8221;off&#8221;][et_pb_text _builder_version=&#8221;4.5.6&#8243; header_font=&#8221;|700|||||||&#8221;]<\/p>\n<h1>AV\u00cdS LEGAL<\/h1>\n<p>&nbsp;<\/p>\n<p>[\/et_pb_text][et_pb_text _builder_version=&#8221;4.5.6&#8243; hover_enabled=&#8221;0&#8243;]<\/p>\n<p><strong>DADES IDENTIFICATIVES DEL PRESTADOR DE SERVEIS DE LA SOCIETAT DE LA INFORMACI\u00d3<\/strong><\/p>\n<p>De conformitat amb l\u2019article 10 de la Llei 34\/2002, de 11 de juliol, de \u201cServicios de la Sociedad de la Informaci\u00f3n y Comercio Electr\u00f3nico (LSSI)\u201d, posem al seu coneixement la seg\u00fcent informaci\u00f3:<\/p>\n<p><strong>INSTITUT D\u2019INVESTIGACI\u00d3 BIOM\u00c8DICA DE GIRONA DR. JOSEP TRUETA, [d\u2019ara endavant IDIBGI],<\/strong> \u00e9s el titular del portal Web thinkgut.eu, que actua exclusivament com a gestora dels continguts del present portal Web, domiciliada a: C\/DR. CASTANY, S\/N EDIFICI M2-PARC HOSPITALARI SANT JULI\u00c0 DE SALT- 17190 SALT (GIRONA), NIF G17432592, Inscrita al Registre de Fundacions N\u00ba929, \u00e9s l\u2019encarregada de la gesti\u00f3 i funcionament del lloc Web esmentat anteriorment. Si vol contactar amb nosaltres, pot fer-ho mitjan\u00e7ant correu postal a l\u2019adre\u00e7a esmentada al par\u00e0graf anterior, o b\u00e9 a trav\u00e9s del correu electr\u00f2nic a fundacio@idibgi.org <\/p>\n<p><strong>INTRODUCCI\u00d3<\/strong><\/p>\n<p>El present Av\u00eds legal regula l\u00b4\u00fas d\u2019aquesta p\u00e0gina web. L\u2019acc\u00e9s a la web \u00e9s gratu\u00eft excepte en el relatiu al cost de la connexi\u00f3 a trav\u00e9s de la xarxa de telecomunicacions subministrada pel prove\u00efdor d&#8217;acc\u00e9s contractat pels usuaris.<\/p>\n<p><strong>ACCEPTACI\u00d3<\/strong><\/p>\n<p>La utilitzaci\u00f3 del Lloc Web atribueix la condici\u00f3 d&#8217;Usuari, i implica l&#8217;acceptaci\u00f3 plena i sense reserves de totes i cadascuna de les disposicions incloses en aquest Av\u00eds Legal, en la versi\u00f3 publicada per IDIBGI, en el mateix moment en qu\u00e8 l&#8217;Usuari accedeixi a la Web. En conseq\u00fc\u00e8ncia, l&#8217;usuari ha de llegir atentament el present Av\u00eds Legal en cadascuna de les ocasions en qu\u00e8 es proposi utilitzar la web, ja que pot sofrir modificacions.<\/p>\n<p><strong>INFORMACI\u00d3 SOBRE ELS VINCLES \u201cLINKS\u201d<\/strong><\/p>\n<p>IDIBGI no es fa responsable de les webs no pr\u00f2pies o de tercers, a les quals es pot accedir mitjan\u00e7ant vincles \u201clinks\u201d o de qualsevol contingut posat a disposici\u00f3 per tercers. Qualsevol \u00fas d&#8217;un vincle o acc\u00e9s a una Web no pr\u00f2pia \u00e9s realitzat per voluntat i risc exclusiu de l&#8217;usuari i IDIBGI no recomana ni garanteix cap informaci\u00f3 obtinguda a trav\u00e9s d&#8217;un vincle ali\u00e8 a la Web de thinkgut.eu, ni es responsabilitza de cap p\u00e8rdua, reclamaci\u00f3 o perjudici derivada de l&#8217;\u00fas o mal \u00fas d&#8217;un vincle, o de la informaci\u00f3 obtinguda a trav\u00e9s d&#8217;ell, incloent altres vincles o webs, de la interrupci\u00f3 en el servei o en l&#8217;acc\u00e9s, o de l&#8217;intent d\u2019\u00fas o mal \u00fas d\u2019un vincle, tant en connectar al lloc Web thinkgut.eu com a l\u2019accedir a la informaci\u00f3 d&#8217;altres webs des del mateix lloc Web.<\/p>\n<p><strong>REN\u00daNCIA I LIMITACI\u00d3 DE LA RESPONSABILITAT<\/strong><\/p>\n<p>La informaci\u00f3 i serveis inclosos o disponibles a trav\u00e9s de les p\u00e0gines web poden incloure incorreccions o errors tipogr\u00e0fics. De forma peri\u00f2dica s&#8217;incorporen canvis a la informaci\u00f3 continguda. IDIBGI pot introduir en qualsevol moment millores i\/o canvis en els serveis o continguts. Tamb\u00e9 s&#8217;adverteix que els continguts d&#8217;aquesta web, tenen la finalitat d\u2019informar i mantenir el contacte amb vost\u00e8, enviar-li informaci\u00f3 dels nostres serveis, segons el previst en el present av\u00eds legal i la resta de textos legals del present lloc web.<\/p>\n<p><strong>INFORMACI\u00d3 SOBRE L&#8217;EXEMPCI\u00d3 DE TOTA RESPONSABILITAT DERIVADA D&#8217;UNA FALLADA T\u00c8CNICA I DE CONTINGUT<\/strong><\/p>\n<p>IDIBGI declina qualsevol responsabilitat en cas que existeixin interrupcions o un mal funcionament dels serveis o continguts oferts a Internet, qualsevol que sigui la seva causa. Aix\u00ed mateix, IDIBGI no es fa responsable per caigudes de la xarxa, p\u00e8rdues de negoci a conseq\u00fc\u00e8ncia d&#8217;aquestes caigudes, suspensions temporals del fluid el\u00e8ctric o qualsevol altre tipus.<\/p>\n<p>IDIBGI no declara ni garanteix que els serveis o continguts no siguin interromputs o que estiguin lliures d&#8217;errors, que els defectes siguin corregits, o que el servei o el servidor que ho posa a disposici\u00f3 estiguin lliures de virus o altres components nocius, sense perjudici que IDIBGI realitza els seus millors esfor\u00e7os a evitar aquest tipus d&#8217;incidents. En cas que l&#8217;usuari prengu\u00e9s determinades decisions o realitz\u00e9s accions amb base a la informaci\u00f3 inclosa en qualsevol dels \u201cwebsites\u201d, es recomana la comprovaci\u00f3 de la informaci\u00f3 rebuda amb altres fonts.<\/p>\n<p><strong>PROPIETAT INTEL\u00b7LECTUAL I INDUSTRIAL, MARQUES REGISTRADES<\/strong><\/p>\n<p>L&#8217;estructura, disseny i forma de presentaci\u00f3 dels elements (gr\u00e0fics, imatges, fitxers logotips, combinacions de colors i qualsevol element susceptible de protecci\u00f3) estan protegits per drets de propietat intel\u00b7lectual, titularitat de IDIBGI. Estan prohibides la reproducci\u00f3, la transformaci\u00f3, distribuci\u00f3, comunicaci\u00f3 p\u00fablica, posada a la disposici\u00f3 del p\u00fablic i, en general qualsevol altra forma d&#8217;explotaci\u00f3, parcial o total dels elements referits en l&#8217;apartat anterior. Aquests actes d&#8217;explotaci\u00f3 nom\u00e9s podran ser realitzats en virtut d&#8217;autoritzaci\u00f3 expressa de IDIBGI i que, en tot cas, hauran de fer refer\u00e8ncia expl\u00edcita a la titularitat dels citats drets de propietat intel\u00b7lectual de IDIBGI. Nom\u00e9s est\u00e0 autoritzat per a l&#8217;\u00fas privat del material documental elaborat per IDIBGI. En cap cas, podr\u00e0 suprimir, alterar, eludir o manipular qualssevol dispositius de protecci\u00f3 o sistemes de seguretat que puguin estar instal\u00b7lats. Excepte autoritzaci\u00f3 expressa de IDIBGI, no es permet l&#8217;enlla\u00e7 a \u201cp\u00e0gines finals\u201d, el \u201cframe\u201d i qualsevol altra manipulaci\u00f3 similar. Els enlla\u00e7os han de ser sempre a la p\u00e0gina principal o \u201chome page\u201d thinkgut.eu. Els signes distintius (marques, noms comercials) de IDIBGI, estan protegits per drets de propietat industrial, quedant prohibida la utilitzaci\u00f3 o manipulaci\u00f3 de qualssevol d&#8217;aquests, excepte autoritzaci\u00f3 expressa i per escrit de IDIBGI.<\/p>\n<p><strong>NO COMPARTEIXI LA SEVA INFORMACI\u00d3 PERSONAL<\/strong><\/p>\n<p>IDIBGI mai li enviar\u00e0 un correu electr\u00f2nic ni li trucar\u00e0 per tel\u00e8fon per demanar-li que reveli o verifiqui la contrasenya del seu compte a IDIBGI, ni els seus n\u00fameros de compte bancari o targeta de cr\u00e8dit, ni cap altre tipus d&#8217;informaci\u00f3 personal. En cas que alg\u00fa es posi en contacte amb vost\u00e8 o de rebre un correu electr\u00f2nic no sol\u00b7licitat que li demani alguna de les dades anteriors, no respongui i comuniqui-ho immediatament a IDIBGI, perqu\u00e8 procedeixin a la investigaci\u00f3 de l&#8217;incident.<\/p>\n<p><strong>IDENTIFIQUI ELS CORREUS ELECTR\u00d2NICS FALSOS (intents de &#8216;spoofing&#8217; o &#8216;phishing&#8217;)<\/strong><\/p>\n<p>Ignori tot correu electr\u00f2nic que rebi en el qual se li sol\u00b7liciti informaci\u00f3 personal o que li redirigeixi a una altra p\u00e0gina web que no sigui propietat de IDIBGI, o de societats del seu grup, o en el qual se li demani que pagui en un mitj\u00e0 diferent de l\u2019autoritzat per IDIBGI, ja que podria ser un intent de suplantaci\u00f3 de personalitat (&#8216;spoofing&#8217; o &#8216;phishing&#8217;), i haur\u00e0 de considerar-ho fraudulent.<\/p>\n<p>IDIBGI utilitza el domini \u201cthinkgut.eu\u201d per els seus correus electr\u00f2nics. Si vost\u00e8 rep un correu electr\u00f2nic amb un format diferent, per exemple: idibgi.security@hotmail.com, pot estar segur que \u00e9s un correu fals. Alguns correus electr\u00f2nics que practiquen phishing contenen enlla\u00e7os a llocs web que utilitzen la paraula \u201cIDIBGI\u201d a la seva URL, per\u00f2 que li dirigiran a un lloc web completament diferent. Si despla\u00e7a el ratol\u00ed per sobre de l&#8217;enlla\u00e7, podr\u00e0 veure la URL associada, que probablement tindr\u00e0 un format diferent a les enlla\u00e7ades en els llocs web aut\u00e8ntics de IDIBGI.<\/p>\n<p>Si aix\u00ed i tot vost\u00e8 fa clic en un correu electr\u00f2nic que practica phishing i \u00e9s redirigit a una p\u00e0gina que s&#8217;assembli a &#8220;Al seu Compte&#8221; o a qualsevol que li demani verificar o modificar la seva informaci\u00f3 personal, ignori-la i consideri-la com a fraudulenta.<\/p>\n<p><strong>COMUNIQUI ELS INTENTS DE &#8216;phishing&#8217;<\/strong><\/p>\n<p>Envi\u00ef un correu electr\u00f2nic a l&#8217;adre\u00e7a fundacio@idibgi.org i adjunti el correu electr\u00f2nic que considera fals. En adjuntar-nos aquest correu electr\u00f2nic fraudulent, ens est\u00e0 ajudant a localitzar el seu origen. Si no pot adjuntar el correu electr\u00f2nic fals, reexpedeixi-ho a transparencia@idibgi.org i inclogui la major quantitat d&#8217;informaci\u00f3 possible sobre el mateix.<\/p>\n<p>[\/et_pb_text][\/et_pb_column][\/et_pb_row][\/et_pb_section][et_pb_section fb_built=&#8221;1&#8243; _builder_version=&#8221;4.4.9&#8243; background_color=&#8221;#003399&#8243; global_module=&#8221;186&#8243; saved_tabs=&#8221;all&#8221;][et_pb_row column_structure=&#8221;2_3,1_3&#8243; use_custom_gutter=&#8221;on&#8221; gutter_width=&#8221;2&#8243; _builder_version=&#8221;4.4.9&#8243; width=&#8221;90%&#8221; max_width=&#8221;2560px&#8221; custom_padding=&#8221;50px||50px||true|false&#8221;][et_pb_column type=&#8221;2_3&#8243; _builder_version=&#8221;4.4.9&#8243;][et_pb_text _builder_version=&#8221;4.5.3&#8243; text_text_color=&#8221;#f7f7f7&#8243; text_font_size=&#8221;13px&#8221; header_5_font=&#8221;|700|||||||&#8221; header_5_text_color=&#8221;#f7f7f7&#8243; custom_margin=&#8221;||50px||false|false&#8221;]<\/p>\n<p><img decoding=\"async\" class=\"poctefa\" src=\"https:\/\/thinkgut.eu\/wp-content\/uploads\/2020\/07\/Interreg-POCTEFA-ThinkGut-CMYK.png\" alt=\"\" style=\"padding: 0 20px 0px 0;\" width=\"300\" align=\"left\" \/><\/p>\n<h5>Fondo Europeo De Desarrollo Regional<\/h5>\n<p>El proyecto ThinkGut, cofinanciado al 65% por el Fondo Europeo de Desarrollo Regional (FEDER) a trav\u00e9s del Programa Interreg V-A Espa\u00f1a-Francia-Andorra (POCTEFA 2014-2020), cuenta con un presupuesto total de 1.3 millones de euros.<\/p>\n<p>[\/et_pb_text][et_pb_text _builder_version=&#8221;4.5.6&#8243; header_4_font=&#8221;|700|||||||&#8221; header_4_text_color=&#8221;#f7f7f7&#8243; custom_margin=&#8221;||||false|false&#8221; custom_padding=&#8221;20px||||false|false&#8221;]<H4>PARTNERS<\/H4><br \/>\n<img decoding=\"async\" class=\"alignnone wp-image-867 size-full\" src=\"https:\/\/thinkgut.eu\/wp-content\/uploads\/IDIBGI-log.jpg\" alt=\"\" style=\"padding-right: 20px; padding-top: 20px; float: left;\" width=\"180\" srcset=\"https:\/\/thinkgut.eu\/wp-content\/uploads\/IDIBGI-log.jpg 2200w, https:\/\/thinkgut.eu\/wp-content\/uploads\/IDIBGI-log-1280x756.jpg 1280w, https:\/\/thinkgut.eu\/wp-content\/uploads\/IDIBGI-log-980x579.jpg 980w, https:\/\/thinkgut.eu\/wp-content\/uploads\/IDIBGI-log-480x284.jpg 480w\" sizes=\"(min-width: 0px) and (max-width: 480px) 480px, (min-width: 481px) and (max-width: 980px) 980px, (min-width: 981px) and (max-width: 1280px) 1280px, (min-width: 1281px) 2200px, 100vw\" \/><img decoding=\"async\" class=\"alignnone wp-image-861 size-full\" style=\"padding-right: 20px; padding-top: 20px; float: left;\" src=\"https:\/\/thinkgut.eu\/wp-content\/uploads\/logo-inserm.jpg\" alt=\"\" width=\"180\" srcset=\"https:\/\/thinkgut.eu\/wp-content\/uploads\/logo-inserm.jpg 1100w, https:\/\/thinkgut.eu\/wp-content\/uploads\/logo-inserm-980x579.jpg 980w, https:\/\/thinkgut.eu\/wp-content\/uploads\/logo-inserm-480x284.jpg 480w\" sizes=\"(min-width: 0px) and (max-width: 480px) 480px, (min-width: 481px) and (max-width: 980px) 980px, (min-width: 981px) 1100px, 100vw\" \/><img decoding=\"async\" class=\"alignnone wp-image-864 size-full\" src=\"https:\/\/thinkgut.eu\/wp-content\/uploads\/ENTEROSYS.jpg\" alt=\"\" style=\"padding-right: 20px; padding-top: 20px; float: left;\" width=\"180\" srcset=\"https:\/\/thinkgut.eu\/wp-content\/uploads\/ENTEROSYS.jpg 2200w, https:\/\/thinkgut.eu\/wp-content\/uploads\/ENTEROSYS-1280x756.jpg 1280w, https:\/\/thinkgut.eu\/wp-content\/uploads\/ENTEROSYS-980x579.jpg 980w, https:\/\/thinkgut.eu\/wp-content\/uploads\/ENTEROSYS-480x284.jpg 480w\" sizes=\"(min-width: 0px) and (max-width: 480px) 480px, (min-width: 481px) and (max-width: 980px) 980px, (min-width: 981px) and (max-width: 1280px) 1280px, (min-width: 1281px) 2200px, 100vw\" \/>[\/et_pb_text][\/et_pb_column][et_pb_column type=&#8221;1_3&#8243; _builder_version=&#8221;4.4.9&#8243;][et_pb_text _builder_version=&#8221;4.4.9&#8243; link_text_color=&#8221;#f7f7f7&#8243; ul_text_color=&#8221;#ffcc00&#8243; header_4_font=&#8221;|700|||||||&#8221; header_4_text_color=&#8221;#f7f7f7&#8243;]<\/p>\n<h4>LINKS<\/h4>\n<ul>\n<li><a href=\"https:\/\/www.poctefa.eu\" target=\"_blank\" rel=\"noopener noreferrer\">POCTEFA <\/a><\/li>\n<li><a href=\"https:\/\/ec.europa.eu\/regional_policy\/es\/\" target=\"_blank\" rel=\"noopener noreferrer\">Regional Policy website of the European Union<\/a><\/li>\n<\/ul>\n<p>[\/et_pb_text][et_pb_text _builder_version=&#8221;4.4.9&#8243; header_text_align=&#8221;center&#8221; header_4_font=&#8221;|700|||||||&#8221; header_4_text_color=&#8221;#f7f7f7&#8243; text_orientation=&#8221;center&#8221; custom_margin=&#8221;0px||0px||true|false&#8221; custom_padding=&#8221;10px||10px||true|false&#8221;]<\/p>\n<h4 style=\"text-align: left;\">REDES SOCIALES<\/h4>\n<p>[\/et_pb_text][et_pb_social_media_follow _builder_version=&#8221;4.5.6&#8243; text_orientation=&#8221;left&#8221;][et_pb_social_media_follow_network social_network=&#8221;facebook&#8221; url=&#8221;https:\/\/www.facebook.com\/ThinkGut-103367838164953\/?modal=admin_todo_tour&#8221; _builder_version=&#8221;4.5.6&#8243; background_color=&#8221;#3b5998&#8243; follow_button=&#8221;off&#8221; url_new_window=&#8221;on&#8221;]facebook[\/et_pb_social_media_follow_network][et_pb_social_media_follow_network social_network=&#8221;twitter&#8221; url=&#8221;https:\/\/twitter.com\/thinkgut&#8221; _builder_version=&#8221;4.5.6&#8243; background_color=&#8221;#00aced&#8221; follow_button=&#8221;off&#8221; url_new_window=&#8221;on&#8221;]twitter[\/et_pb_social_media_follow_network][\/et_pb_social_media_follow][et_pb_text _builder_version=&#8221;4.4.9&#8243; link_text_color=&#8221;#f7f7f7&#8243; ul_text_color=&#8221;#ffcc00&#8243; header_4_font=&#8221;|700|||||||&#8221; header_4_text_color=&#8221;#f7f7f7&#8243;]<\/p>\n<h4>TEXTOS LEGALES<\/h4>\n<p><a href=\"https:\/\/thinkgut.eu\/ca\/avis-legal\/\">Aviso legal<\/a> \u00b7 <a href=\"https:\/\/thinkgut.eu\/politica-privacidad\/\">Pol\u00edtica de Privacidad<\/a> \u00b7 <a href=\"https:\/\/thinkgut.eu\/politica-cookies\/\">Cookies<\/a> \u00b7 <a href=\"https:\/\/ec.europa.eu\/regional_policy\/es\/\" target=\"_blank\" rel=\"noopener noreferrer\"><\/a>[\/et_pb_text][\/et_pb_column][\/et_pb_row][\/et_pb_section]<\/p>\n","protected":false},"excerpt":{"rendered":"<p>AV\u00cdS LEGAL &nbsp;DADES IDENTIFICATIVES DEL PRESTADOR DE SERVEIS DE LA SOCIETAT DE LA INFORMACI\u00d3 De conformitat amb l\u2019article 10 de la Llei 34\/2002, de 11 de juliol, de \u201cServicios de la Sociedad de la Informaci\u00f3n y Comercio Electr\u00f3nico (LSSI)\u201d, posem al seu coneixement la seg\u00fcent informaci\u00f3: INSTITUT D\u2019INVESTIGACI\u00d3 BIOM\u00c8DICA DE GIRONA DR. JOSEP TRUETA, [d\u2019ara [&hellip;]<\/p>\n","protected":false},"author":1,"featured_media":0,"parent":0,"menu_order":20,"comment_status":"closed","ping_status":"closed","template":"","meta":{"_et_pb_use_builder":"on","_et_pb_old_content":"","_et_gb_content_width":""},"yoast_head":"<!-- This site is optimized with the Yoast SEO plugin v20.5 - https:\/\/yoast.com\/wordpress\/plugins\/seo\/ -->\n<title>AVIS LEGAL - ThinkGut<\/title>\n<meta name=\"robots\" content=\"index, follow, max-snippet:-1, max-image-preview:large, max-video-preview:-1\" \/>\n<link rel=\"canonical\" href=\"https:\/\/thinkgut.eu\/ca\/avis-legal\/\" \/>\n<meta property=\"og:locale\" content=\"ca_ES\" \/>\n<meta property=\"og:type\" content=\"article\" \/>\n<meta property=\"og:title\" content=\"AVIS LEGAL - ThinkGut\" \/>\n<meta property=\"og:description\" content=\"AV\u00cdS LEGAL &nbsp;DADES IDENTIFICATIVES DEL PRESTADOR DE SERVEIS DE LA SOCIETAT DE LA INFORMACI\u00d3 De conformitat amb l\u2019article 10 de la Llei 34\/2002, de 11 de juliol, de \u201cServicios de la Sociedad de la Informaci\u00f3n y Comercio Electr\u00f3nico (LSSI)\u201d, posem al seu coneixement la seg\u00fcent informaci\u00f3: INSTITUT D\u2019INVESTIGACI\u00d3 BIOM\u00c8DICA DE GIRONA DR. JOSEP TRUETA, [d\u2019ara [&hellip;]\" \/>\n<meta property=\"og:url\" content=\"https:\/\/thinkgut.eu\/ca\/avis-legal\/\" \/>\n<meta property=\"og:site_name\" content=\"ThinkGut\" \/>\n<meta property=\"article:publisher\" content=\"https:\/\/www.facebook.com\/ThinkGut-103367838164953\/?modal=admin_todo_tour\" \/>\n<meta property=\"article:modified_time\" content=\"2020-11-02T11:32:06+00:00\" \/>\n<meta property=\"og:image\" content=\"https:\/\/thinkgut.eu\/wp-content\/uploads\/2020\/07\/Interreg-POCTEFA-ThinkGut-CMYK.png\" \/>\n<meta name=\"twitter:card\" content=\"summary_large_image\" \/>\n<meta name=\"twitter:site\" content=\"@thinkgut\" \/>\n<meta name=\"twitter:label1\" content=\"Temps estimat de lectura\" \/>\n\t<meta name=\"twitter:data1\" content=\"9 minuts\" \/>\n<script type=\"application\/ld+json\" class=\"yoast-schema-graph\">{\"@context\":\"https:\/\/schema.org\",\"@graph\":[{\"@type\":\"WebPage\",\"@id\":\"https:\/\/thinkgut.eu\/ca\/avis-legal\/\",\"url\":\"https:\/\/thinkgut.eu\/ca\/avis-legal\/\",\"name\":\"AVIS LEGAL - ThinkGut\",\"isPartOf\":{\"@id\":\"https:\/\/thinkgut.eu\/#website\"},\"datePublished\":\"2020-11-02T11:32:05+00:00\",\"dateModified\":\"2020-11-02T11:32:06+00:00\",\"breadcrumb\":{\"@id\":\"https:\/\/thinkgut.eu\/ca\/avis-legal\/#breadcrumb\"},\"inLanguage\":\"ca\",\"potentialAction\":[{\"@type\":\"ReadAction\",\"target\":[\"https:\/\/thinkgut.eu\/ca\/avis-legal\/\"]}]},{\"@type\":\"BreadcrumbList\",\"@id\":\"https:\/\/thinkgut.eu\/ca\/avis-legal\/#breadcrumb\",\"itemListElement\":[{\"@type\":\"ListItem\",\"position\":1,\"name\":\"Home\",\"item\":\"https:\/\/thinkgut.eu\/ca\/\"},{\"@type\":\"ListItem\",\"position\":2,\"name\":\"AVIS LEGAL\"}]},{\"@type\":\"WebSite\",\"@id\":\"https:\/\/thinkgut.eu\/#website\",\"url\":\"https:\/\/thinkgut.eu\/\",\"name\":\"ThinkGut\",\"description\":\"Previsi\u00f3 personalitzada de la cognici\u00f3 a trav\u00e9s de la microbiota humana\",\"publisher\":{\"@id\":\"https:\/\/thinkgut.eu\/#organization\"},\"potentialAction\":[{\"@type\":\"SearchAction\",\"target\":{\"@type\":\"EntryPoint\",\"urlTemplate\":\"https:\/\/thinkgut.eu\/?s={search_term_string}\"},\"query-input\":\"required name=search_term_string\"}],\"inLanguage\":\"ca\"},{\"@type\":\"Organization\",\"@id\":\"https:\/\/thinkgut.eu\/#organization\",\"name\":\"ThinkGut\",\"url\":\"https:\/\/thinkgut.eu\/\",\"logo\":{\"@type\":\"ImageObject\",\"inLanguage\":\"ca\",\"@id\":\"https:\/\/thinkgut.eu\/#\/schema\/logo\/image\/\",\"url\":\"https:\/\/thinkgut.eu\/wp-content\/uploads\/2020\/07\/Interreg-POCTEFA-ThinkGut-CMYK.png\",\"contentUrl\":\"https:\/\/thinkgut.eu\/wp-content\/uploads\/2020\/07\/Interreg-POCTEFA-ThinkGut-CMYK.png\",\"width\":921,\"height\":415,\"caption\":\"ThinkGut\"},\"image\":{\"@id\":\"https:\/\/thinkgut.eu\/#\/schema\/logo\/image\/\"},\"sameAs\":[\"https:\/\/www.facebook.com\/ThinkGut-103367838164953\/?modal=admin_todo_tour\",\"https:\/\/twitter.com\/thinkgut\"]}]}<\/script>\n<!-- \/ Yoast SEO plugin. -->","yoast_head_json":{"title":"AVIS LEGAL - ThinkGut","robots":{"index":"index","follow":"follow","max-snippet":"max-snippet:-1","max-image-preview":"max-image-preview:large","max-video-preview":"max-video-preview:-1"},"canonical":"https:\/\/thinkgut.eu\/ca\/avis-legal\/","og_locale":"ca_ES","og_type":"article","og_title":"AVIS LEGAL - ThinkGut","og_description":"AV\u00cdS LEGAL &nbsp;DADES IDENTIFICATIVES DEL PRESTADOR DE SERVEIS DE LA SOCIETAT DE LA INFORMACI\u00d3 De conformitat amb l\u2019article 10 de la Llei 34\/2002, de 11 de juliol, de \u201cServicios de la Sociedad de la Informaci\u00f3n y Comercio Electr\u00f3nico (LSSI)\u201d, posem al seu coneixement la seg\u00fcent informaci\u00f3: INSTITUT D\u2019INVESTIGACI\u00d3 BIOM\u00c8DICA DE GIRONA DR. JOSEP TRUETA, [d\u2019ara [&hellip;]","og_url":"https:\/\/thinkgut.eu\/ca\/avis-legal\/","og_site_name":"ThinkGut","article_publisher":"https:\/\/www.facebook.com\/ThinkGut-103367838164953\/?modal=admin_todo_tour","article_modified_time":"2020-11-02T11:32:06+00:00","og_image":[{"url":"https:\/\/thinkgut.eu\/wp-content\/uploads\/2020\/07\/Interreg-POCTEFA-ThinkGut-CMYK.png"}],"twitter_card":"summary_large_image","twitter_site":"@thinkgut","twitter_misc":{"Temps estimat de lectura":"9 minuts"},"schema":{"@context":"https:\/\/schema.org","@graph":[{"@type":"WebPage","@id":"https:\/\/thinkgut.eu\/ca\/avis-legal\/","url":"https:\/\/thinkgut.eu\/ca\/avis-legal\/","name":"AVIS LEGAL - ThinkGut","isPartOf":{"@id":"https:\/\/thinkgut.eu\/#website"},"datePublished":"2020-11-02T11:32:05+00:00","dateModified":"2020-11-02T11:32:06+00:00","breadcrumb":{"@id":"https:\/\/thinkgut.eu\/ca\/avis-legal\/#breadcrumb"},"inLanguage":"ca","potentialAction":[{"@type":"ReadAction","target":["https:\/\/thinkgut.eu\/ca\/avis-legal\/"]}]},{"@type":"BreadcrumbList","@id":"https:\/\/thinkgut.eu\/ca\/avis-legal\/#breadcrumb","itemListElement":[{"@type":"ListItem","position":1,"name":"Home","item":"https:\/\/thinkgut.eu\/ca\/"},{"@type":"ListItem","position":2,"name":"AVIS LEGAL"}]},{"@type":"WebSite","@id":"https:\/\/thinkgut.eu\/#website","url":"https:\/\/thinkgut.eu\/","name":"ThinkGut","description":"Previsi\u00f3 personalitzada de la cognici\u00f3 a trav\u00e9s de la microbiota humana","publisher":{"@id":"https:\/\/thinkgut.eu\/#organization"},"potentialAction":[{"@type":"SearchAction","target":{"@type":"EntryPoint","urlTemplate":"https:\/\/thinkgut.eu\/?s={search_term_string}"},"query-input":"required name=search_term_string"}],"inLanguage":"ca"},{"@type":"Organization","@id":"https:\/\/thinkgut.eu\/#organization","name":"ThinkGut","url":"https:\/\/thinkgut.eu\/","logo":{"@type":"ImageObject","inLanguage":"ca","@id":"https:\/\/thinkgut.eu\/#\/schema\/logo\/image\/","url":"https:\/\/thinkgut.eu\/wp-content\/uploads\/2020\/07\/Interreg-POCTEFA-ThinkGut-CMYK.png","contentUrl":"https:\/\/thinkgut.eu\/wp-content\/uploads\/2020\/07\/Interreg-POCTEFA-ThinkGut-CMYK.png","width":921,"height":415,"caption":"ThinkGut"},"image":{"@id":"https:\/\/thinkgut.eu\/#\/schema\/logo\/image\/"},"sameAs":["https:\/\/www.facebook.com\/ThinkGut-103367838164953\/?modal=admin_todo_tour","https:\/\/twitter.com\/thinkgut"]}]}},"_links":{"self":[{"href":"https:\/\/thinkgut.eu\/ca\/wp-json\/wp\/v2\/pages\/1083"}],"collection":[{"href":"https:\/\/thinkgut.eu\/ca\/wp-json\/wp\/v2\/pages"}],"about":[{"href":"https:\/\/thinkgut.eu\/ca\/wp-json\/wp\/v2\/types\/page"}],"author":[{"embeddable":true,"href":"https:\/\/thinkgut.eu\/ca\/wp-json\/wp\/v2\/users\/1"}],"replies":[{"embeddable":true,"href":"https:\/\/thinkgut.eu\/ca\/wp-json\/wp\/v2\/comments?post=1083"}],"version-history":[{"count":2,"href":"https:\/\/thinkgut.eu\/ca\/wp-json\/wp\/v2\/pages\/1083\/revisions"}],"predecessor-version":[{"id":1085,"href":"https:\/\/thinkgut.eu\/ca\/wp-json\/wp\/v2\/pages\/1083\/revisions\/1085"}],"wp:attachment":[{"href":"https:\/\/thinkgut.eu\/ca\/wp-json\/wp\/v2\/media?parent=1083"}],"curies":[{"name":"wp","href":"https:\/\/api.w.org\/{rel}","templated":true}]}}