{"id":1098,"date":"2020-11-02T12:24:07","date_gmt":"2020-11-02T12:24:07","guid":{"rendered":"https:\/\/thinkgut.eu\/politica-de-privacitat\/"},"modified":"2020-11-02T13:59:44","modified_gmt":"2020-11-02T13:59:44","slug":"politica-privacitat","status":"publish","type":"page","link":"https:\/\/thinkgut.eu\/ca\/politica-privacitat\/","title":{"rendered":"POL\u00cdTICA DE PRIVACITAT"},"content":{"rendered":"<p>[et_pb_section fb_built=&#8221;1&#8243; _builder_version=&#8221;4.4.9&#8243; background_color=&#8221;#f9f9f9&#8243; custom_margin=&#8221;0px||0px||true|false&#8221; custom_padding=&#8221;0px||0px||true|false&#8221;][et_pb_row use_custom_gutter=&#8221;on&#8221; gutter_width=&#8221;1&#8243; make_equal=&#8221;on&#8221; _builder_version=&#8221;4.5.6&#8243; background_enable_image=&#8221;off&#8221; max_width=&#8221;2560px&#8221; height_tablet=&#8221;600px&#8221; height_phone=&#8221;500px&#8221; height_last_edited=&#8221;on|phone&#8221; custom_margin=&#8221;150px|auto|150px|auto|true|false&#8221; custom_padding=&#8221;0px||0px||true|false&#8221; hover_enabled=&#8221;0&#8243;][et_pb_column type=&#8221;4_4&#8243; _builder_version=&#8221;4.4.9&#8243; background_enable_color=&#8221;off&#8221;][et_pb_text _builder_version=&#8221;4.5.6&#8243; header_font=&#8221;|700|||||||&#8221; hover_enabled=&#8221;0&#8243;]<\/p>\n<h1>POL\u00cdTICA DE PRIVACITAT<\/h1>\n<p>&nbsp;<\/p>\n<p>[\/et_pb_text][et_pb_text _builder_version=&#8221;4.5.6&#8243; hover_enabled=&#8221;0&#8243;]<\/p>\n<p><strong>RESPONSABLE <\/strong><\/p>\n<p>De conformitat amb all\u00f2 que estableix el<strong> Reglament General (UE) 2016\/679 de Protecci\u00f3 de dades i la Llei Org\u00e0nica 3\/2018 de Protecci\u00f3 de dades personals i garantia dels drets digitals<\/strong>, li informem que les dades personals facilitades a trav\u00e9s dels formularis, aix\u00ed com la seva adre\u00e7a de correu electr\u00f2nic, han estat incloses a un tractament titularitat de <strong>INSTITUT D\u2019INVESTIGACI\u00d3 BIOM\u00c8DICA DE GIRONA DR. JOSEP TRUETA<\/strong>, [d\u2019ara endavant IDIBGI], amb domicili social a la C\/DR. CASTANY, S\/N EDIFICI M2-PARC HOSPITALARI SANT JULI\u00c0 DE SALT- 17190 SALT (GIRONA), NIF G17432592, Inscrita al Registre de Fundacions N\u00ba929, \u00e9s l\u2019encarregada de la gesti\u00f3 i funcionament del lloc Web esmentat anteriorment.<\/p>\n<p>E-mail <strong><a href=\"mailto:fundacio@idibgi.org\">fundacio@idibgi.org<\/a><\/strong>, con el fin de atender sus consultas y el env\u00edo de informaci\u00f3n amb la finalitat d\u2019atendre les seves consultes i enviament d\u2019informaci\u00f3 relacionada amb els serveis que ofereix <strong>IDIBGI.<\/strong><\/p>\n<p>S\u2019informa que les dades poden ser tractades amb la finalitat de facilitar informaci\u00f3 dels nostres productes i\/o serveis per mitjans electr\u00f2nics. Les seves dades podran ser objecte de la elaboraci\u00f3 de perfils, amb la finalitat d\u2019aplicar un pla de fidelitzaci\u00f3 d\u2019acord a la vinculaci\u00f3 comercial del client i oferir ofertes que siguin adequades a les seves prefer\u00e8ncies. Si b\u00e9 podr\u00e0 en qualsevol moment oposar-se a aquest tipus d\u2019enviaments, enviant un correu electr\u00f2nic a l\u2019adre\u00e7a <strong><a href=\"mailto:fundacio@idibgi.org\">fundacio@idibgi.org<\/a><\/strong> indicant a l&#8217;assumpte &#8220;<strong>BAIXA DE LA LLISTA DE DISTRIBUCI\u00d3<\/strong>&#8220;.<\/p>\n<p>Aix\u00ed mateix, podr\u00e0 exercir els seus drets d\u2019acc\u00e9s, rectificaci\u00f3, supressi\u00f3, oposici\u00f3, portabilitat i limitaci\u00f3, enviant un escrit acompanyat d\u2019una fotoc\u00f2pia del D.N.I a la seg\u00fcent adre\u00e7a : C\/DR. CASTANY, S\/N EDIFICI M2-PARC HOSPITALARI SANT JULI\u00c0 DE SALT- 17190 SALT (GIRONA) o b\u00e9 enviant-ho per correu electr\u00f2nic a <strong><a href=\"mailto:transparencia@idibgi.org\">transparencia@idibgi.org<\/a><\/strong>i acompanyada d&#8217;una fotoc\u00f2pia del seu DNI o document acreditatiu equivalent i indicant a l&#8217;assumpte &#8220;<strong>PROTECCI\u00d3 DE DADES<\/strong>&#8220;.<\/p>\n<p><strong>POL\u00cdTICA<\/strong><\/p>\n<p><strong>IDIBGI<\/strong> est\u00e0 especialment sensibilitzada en la protecci\u00f3 de les dades dels usuaris dels serveis als quals s&#8217;accedeix a trav\u00e9s del lloc Web. Mitjan\u00e7ant la present Pol\u00edtica de Privacitat s\u2019informa als usuaris de thinkgut.eu del tractament i usos als quals se sotmeten les dades personals que es recapten en la web mitjan\u00e7ant la informaci\u00f3 addicional, amb la finalitat de que decideixin, lliure i volunt\u00e0riament, si desitgen facilitar la informaci\u00f3 sol\u00b7licitada.<\/p>\n<p><strong>MESURES DE SEGURETAT<\/strong><\/p>\n<p>Finalment s&#8217;informa que IDIBGI, ha adoptat en el sistema d&#8217;informaci\u00f3 les mesures t\u00e8cniques i organitzatives adequades, a fi de garantir la seguretat i confidencialitat de les dades emmagatzemades, evitant aix\u00ed, la seva alteraci\u00f3, p\u00e8rdua, tractament o acc\u00e9s no autoritzat; tenint en compte l&#8217;estat de la t\u00e8cnica, els costos d&#8217;aplicaci\u00f3, i la naturalesa, l&#8217;abast, el context i les finalitats del tractament, aix\u00ed com riscos de probabilitat i gravetat variables associades a cadascun dels tractaments.<\/p>\n<p><strong>DRETS DELS USUARIS<\/strong><\/p>\n<p>L&#8217;interessat de les dades personals en tot cas podr\u00e0 exercitar els drets que li assisteixen, d&#8217;acord amb el Reglament General de Protecci\u00f3 de Dades i del Llei Org\u00e0nica 3\/2018 de Protecci\u00f3 de dades personals i garantia dels drets digitals, i que s\u00f3n:<\/p>\n<p><strong>A<\/strong>.- El dret d<strong>&#8216;acc\u00e9s<\/strong>, a exercitar amb periodicitat anual, excepte inter\u00e8s leg\u00edtim acreditat. En exercitar el dret d&#8217;acc\u00e9s, l&#8217;interessat podr\u00e0 optar pels seg\u00fcents sistemes de consulta del fitxer:<\/p>\n<ul class=\"llista\">\n<li>l&#8217;enviament d&#8217;un correu electr\u00f2nic a: <strong><a href=\"mailto:transparencia@idibgi.org\">transparencia@idibgi.org<\/a><\/strong><\/li>\n<li>comunicaci\u00f3 per escrit dirigida a: <strong>IdIBGi, C\/ DR. CASTANY, S\/N EDIFICIO M2 PARC HOSPITALARI MART\u00cd I JULI\u00c0 DE SALT &#8211; 17190 SALT (GIRONA)<\/strong><\/li>\n<\/ul>\n<p><strong>IDIBGI<\/strong>, procedir\u00e0 a notificar la seva decisi\u00f3 en el termini d&#8217;un mes. Si fos en sentit afirmatiu, l&#8217;interessat podr\u00e0 accedir a la referida informaci\u00f3 en el termini dels 10 dies seg\u00fcents a la seva notificaci\u00f3.<\/p>\n<p><strong>B<\/strong>.- Els drets de <strong>rectificaci\u00f3 i supressi\u00f3<\/strong> podran ser exercitats, conformement a les seg\u00fcents previsions, sempre que l&#8217;interessat consideri que les dades recollides en els nostres tractaments s\u00f3n inexactes, incomplets, inadequats o excessius. En aquest cas, podr\u00e0 exercitar-los a trav\u00e9s d&#8217;algun dels mitjans anteriorment previstos.<br \/><strong>IDIBGI<\/strong>, procedir\u00e0 a la rectificaci\u00f3 o supressi\u00f3 dins dels 10 dies seg\u00fcents al de la recepci\u00f3 de la sol\u00b7licitud\/p&gt;<\/p>\n<p><strong>C<\/strong>.- El dret d<strong>\u2019oposici\u00f3<\/strong> podr\u00e0 ser exercitat, conformement a les seg\u00fcents previsions, sempre que l\u2019interessat vulgui oposar-se al tractament de les seves dades personals tant per si les dades es tracten l\u00edcitament com per inter\u00e8s leg\u00edtim o consentiment relatiu per finalitats publicit\u00e0ries.<\/p>\n<p><strong>D<\/strong>.- El dret de <strong>portabilitat<\/strong> podr\u00e0 ser exercitat, conformement a les seg\u00fcents previsions, sempre que l&#8217;interessat consideri que les dades recollides en els nostres tractaments, has de ser retornades al titular de les dades, o b\u00e9 a un altre tercer (Encarregat de tractament).<\/p>\n<p><strong>E<\/strong>.- El dret de<strong> limitaci\u00f3 del tractament<\/strong> podr\u00e0 ser exercitat, pr\u00e8viament el dret d\u2019oposici\u00f3 al tractament de les seves dades, i que mentre no es resolgui el Dret d\u2019oposici\u00f3, es limiti el tractament de les mateixes.<\/p>\n<p><strong>CANVI DE NORMATIVA<\/strong><\/p>\n<p><strong>IDIBGI<\/strong>, es reserva el dret de modificar la present pol\u00edtica amb l&#8217;objecte d&#8217;adaptar-la a les novetats legislatives o jurisprudencials.. Tals canvis seran comunicats amb l&#8217;antelaci\u00f3 que sigui necess\u00e0ria a la nostra p\u00e0gina Web, sense perjudici de reclamar el consentiment necessari dels afectats quan aquest no es consider\u00e9s atorgat conformement als termes de la present pol\u00edtica.<\/p>\n<p>Qualsevol dubte, pregunta o comentaris que pogu\u00e9s albergar amb refer\u00e8ncia a la present normativa, no dubti a consultar-les dirigint la seva comunicaci\u00f3 sobre aquest tema a: <strong><a href=\"mailto:fundacio@idibgi.org\">fundacio@idibgi.org<\/a><\/strong><\/p>\n<p>[\/et_pb_text][\/et_pb_column][\/et_pb_row][\/et_pb_section][et_pb_section fb_built=&#8221;1&#8243; _builder_version=&#8221;4.4.9&#8243; background_color=&#8221;#003399&#8243; global_module=&#8221;186&#8243; saved_tabs=&#8221;all&#8221;][et_pb_row column_structure=&#8221;2_3,1_3&#8243; use_custom_gutter=&#8221;on&#8221; gutter_width=&#8221;2&#8243; _builder_version=&#8221;4.4.9&#8243; width=&#8221;90%&#8221; max_width=&#8221;2560px&#8221; custom_padding=&#8221;50px||50px||true|false&#8221;][et_pb_column type=&#8221;2_3&#8243; _builder_version=&#8221;4.4.9&#8243;][et_pb_text _builder_version=&#8221;4.5.3&#8243; text_text_color=&#8221;#f7f7f7&#8243; text_font_size=&#8221;13px&#8221; header_5_font=&#8221;|700|||||||&#8221; header_5_text_color=&#8221;#f7f7f7&#8243; custom_margin=&#8221;||50px||false|false&#8221;]<\/p>\n<p><img decoding=\"async\" class=\"poctefa\" style=\"padding: 0 20px 0px 0;\" src=\"https:\/\/thinkgut.eu\/wp-content\/uploads\/2020\/07\/Interreg-POCTEFA-ThinkGut-CMYK.png\" alt=\"\" width=\"300\" align=\"left\" \/><\/p>\n<h5>Fondo Europeo De Desarrollo Regional<\/h5>\n<p>El proyecto ThinkGut, cofinanciado al 65% por el Fondo Europeo de Desarrollo Regional (FEDER) a trav\u00e9s del Programa Interreg V-A Espa\u00f1a-Francia-Andorra (POCTEFA 2014-2020), cuenta con un presupuesto total de 1.3 millones de euros.<\/p>\n<p>[\/et_pb_text][et_pb_text _builder_version=&#8221;4.5.6&#8243; header_4_font=&#8221;|700|||||||&#8221; header_4_text_color=&#8221;#f7f7f7&#8243; custom_margin=&#8221;||||false|false&#8221; custom_padding=&#8221;20px||||false|false&#8221;]<\/p>\n<h4>PARTNERS<\/h4>\n<p><img decoding=\"async\" class=\"alignnone wp-image-867 size-full\" style=\"padding-right: 20px; padding-top: 20px; float: left;\" src=\"https:\/\/thinkgut.eu\/wp-content\/uploads\/IDIBGI-log.jpg\" alt=\"\" width=\"180\" srcset=\"https:\/\/thinkgut.eu\/wp-content\/uploads\/IDIBGI-log.jpg 2200w, https:\/\/thinkgut.eu\/wp-content\/uploads\/IDIBGI-log-1280x756.jpg 1280w, https:\/\/thinkgut.eu\/wp-content\/uploads\/IDIBGI-log-980x579.jpg 980w, https:\/\/thinkgut.eu\/wp-content\/uploads\/IDIBGI-log-480x284.jpg 480w\" sizes=\"(min-width: 0px) and (max-width: 480px) 480px, (min-width: 481px) and (max-width: 980px) 980px, (min-width: 981px) and (max-width: 1280px) 1280px, (min-width: 1281px) 2200px, 100vw\" \/><img decoding=\"async\" class=\"alignnone wp-image-861 size-full\" style=\"padding-right: 20px; padding-top: 20px; float: left;\" src=\"https:\/\/thinkgut.eu\/wp-content\/uploads\/logo-inserm.jpg\" alt=\"\" width=\"180\" srcset=\"https:\/\/thinkgut.eu\/wp-content\/uploads\/logo-inserm.jpg 1100w, https:\/\/thinkgut.eu\/wp-content\/uploads\/logo-inserm-980x579.jpg 980w, https:\/\/thinkgut.eu\/wp-content\/uploads\/logo-inserm-480x284.jpg 480w\" sizes=\"(min-width: 0px) and (max-width: 480px) 480px, (min-width: 481px) and (max-width: 980px) 980px, (min-width: 981px) 1100px, 100vw\" \/><img decoding=\"async\" class=\"alignnone wp-image-864 size-full\" style=\"padding-right: 20px; padding-top: 20px; float: left;\" src=\"https:\/\/thinkgut.eu\/wp-content\/uploads\/ENTEROSYS.jpg\" alt=\"\" width=\"180\" srcset=\"https:\/\/thinkgut.eu\/wp-content\/uploads\/ENTEROSYS.jpg 2200w, https:\/\/thinkgut.eu\/wp-content\/uploads\/ENTEROSYS-1280x756.jpg 1280w, https:\/\/thinkgut.eu\/wp-content\/uploads\/ENTEROSYS-980x579.jpg 980w, https:\/\/thinkgut.eu\/wp-content\/uploads\/ENTEROSYS-480x284.jpg 480w\" sizes=\"(min-width: 0px) and (max-width: 480px) 480px, (min-width: 481px) and (max-width: 980px) 980px, (min-width: 981px) and (max-width: 1280px) 1280px, (min-width: 1281px) 2200px, 100vw\" \/><\/p>\n<p>[\/et_pb_text][\/et_pb_column][et_pb_column type=&#8221;1_3&#8243; _builder_version=&#8221;4.4.9&#8243;][et_pb_text _builder_version=&#8221;4.4.9&#8243; link_text_color=&#8221;#f7f7f7&#8243; ul_text_color=&#8221;#ffcc00&#8243; header_4_font=&#8221;|700|||||||&#8221; header_4_text_color=&#8221;#f7f7f7&#8243;]<\/p>\n<h4>LINKS<\/h4>\n<ul>\n<li><a href=\"https:\/\/www.poctefa.eu\" target=\"_blank\" rel=\"noopener noreferrer\">POCTEFA <\/a><\/li>\n<li><a href=\"https:\/\/ec.europa.eu\/regional_policy\/es\/\" target=\"_blank\" rel=\"noopener noreferrer\">Regional Policy website of the European Union<\/a><\/li>\n<\/ul>\n<p>[\/et_pb_text][et_pb_text _builder_version=&#8221;4.4.9&#8243; header_text_align=&#8221;center&#8221; header_4_font=&#8221;|700|||||||&#8221; header_4_text_color=&#8221;#f7f7f7&#8243; text_orientation=&#8221;center&#8221; custom_margin=&#8221;0px||0px||true|false&#8221; custom_padding=&#8221;10px||10px||true|false&#8221;]<\/p>\n<h4 style=\"text-align: left;\">REDES SOCIALES<\/h4>\n<p>[\/et_pb_text][et_pb_social_media_follow _builder_version=&#8221;4.5.6&#8243; text_orientation=&#8221;left&#8221;][et_pb_social_media_follow_network social_network=&#8221;facebook&#8221; url=&#8221;https:\/\/www.facebook.com\/ThinkGut-103367838164953\/?modal=admin_todo_tour&#8221; _builder_version=&#8221;4.5.6&#8243; background_color=&#8221;#3b5998&#8243; follow_button=&#8221;off&#8221; url_new_window=&#8221;on&#8221;]facebook[\/et_pb_social_media_follow_network][et_pb_social_media_follow_network social_network=&#8221;twitter&#8221; url=&#8221;https:\/\/twitter.com\/thinkgut&#8221; _builder_version=&#8221;4.5.6&#8243; background_color=&#8221;#00aced&#8221; follow_button=&#8221;off&#8221; url_new_window=&#8221;on&#8221;]twitter[\/et_pb_social_media_follow_network][\/et_pb_social_media_follow][et_pb_text _builder_version=&#8221;4.4.9&#8243; link_text_color=&#8221;#f7f7f7&#8243; ul_text_color=&#8221;#ffcc00&#8243; header_4_font=&#8221;|700|||||||&#8221; header_4_text_color=&#8221;#f7f7f7&#8243;]<\/p>\n<h4>TEXTOS LEGALES<\/h4>\n<p><a href=\"https:\/\/thinkgut.eu\/ca\/avis-legal\/\">Aviso legal<\/a> \u00b7 <a href=\"https:\/\/thinkgut.eu\/ca\/politica-de-privacitat\/\">Pol\u00edtica de Privacidad<\/a> \u00b7 <a href=\"https:\/\/thinkgut.eu\/politica-cookies\/\">Cookies<\/a> \u00b7<\/p>\n<p>[\/et_pb_text][\/et_pb_column][\/et_pb_row][\/et_pb_section]<\/p>\n","protected":false},"excerpt":{"rendered":"<p>POL\u00cdTICA DE PRIVACITAT &nbsp;RESPONSABLE De conformitat amb all\u00f2 que estableix el Reglament General (UE) 2016\/679 de Protecci\u00f3 de dades i la Llei Org\u00e0nica 3\/2018 de Protecci\u00f3 de dades personals i garantia dels drets digitals, li informem que les dades personals facilitades a trav\u00e9s dels formularis, aix\u00ed com la seva adre\u00e7a de correu electr\u00f2nic, han estat [&hellip;]<\/p>\n","protected":false},"author":1,"featured_media":0,"parent":0,"menu_order":21,"comment_status":"closed","ping_status":"closed","template":"","meta":{"_et_pb_use_builder":"on","_et_pb_old_content":"","_et_gb_content_width":""},"yoast_head":"<!-- This site is optimized with the Yoast SEO plugin v20.5 - https:\/\/yoast.com\/wordpress\/plugins\/seo\/ -->\n<title>POL\u00cdTICA DE PRIVACITAT - ThinkGut<\/title>\n<meta name=\"robots\" content=\"index, follow, max-snippet:-1, max-image-preview:large, max-video-preview:-1\" \/>\n<link rel=\"canonical\" href=\"https:\/\/thinkgut.eu\/ca\/politica-privacitat\/\" \/>\n<meta property=\"og:locale\" content=\"ca_ES\" \/>\n<meta property=\"og:type\" content=\"article\" \/>\n<meta property=\"og:title\" content=\"POL\u00cdTICA DE PRIVACITAT - ThinkGut\" \/>\n<meta property=\"og:description\" content=\"POL\u00cdTICA DE PRIVACITAT &nbsp;RESPONSABLE De conformitat amb all\u00f2 que estableix el Reglament General (UE) 2016\/679 de Protecci\u00f3 de dades i la Llei Org\u00e0nica 3\/2018 de Protecci\u00f3 de dades personals i garantia dels drets digitals, li informem que les dades personals facilitades a trav\u00e9s dels formularis, aix\u00ed com la seva adre\u00e7a de correu electr\u00f2nic, han estat [&hellip;]\" \/>\n<meta property=\"og:url\" content=\"https:\/\/thinkgut.eu\/ca\/politica-privacitat\/\" \/>\n<meta property=\"og:site_name\" content=\"ThinkGut\" \/>\n<meta property=\"article:publisher\" content=\"https:\/\/www.facebook.com\/ThinkGut-103367838164953\/?modal=admin_todo_tour\" \/>\n<meta property=\"article:modified_time\" content=\"2020-11-02T13:59:44+00:00\" \/>\n<meta property=\"og:image\" content=\"https:\/\/thinkgut.eu\/wp-content\/uploads\/2020\/07\/Interreg-POCTEFA-ThinkGut-CMYK.png\" \/>\n<meta name=\"twitter:card\" content=\"summary_large_image\" \/>\n<meta name=\"twitter:site\" content=\"@thinkgut\" \/>\n<meta name=\"twitter:label1\" content=\"Temps estimat de lectura\" \/>\n\t<meta name=\"twitter:data1\" content=\"7 minuts\" \/>\n<script type=\"application\/ld+json\" class=\"yoast-schema-graph\">{\"@context\":\"https:\/\/schema.org\",\"@graph\":[{\"@type\":\"WebPage\",\"@id\":\"https:\/\/thinkgut.eu\/ca\/politica-privacitat\/\",\"url\":\"https:\/\/thinkgut.eu\/ca\/politica-privacitat\/\",\"name\":\"POL\u00cdTICA DE PRIVACITAT - ThinkGut\",\"isPartOf\":{\"@id\":\"https:\/\/thinkgut.eu\/#website\"},\"datePublished\":\"2020-11-02T12:24:07+00:00\",\"dateModified\":\"2020-11-02T13:59:44+00:00\",\"breadcrumb\":{\"@id\":\"https:\/\/thinkgut.eu\/ca\/politica-privacitat\/#breadcrumb\"},\"inLanguage\":\"ca\",\"potentialAction\":[{\"@type\":\"ReadAction\",\"target\":[\"https:\/\/thinkgut.eu\/ca\/politica-privacitat\/\"]}]},{\"@type\":\"BreadcrumbList\",\"@id\":\"https:\/\/thinkgut.eu\/ca\/politica-privacitat\/#breadcrumb\",\"itemListElement\":[{\"@type\":\"ListItem\",\"position\":1,\"name\":\"Home\",\"item\":\"https:\/\/thinkgut.eu\/ca\/\"},{\"@type\":\"ListItem\",\"position\":2,\"name\":\"POL\u00cdTICA DE PRIVACITAT\"}]},{\"@type\":\"WebSite\",\"@id\":\"https:\/\/thinkgut.eu\/#website\",\"url\":\"https:\/\/thinkgut.eu\/\",\"name\":\"ThinkGut\",\"description\":\"Previsi\u00f3 personalitzada de la cognici\u00f3 a trav\u00e9s de la microbiota humana\",\"publisher\":{\"@id\":\"https:\/\/thinkgut.eu\/#organization\"},\"potentialAction\":[{\"@type\":\"SearchAction\",\"target\":{\"@type\":\"EntryPoint\",\"urlTemplate\":\"https:\/\/thinkgut.eu\/?s={search_term_string}\"},\"query-input\":\"required name=search_term_string\"}],\"inLanguage\":\"ca\"},{\"@type\":\"Organization\",\"@id\":\"https:\/\/thinkgut.eu\/#organization\",\"name\":\"ThinkGut\",\"url\":\"https:\/\/thinkgut.eu\/\",\"logo\":{\"@type\":\"ImageObject\",\"inLanguage\":\"ca\",\"@id\":\"https:\/\/thinkgut.eu\/#\/schema\/logo\/image\/\",\"url\":\"https:\/\/thinkgut.eu\/wp-content\/uploads\/2020\/07\/Interreg-POCTEFA-ThinkGut-CMYK.png\",\"contentUrl\":\"https:\/\/thinkgut.eu\/wp-content\/uploads\/2020\/07\/Interreg-POCTEFA-ThinkGut-CMYK.png\",\"width\":921,\"height\":415,\"caption\":\"ThinkGut\"},\"image\":{\"@id\":\"https:\/\/thinkgut.eu\/#\/schema\/logo\/image\/\"},\"sameAs\":[\"https:\/\/www.facebook.com\/ThinkGut-103367838164953\/?modal=admin_todo_tour\",\"https:\/\/twitter.com\/thinkgut\"]}]}<\/script>\n<!-- \/ Yoast SEO plugin. -->","yoast_head_json":{"title":"POL\u00cdTICA DE PRIVACITAT - ThinkGut","robots":{"index":"index","follow":"follow","max-snippet":"max-snippet:-1","max-image-preview":"max-image-preview:large","max-video-preview":"max-video-preview:-1"},"canonical":"https:\/\/thinkgut.eu\/ca\/politica-privacitat\/","og_locale":"ca_ES","og_type":"article","og_title":"POL\u00cdTICA DE PRIVACITAT - ThinkGut","og_description":"POL\u00cdTICA DE PRIVACITAT &nbsp;RESPONSABLE De conformitat amb all\u00f2 que estableix el Reglament General (UE) 2016\/679 de Protecci\u00f3 de dades i la Llei Org\u00e0nica 3\/2018 de Protecci\u00f3 de dades personals i garantia dels drets digitals, li informem que les dades personals facilitades a trav\u00e9s dels formularis, aix\u00ed com la seva adre\u00e7a de correu electr\u00f2nic, han estat [&hellip;]","og_url":"https:\/\/thinkgut.eu\/ca\/politica-privacitat\/","og_site_name":"ThinkGut","article_publisher":"https:\/\/www.facebook.com\/ThinkGut-103367838164953\/?modal=admin_todo_tour","article_modified_time":"2020-11-02T13:59:44+00:00","og_image":[{"url":"https:\/\/thinkgut.eu\/wp-content\/uploads\/2020\/07\/Interreg-POCTEFA-ThinkGut-CMYK.png"}],"twitter_card":"summary_large_image","twitter_site":"@thinkgut","twitter_misc":{"Temps estimat de lectura":"7 minuts"},"schema":{"@context":"https:\/\/schema.org","@graph":[{"@type":"WebPage","@id":"https:\/\/thinkgut.eu\/ca\/politica-privacitat\/","url":"https:\/\/thinkgut.eu\/ca\/politica-privacitat\/","name":"POL\u00cdTICA DE PRIVACITAT - ThinkGut","isPartOf":{"@id":"https:\/\/thinkgut.eu\/#website"},"datePublished":"2020-11-02T12:24:07+00:00","dateModified":"2020-11-02T13:59:44+00:00","breadcrumb":{"@id":"https:\/\/thinkgut.eu\/ca\/politica-privacitat\/#breadcrumb"},"inLanguage":"ca","potentialAction":[{"@type":"ReadAction","target":["https:\/\/thinkgut.eu\/ca\/politica-privacitat\/"]}]},{"@type":"BreadcrumbList","@id":"https:\/\/thinkgut.eu\/ca\/politica-privacitat\/#breadcrumb","itemListElement":[{"@type":"ListItem","position":1,"name":"Home","item":"https:\/\/thinkgut.eu\/ca\/"},{"@type":"ListItem","position":2,"name":"POL\u00cdTICA DE PRIVACITAT"}]},{"@type":"WebSite","@id":"https:\/\/thinkgut.eu\/#website","url":"https:\/\/thinkgut.eu\/","name":"ThinkGut","description":"Previsi\u00f3 personalitzada de la cognici\u00f3 a trav\u00e9s de la microbiota humana","publisher":{"@id":"https:\/\/thinkgut.eu\/#organization"},"potentialAction":[{"@type":"SearchAction","target":{"@type":"EntryPoint","urlTemplate":"https:\/\/thinkgut.eu\/?s={search_term_string}"},"query-input":"required name=search_term_string"}],"inLanguage":"ca"},{"@type":"Organization","@id":"https:\/\/thinkgut.eu\/#organization","name":"ThinkGut","url":"https:\/\/thinkgut.eu\/","logo":{"@type":"ImageObject","inLanguage":"ca","@id":"https:\/\/thinkgut.eu\/#\/schema\/logo\/image\/","url":"https:\/\/thinkgut.eu\/wp-content\/uploads\/2020\/07\/Interreg-POCTEFA-ThinkGut-CMYK.png","contentUrl":"https:\/\/thinkgut.eu\/wp-content\/uploads\/2020\/07\/Interreg-POCTEFA-ThinkGut-CMYK.png","width":921,"height":415,"caption":"ThinkGut"},"image":{"@id":"https:\/\/thinkgut.eu\/#\/schema\/logo\/image\/"},"sameAs":["https:\/\/www.facebook.com\/ThinkGut-103367838164953\/?modal=admin_todo_tour","https:\/\/twitter.com\/thinkgut"]}]}},"_links":{"self":[{"href":"https:\/\/thinkgut.eu\/ca\/wp-json\/wp\/v2\/pages\/1098"}],"collection":[{"href":"https:\/\/thinkgut.eu\/ca\/wp-json\/wp\/v2\/pages"}],"about":[{"href":"https:\/\/thinkgut.eu\/ca\/wp-json\/wp\/v2\/types\/page"}],"author":[{"embeddable":true,"href":"https:\/\/thinkgut.eu\/ca\/wp-json\/wp\/v2\/users\/1"}],"replies":[{"embeddable":true,"href":"https:\/\/thinkgut.eu\/ca\/wp-json\/wp\/v2\/comments?post=1098"}],"version-history":[{"count":2,"href":"https:\/\/thinkgut.eu\/ca\/wp-json\/wp\/v2\/pages\/1098\/revisions"}],"predecessor-version":[{"id":1100,"href":"https:\/\/thinkgut.eu\/ca\/wp-json\/wp\/v2\/pages\/1098\/revisions\/1100"}],"wp:attachment":[{"href":"https:\/\/thinkgut.eu\/ca\/wp-json\/wp\/v2\/media?parent=1098"}],"curies":[{"name":"wp","href":"https:\/\/api.w.org\/{rel}","templated":true}]}}