{"id":1125,"date":"2020-11-02T14:12:49","date_gmt":"2020-11-02T14:12:49","guid":{"rendered":"https:\/\/thinkgut.eu\/contacte\/"},"modified":"2020-11-02T14:19:28","modified_gmt":"2020-11-02T14:19:28","slug":"contacte","status":"publish","type":"page","link":"https:\/\/thinkgut.eu\/ca\/contacte\/","title":{"rendered":"CONTACTE"},"content":{"rendered":"<p>[et_pb_section fb_built=&#8221;1&#8243; _builder_version=&#8221;4.5.3&#8243; _module_preset=&#8221;default&#8221;][et_pb_row _builder_version=&#8221;4.5.3&#8243; _module_preset=&#8221;default&#8221; custom_padding=&#8221;75px||75px||true|false&#8221;][et_pb_column type=&#8221;4_4&#8243; _builder_version=&#8221;4.5.3&#8243; _module_preset=&#8221;default&#8221;][et_pb_text _builder_version=&#8221;4.5.6&#8243; _module_preset=&#8221;default&#8221; text_text_color=&#8221;#003399&#8243; header_font=&#8221;|700|||||||&#8221; header_text_color=&#8221;#ffcc00&#8243; header_2_font=&#8221;|700|||||||&#8221;]<\/p>\n<h1>Contacta amb l&#8217;equip de ThinkGut<\/h1>\n<p>[\/et_pb_text][et_pb_contact_form email=&#8221;thinkgut@idibgi.org&#8221; custom_message=&#8221;MENSAJE RECIBIDO DE LA P\u00c1GINA DE CONTACTO DE THINKGUT.EU||et_pb_line_break_holder||||et_pb_line_break_holder||&#8212;&#8212;&#8212;&#8212;&#8212;&#8212;&#8212;&#8212;&#8212;&#8212;&#8212;&#8212;&#8212;&#8212;&#8212;&#8212;&#8212;&#8212;&#8211;||et_pb_line_break_holder||NOMBRE: %%Name%%||et_pb_line_break_holder||EMAIL: %%Email%%||et_pb_line_break_holder||MENSAJE:||et_pb_line_break_holder||%%Message%%||et_pb_line_break_holder||||et_pb_line_break_holder||&#8212;&#8212;&#8212;&#8212;&#8212;&#8212;&#8212;&#8212;&#8212;&#8212;&#8212;&#8212;&#8212;&#8212;&#8212;&#8212;&#8212;&#8212;&#8212;||et_pb_line_break_holder||%%Proteci\u00f3_de_dades%% protecci\u00f3n de datos||et_pb_line_break_holder||||et_pb_line_break_holder||%%Proteci\u00f3_de_dades_2%%||et_pb_line_break_holder||&#8221; success_message=&#8221;Gr\u00e0cies per contactar amb l&#8217;equip de ThinkGut. En breu ens posarem en contacte amb tu per respoder teus dubtes.&#8221; submit_button_text=&#8221;ENVIAR&#8221; _builder_version=&#8221;4.6.6&#8243; _module_preset=&#8221;default&#8221; hover_enabled=&#8221;0&#8243; sticky_enabled=&#8221;0&#8243;][et_pb_contact_field field_id=&#8221;Name&#8221; field_title=&#8221;Nom&#8221; _builder_version=&#8221;4.6.1&#8243; button_text_size__hover_enabled=&#8221;off&#8221; button_one_text_size__hover_enabled=&#8221;off&#8221; button_two_text_size__hover_enabled=&#8221;off&#8221; button_text_color__hover_enabled=&#8221;off&#8221; button_one_text_color__hover_enabled=&#8221;off&#8221; button_two_text_color__hover_enabled=&#8221;off&#8221; button_border_width__hover_enabled=&#8221;off&#8221; button_one_border_width__hover_enabled=&#8221;off&#8221; button_two_border_width__hover_enabled=&#8221;off&#8221; button_border_color__hover_enabled=&#8221;off&#8221; button_one_border_color__hover_enabled=&#8221;off&#8221; button_two_border_color__hover_enabled=&#8221;off&#8221; button_border_radius__hover_enabled=&#8221;off&#8221; button_one_border_radius__hover_enabled=&#8221;off&#8221; button_two_border_radius__hover_enabled=&#8221;off&#8221; button_letter_spacing__hover_enabled=&#8221;off&#8221; button_one_letter_spacing__hover_enabled=&#8221;off&#8221; button_two_letter_spacing__hover_enabled=&#8221;off&#8221; button_bg_color__hover_enabled=&#8221;off&#8221; button_one_bg_color__hover_enabled=&#8221;off&#8221; button_two_bg_color__hover_enabled=&#8221;off&#8221;][\/et_pb_contact_field][et_pb_contact_field field_id=&#8221;Email&#8221; field_title=&#8221;Email &#8221; field_type=&#8221;email&#8221; _builder_version=&#8221;3.16&#8243; button_text_size__hover_enabled=&#8221;off&#8221; button_one_text_size__hover_enabled=&#8221;off&#8221; button_two_text_size__hover_enabled=&#8221;off&#8221; button_text_color__hover_enabled=&#8221;off&#8221; button_one_text_color__hover_enabled=&#8221;off&#8221; button_two_text_color__hover_enabled=&#8221;off&#8221; button_border_width__hover_enabled=&#8221;off&#8221; button_one_border_width__hover_enabled=&#8221;off&#8221; button_two_border_width__hover_enabled=&#8221;off&#8221; button_border_color__hover_enabled=&#8221;off&#8221; button_one_border_color__hover_enabled=&#8221;off&#8221; button_two_border_color__hover_enabled=&#8221;off&#8221; button_border_radius__hover_enabled=&#8221;off&#8221; button_one_border_radius__hover_enabled=&#8221;off&#8221; button_two_border_radius__hover_enabled=&#8221;off&#8221; button_letter_spacing__hover_enabled=&#8221;off&#8221; button_one_letter_spacing__hover_enabled=&#8221;off&#8221; button_two_letter_spacing__hover_enabled=&#8221;off&#8221; button_bg_color__hover_enabled=&#8221;off&#8221; button_one_bg_color__hover_enabled=&#8221;off&#8221; button_two_bg_color__hover_enabled=&#8221;off&#8221;][\/et_pb_contact_field][et_pb_contact_field field_id=&#8221;Message&#8221; field_title=&#8221;Missatge&#8221; field_type=&#8221;text&#8221; fullwidth_field=&#8221;on&#8221; _builder_version=&#8221;4.6.1&#8243; button_text_size__hover_enabled=&#8221;off&#8221; button_one_text_size__hover_enabled=&#8221;off&#8221; button_two_text_size__hover_enabled=&#8221;off&#8221; button_text_color__hover_enabled=&#8221;off&#8221; button_one_text_color__hover_enabled=&#8221;off&#8221; button_two_text_color__hover_enabled=&#8221;off&#8221; button_border_width__hover_enabled=&#8221;off&#8221; button_one_border_width__hover_enabled=&#8221;off&#8221; button_two_border_width__hover_enabled=&#8221;off&#8221; button_border_color__hover_enabled=&#8221;off&#8221; button_one_border_color__hover_enabled=&#8221;off&#8221; button_two_border_color__hover_enabled=&#8221;off&#8221; button_border_radius__hover_enabled=&#8221;off&#8221; button_one_border_radius__hover_enabled=&#8221;off&#8221; button_two_border_radius__hover_enabled=&#8221;off&#8221; button_letter_spacing__hover_enabled=&#8221;off&#8221; button_one_letter_spacing__hover_enabled=&#8221;off&#8221; button_two_letter_spacing__hover_enabled=&#8221;off&#8221; button_bg_color__hover_enabled=&#8221;off&#8221; button_one_bg_color__hover_enabled=&#8221;off&#8221; button_two_bg_color__hover_enabled=&#8221;off&#8221;][\/et_pb_contact_field][et_pb_contact_field field_id=&#8221;Proteci\u00f3_de_dades&#8221; field_title=&#8221; &#8221; field_type=&#8221;checkbox&#8221; checkbox_options=&#8221;%91{%22value%22:%22He llegit i accepto la cl\u00e0usula d&#8217;Informaci\u00f3 sobre %22,%22checked%22:0,%22dragID%22:-1,%22link_url%22:%22https:\/\/thinkgut.eu\/ca\/proteccio-dades%22,%22link_text%22:%22protecci\u00f3 de dades%22}%93&#8243; fullwidth_field=&#8221;on&#8221; _builder_version=&#8221;4.6.6&#8243; _module_preset=&#8221;default&#8221; hover_enabled=&#8221;0&#8243; sticky_enabled=&#8221;0&#8243;][\/et_pb_contact_field][et_pb_contact_field field_id=&#8221;Proteci\u00f3_de_dades_2&#8243; field_title=&#8221; &#8221; field_type=&#8221;checkbox&#8221; checkbox_options=&#8221;%91{%22value%22:%22Autoritzo el tractament de les meves dades per poder rebre informaci\u00f3 per mitjans electr\u00f2nics%22,%22checked%22:0,%22dragID%22:-1,%22link_url%22:%22%22,%22link_text%22:%22%22}%93&#8243; fullwidth_field=&#8221;on&#8221; _builder_version=&#8221;4.6.1&#8243; _module_preset=&#8221;default&#8221;][\/et_pb_contact_field][\/et_pb_contact_form][\/et_pb_column][\/et_pb_row][\/et_pb_section][et_pb_section fb_built=&#8221;1&#8243; _builder_version=&#8221;4.4.9&#8243; background_color=&#8221;#003399&#8243; global_module=&#8221;186&#8243; saved_tabs=&#8221;all&#8221;][et_pb_row column_structure=&#8221;2_3,1_3&#8243; use_custom_gutter=&#8221;on&#8221; gutter_width=&#8221;2&#8243; _builder_version=&#8221;4.4.9&#8243; width=&#8221;90%&#8221; max_width=&#8221;2560px&#8221; custom_padding=&#8221;50px||50px||true|false&#8221;][et_pb_column type=&#8221;2_3&#8243; _builder_version=&#8221;4.4.9&#8243;][et_pb_text _builder_version=&#8221;4.5.3&#8243; text_text_color=&#8221;#f7f7f7&#8243; text_font_size=&#8221;13px&#8221; header_5_font=&#8221;|700|||||||&#8221; header_5_text_color=&#8221;#f7f7f7&#8243; custom_margin=&#8221;||50px||false|false&#8221;]<\/p>\n<p><img decoding=\"async\" class=\"poctefa\" src=\"https:\/\/thinkgut.eu\/wp-content\/uploads\/2020\/07\/Interreg-POCTEFA-ThinkGut-CMYK.png\" alt=\"\" style=\"padding: 0 20px 0px 0;\" width=\"300\" align=\"left\" \/><\/p>\n<h5>Fons Europue de Desenvolupament Regional<\/h5>\n<p>El projecte ThinkGut, cofinan\u00e7at a 65% pel Fons Europeu de Desenvolupament Regional (FEDER) a trav\u00e9s del Programa Interreg V-A Espanya-Fran\u00e7a-Andorra (POCTEFA 2014-2020), compta amb un pressupost total de 1.3 milions d&#8217;euros.<\/p>\n<p>[\/et_pb_text][et_pb_text _builder_version=&#8221;4.6.1&#8243; header_4_font=&#8221;|700|||||||&#8221; header_4_text_color=&#8221;#f7f7f7&#8243; custom_margin=&#8221;||||false|false&#8221; custom_padding=&#8221;20px||||false|false&#8221;]<H4>PARTNERS<\/H4><br \/>\n<img decoding=\"async\" class=\"alignnone wp-image-867 size-full\" src=\"https:\/\/thinkgut.eu\/wp-content\/uploads\/IDIBGI-log.jpg\" alt=\"\" style=\"padding-right: 20px; padding-top: 10px; float: left;\" width=\"180\" srcset=\"https:\/\/thinkgut.eu\/wp-content\/uploads\/IDIBGI-log.jpg 2200w, https:\/\/thinkgut.eu\/wp-content\/uploads\/IDIBGI-log-1280x756.jpg 1280w, https:\/\/thinkgut.eu\/wp-content\/uploads\/IDIBGI-log-980x579.jpg 980w, https:\/\/thinkgut.eu\/wp-content\/uploads\/IDIBGI-log-480x284.jpg 480w\" sizes=\"(min-width: 0px) and (max-width: 480px) 480px, (min-width: 481px) and (max-width: 980px) 980px, (min-width: 981px) and (max-width: 1280px) 1280px, (min-width: 1281px) 2200px, 100vw\" \/><img decoding=\"async\" class=\"alignnone wp-image-861 size-full\" style=\"padding-right: 20px; padding-top: 10px; float: left;\" src=\"https:\/\/thinkgut.eu\/wp-content\/uploads\/logo-inserm.jpg\" alt=\"\" width=\"180\" srcset=\"https:\/\/thinkgut.eu\/wp-content\/uploads\/logo-inserm.jpg 1100w, https:\/\/thinkgut.eu\/wp-content\/uploads\/logo-inserm-980x579.jpg 980w, https:\/\/thinkgut.eu\/wp-content\/uploads\/logo-inserm-480x284.jpg 480w\" sizes=\"(min-width: 0px) and (max-width: 480px) 480px, (min-width: 481px) and (max-width: 980px) 980px, (min-width: 981px) 1100px, 100vw\" \/><img decoding=\"async\" class=\"alignnone wp-image-864 size-full\" src=\"https:\/\/thinkgut.eu\/wp-content\/uploads\/ENTEROSYS.jpg\" alt=\"\" style=\"padding-right: 20px; padding-top: 10px; float: left;\" width=\"180\" srcset=\"https:\/\/thinkgut.eu\/wp-content\/uploads\/ENTEROSYS.jpg 2200w, https:\/\/thinkgut.eu\/wp-content\/uploads\/ENTEROSYS-1280x756.jpg 1280w, https:\/\/thinkgut.eu\/wp-content\/uploads\/ENTEROSYS-980x579.jpg 980w, https:\/\/thinkgut.eu\/wp-content\/uploads\/ENTEROSYS-480x284.jpg 480w\" sizes=\"(min-width: 0px) and (max-width: 480px) 480px, (min-width: 481px) and (max-width: 980px) 980px, (min-width: 981px) and (max-width: 1280px) 1280px, (min-width: 1281px) 2200px, 100vw\" \/>[\/et_pb_text][et_pb_text _builder_version=&#8221;4.6.1&#8243; header_4_font=&#8221;|700|||||||&#8221; header_4_text_color=&#8221;#f7f7f7&#8243; custom_margin=&#8221;||||false|false&#8221; custom_padding=&#8221;50px||||false|false&#8221; custom_css_main_element=&#8221;float: left;||clear: both;&#8221;]<H4>ORGANISMES TERCERS<\/H4><br \/>\n<img decoding=\"async\" class=\"alignnone wp-image-861 size-full\" style=\"padding-right: 20px; padding-top: 10px; float: left;\" src=\"https:\/\/thinkgut.eu\/wp-content\/uploads\/Hospital_Trueta.png\" alt=\"\" width=\"180\" \/><img decoding=\"async\" class=\"alignnone wp-image-864 size-full\" src=\"https:\/\/thinkgut.eu\/wp-content\/uploads\/ics_h.jpg\" alt=\"\" style=\"padding-right: 20px; padding-top: 10px; float: left;\" width=\"180\" \/><img decoding=\"async\" class=\"alignnone wp-image-867 size-full\" src=\"https:\/\/thinkgut.eu\/wp-content\/uploads\/ciberobn.jpg\" alt=\"\" style=\"padding-right: 20px; padding-top: 10px; float: left;\" width=\"180\" \/>[\/et_pb_text][\/et_pb_column][et_pb_column type=&#8221;1_3&#8243; _builder_version=&#8221;4.4.9&#8243;][et_pb_text _builder_version=&#8221;4.6.1&#8243; link_text_color=&#8221;#f7f7f7&#8243; ul_text_color=&#8221;#ffcc00&#8243; header_4_font=&#8221;|700|||||||&#8221; header_4_text_color=&#8221;#f7f7f7&#8243;]<\/p>\n<h4>LINKS<\/h4>\n<ul>\n<li><a href=\"https:\/\/www.poctefa.eu\" target=\"_blank\" rel=\"noopener noreferrer\">POCTEFA <\/a><\/li>\n<li><a href=\"https:\/\/ec.europa.eu\/regional_policy\/es\/\" target=\"_blank\" rel=\"noopener noreferrer\">Regional Policy website of the European Union<\/a><\/li>\n<\/ul>\n<p>[\/et_pb_text][et_pb_text _builder_version=&#8221;4.6.1&#8243; header_text_align=&#8221;center&#8221; header_4_font=&#8221;|700|||||||&#8221; header_4_text_color=&#8221;#f7f7f7&#8243; text_orientation=&#8221;center&#8221; custom_margin=&#8221;0px||0px||true|false&#8221; custom_padding=&#8221;10px||10px||true|false&#8221;]<\/p>\n<h4 style=\"text-align: left;\">XARXES SOCIALS<\/h4>\n<p>[\/et_pb_text][et_pb_social_media_follow _builder_version=&#8221;4.5.6&#8243; text_orientation=&#8221;left&#8221;][et_pb_social_media_follow_network social_network=&#8221;facebook&#8221; url=&#8221;https:\/\/www.facebook.com\/ThinkGut-103367838164953\/?modal=admin_todo_tour&#8221; _builder_version=&#8221;4.5.6&#8243; background_color=&#8221;#3b5998&#8243; follow_button=&#8221;off&#8221; url_new_window=&#8221;on&#8221;]facebook[\/et_pb_social_media_follow_network][et_pb_social_media_follow_network social_network=&#8221;twitter&#8221; url=&#8221;https:\/\/twitter.com\/thinkgut&#8221; _builder_version=&#8221;4.5.6&#8243; background_color=&#8221;#00aced&#8221; follow_button=&#8221;off&#8221; url_new_window=&#8221;on&#8221;]twitter[\/et_pb_social_media_follow_network][\/et_pb_social_media_follow][et_pb_text _builder_version=&#8221;4.6.1&#8243; link_text_color=&#8221;#f7f7f7&#8243; ul_text_color=&#8221;#ffcc00&#8243; header_4_font=&#8221;|700|||||||&#8221; header_4_text_color=&#8221;#f7f7f7&#8243;]<\/p>\n<h4>TEXTOS LEGALS<\/h4>\n<p><P> <a href=\"https:\/\/thinkgut.eu\/ca\/avis-legal\/\" target=\"_blank\" rel=\"noopener noreferrer\"> Av\u00eds legal <\/a> \u00b7 <a href = \"https:\/\/thinkgut.eu\/ca\/politica-privacitat\/\"target =\" _ blank \"rel =\" noopener noreferrer \">Pol\u00edtica de privacitat <\/a> \u00b7 <a href =\" https:\/\/thinkgut.eu\/ca\/informacio-addicional \"target =\" _ blank \" rel = \"noopener noreferrer\">Informaci\u00f3 addicional <\/a> \u00b7 <a href=\"https:\/\/thinkgut.eu\/ca\/politica-cookies\/\" target=\"_blank\" rel=\"noopener noreferrer\">Pol\u00edtica de Cookies<\/a>[\/et_pb_text][\/et_pb_column][\/et_pb_row][\/et_pb_section]<\/p>\n","protected":false},"excerpt":{"rendered":"<p>Contacta amb l&#8217;equip de ThinkGut Fons Europue de Desenvolupament Regional El projecte ThinkGut, cofinan\u00e7at a 65% pel Fons Europeu de Desenvolupament Regional (FEDER) a trav\u00e9s del Programa Interreg V-A Espanya-Fran\u00e7a-Andorra (POCTEFA 2014-2020), compta amb un pressupost total de 1.3 milions d&#8217;euros.PARTNERS ORGANISMES TERCERS LINKS POCTEFA Regional Policy website of the European Union XARXES SOCIALSTEXTOS LEGALS [&hellip;]<\/p>\n","protected":false},"author":1,"featured_media":0,"parent":0,"menu_order":9,"comment_status":"closed","ping_status":"closed","template":"","meta":{"_et_pb_use_builder":"on","_et_pb_old_content":"","_et_gb_content_width":""},"yoast_head":"<!-- This site is optimized with the Yoast SEO plugin v20.5 - https:\/\/yoast.com\/wordpress\/plugins\/seo\/ -->\n<title>CONTACTE - ThinkGut<\/title>\n<meta name=\"description\" content=\"Si vols tenir m\u00e9s informaci\u00f3 sobre el projecte Think Out contacta amb nosaltres per sol\u00b7licitar aquella informaci\u00f3 del teu inter\u00e8s\" \/>\n<meta name=\"robots\" content=\"index, follow, max-snippet:-1, max-image-preview:large, max-video-preview:-1\" \/>\n<link rel=\"canonical\" href=\"https:\/\/thinkgut.eu\/ca\/contacte\/\" \/>\n<meta property=\"og:locale\" content=\"ca_ES\" \/>\n<meta property=\"og:type\" content=\"article\" \/>\n<meta property=\"og:title\" content=\"CONTACTE - ThinkGut\" \/>\n<meta property=\"og:description\" content=\"Si vols tenir m\u00e9s informaci\u00f3 sobre el projecte Think Out contacta amb nosaltres per sol\u00b7licitar aquella informaci\u00f3 del teu inter\u00e8s\" \/>\n<meta property=\"og:url\" content=\"https:\/\/thinkgut.eu\/ca\/contacte\/\" \/>\n<meta property=\"og:site_name\" content=\"ThinkGut\" \/>\n<meta property=\"article:publisher\" content=\"https:\/\/www.facebook.com\/ThinkGut-103367838164953\/?modal=admin_todo_tour\" \/>\n<meta property=\"article:modified_time\" content=\"2020-11-02T14:19:28+00:00\" \/>\n<meta property=\"og:image\" content=\"https:\/\/thinkgut.eu\/wp-content\/uploads\/2020\/07\/Interreg-POCTEFA-ThinkGut-CMYK.png\" \/>\n<meta name=\"twitter:card\" content=\"summary_large_image\" \/>\n<meta name=\"twitter:site\" content=\"@thinkgut\" \/>\n<meta name=\"twitter:label1\" content=\"Temps estimat de lectura\" \/>\n\t<meta name=\"twitter:data1\" content=\"6 minuts\" \/>\n<script type=\"application\/ld+json\" class=\"yoast-schema-graph\">{\"@context\":\"https:\/\/schema.org\",\"@graph\":[{\"@type\":\"WebPage\",\"@id\":\"https:\/\/thinkgut.eu\/ca\/contacte\/\",\"url\":\"https:\/\/thinkgut.eu\/ca\/contacte\/\",\"name\":\"CONTACTE - ThinkGut\",\"isPartOf\":{\"@id\":\"https:\/\/thinkgut.eu\/#website\"},\"datePublished\":\"2020-11-02T14:12:49+00:00\",\"dateModified\":\"2020-11-02T14:19:28+00:00\",\"description\":\"Si vols tenir m\u00e9s informaci\u00f3 sobre el projecte Think Out contacta amb nosaltres per sol\u00b7licitar aquella informaci\u00f3 del teu inter\u00e8s\",\"breadcrumb\":{\"@id\":\"https:\/\/thinkgut.eu\/ca\/contacte\/#breadcrumb\"},\"inLanguage\":\"ca\",\"potentialAction\":[{\"@type\":\"ReadAction\",\"target\":[\"https:\/\/thinkgut.eu\/ca\/contacte\/\"]}]},{\"@type\":\"BreadcrumbList\",\"@id\":\"https:\/\/thinkgut.eu\/ca\/contacte\/#breadcrumb\",\"itemListElement\":[{\"@type\":\"ListItem\",\"position\":1,\"name\":\"Home\",\"item\":\"https:\/\/thinkgut.eu\/ca\/\"},{\"@type\":\"ListItem\",\"position\":2,\"name\":\"CONTACTE\"}]},{\"@type\":\"WebSite\",\"@id\":\"https:\/\/thinkgut.eu\/#website\",\"url\":\"https:\/\/thinkgut.eu\/\",\"name\":\"ThinkGut\",\"description\":\"Previsi\u00f3 personalitzada de la cognici\u00f3 a trav\u00e9s de la microbiota humana\",\"publisher\":{\"@id\":\"https:\/\/thinkgut.eu\/#organization\"},\"potentialAction\":[{\"@type\":\"SearchAction\",\"target\":{\"@type\":\"EntryPoint\",\"urlTemplate\":\"https:\/\/thinkgut.eu\/?s={search_term_string}\"},\"query-input\":\"required name=search_term_string\"}],\"inLanguage\":\"ca\"},{\"@type\":\"Organization\",\"@id\":\"https:\/\/thinkgut.eu\/#organization\",\"name\":\"ThinkGut\",\"url\":\"https:\/\/thinkgut.eu\/\",\"logo\":{\"@type\":\"ImageObject\",\"inLanguage\":\"ca\",\"@id\":\"https:\/\/thinkgut.eu\/#\/schema\/logo\/image\/\",\"url\":\"https:\/\/thinkgut.eu\/wp-content\/uploads\/2020\/07\/Interreg-POCTEFA-ThinkGut-CMYK.png\",\"contentUrl\":\"https:\/\/thinkgut.eu\/wp-content\/uploads\/2020\/07\/Interreg-POCTEFA-ThinkGut-CMYK.png\",\"width\":921,\"height\":415,\"caption\":\"ThinkGut\"},\"image\":{\"@id\":\"https:\/\/thinkgut.eu\/#\/schema\/logo\/image\/\"},\"sameAs\":[\"https:\/\/www.facebook.com\/ThinkGut-103367838164953\/?modal=admin_todo_tour\",\"https:\/\/twitter.com\/thinkgut\"]}]}<\/script>\n<!-- \/ Yoast SEO plugin. -->","yoast_head_json":{"title":"CONTACTE - ThinkGut","description":"Si vols tenir m\u00e9s informaci\u00f3 sobre el projecte Think Out contacta amb nosaltres per sol\u00b7licitar aquella informaci\u00f3 del teu inter\u00e8s","robots":{"index":"index","follow":"follow","max-snippet":"max-snippet:-1","max-image-preview":"max-image-preview:large","max-video-preview":"max-video-preview:-1"},"canonical":"https:\/\/thinkgut.eu\/ca\/contacte\/","og_locale":"ca_ES","og_type":"article","og_title":"CONTACTE - ThinkGut","og_description":"Si vols tenir m\u00e9s informaci\u00f3 sobre el projecte Think Out contacta amb nosaltres per sol\u00b7licitar aquella informaci\u00f3 del teu inter\u00e8s","og_url":"https:\/\/thinkgut.eu\/ca\/contacte\/","og_site_name":"ThinkGut","article_publisher":"https:\/\/www.facebook.com\/ThinkGut-103367838164953\/?modal=admin_todo_tour","article_modified_time":"2020-11-02T14:19:28+00:00","og_image":[{"url":"https:\/\/thinkgut.eu\/wp-content\/uploads\/2020\/07\/Interreg-POCTEFA-ThinkGut-CMYK.png"}],"twitter_card":"summary_large_image","twitter_site":"@thinkgut","twitter_misc":{"Temps estimat de lectura":"6 minuts"},"schema":{"@context":"https:\/\/schema.org","@graph":[{"@type":"WebPage","@id":"https:\/\/thinkgut.eu\/ca\/contacte\/","url":"https:\/\/thinkgut.eu\/ca\/contacte\/","name":"CONTACTE - ThinkGut","isPartOf":{"@id":"https:\/\/thinkgut.eu\/#website"},"datePublished":"2020-11-02T14:12:49+00:00","dateModified":"2020-11-02T14:19:28+00:00","description":"Si vols tenir m\u00e9s informaci\u00f3 sobre el projecte Think Out contacta amb nosaltres per sol\u00b7licitar aquella informaci\u00f3 del teu inter\u00e8s","breadcrumb":{"@id":"https:\/\/thinkgut.eu\/ca\/contacte\/#breadcrumb"},"inLanguage":"ca","potentialAction":[{"@type":"ReadAction","target":["https:\/\/thinkgut.eu\/ca\/contacte\/"]}]},{"@type":"BreadcrumbList","@id":"https:\/\/thinkgut.eu\/ca\/contacte\/#breadcrumb","itemListElement":[{"@type":"ListItem","position":1,"name":"Home","item":"https:\/\/thinkgut.eu\/ca\/"},{"@type":"ListItem","position":2,"name":"CONTACTE"}]},{"@type":"WebSite","@id":"https:\/\/thinkgut.eu\/#website","url":"https:\/\/thinkgut.eu\/","name":"ThinkGut","description":"Previsi\u00f3 personalitzada de la cognici\u00f3 a trav\u00e9s de la microbiota humana","publisher":{"@id":"https:\/\/thinkgut.eu\/#organization"},"potentialAction":[{"@type":"SearchAction","target":{"@type":"EntryPoint","urlTemplate":"https:\/\/thinkgut.eu\/?s={search_term_string}"},"query-input":"required name=search_term_string"}],"inLanguage":"ca"},{"@type":"Organization","@id":"https:\/\/thinkgut.eu\/#organization","name":"ThinkGut","url":"https:\/\/thinkgut.eu\/","logo":{"@type":"ImageObject","inLanguage":"ca","@id":"https:\/\/thinkgut.eu\/#\/schema\/logo\/image\/","url":"https:\/\/thinkgut.eu\/wp-content\/uploads\/2020\/07\/Interreg-POCTEFA-ThinkGut-CMYK.png","contentUrl":"https:\/\/thinkgut.eu\/wp-content\/uploads\/2020\/07\/Interreg-POCTEFA-ThinkGut-CMYK.png","width":921,"height":415,"caption":"ThinkGut"},"image":{"@id":"https:\/\/thinkgut.eu\/#\/schema\/logo\/image\/"},"sameAs":["https:\/\/www.facebook.com\/ThinkGut-103367838164953\/?modal=admin_todo_tour","https:\/\/twitter.com\/thinkgut"]}]}},"_links":{"self":[{"href":"https:\/\/thinkgut.eu\/ca\/wp-json\/wp\/v2\/pages\/1125"}],"collection":[{"href":"https:\/\/thinkgut.eu\/ca\/wp-json\/wp\/v2\/pages"}],"about":[{"href":"https:\/\/thinkgut.eu\/ca\/wp-json\/wp\/v2\/types\/page"}],"author":[{"embeddable":true,"href":"https:\/\/thinkgut.eu\/ca\/wp-json\/wp\/v2\/users\/1"}],"replies":[{"embeddable":true,"href":"https:\/\/thinkgut.eu\/ca\/wp-json\/wp\/v2\/comments?post=1125"}],"version-history":[{"count":3,"href":"https:\/\/thinkgut.eu\/ca\/wp-json\/wp\/v2\/pages\/1125\/revisions"}],"predecessor-version":[{"id":1136,"href":"https:\/\/thinkgut.eu\/ca\/wp-json\/wp\/v2\/pages\/1125\/revisions\/1136"}],"wp:attachment":[{"href":"https:\/\/thinkgut.eu\/ca\/wp-json\/wp\/v2\/media?parent=1125"}],"curies":[{"name":"wp","href":"https:\/\/api.w.org\/{rel}","templated":true}]}}