{"id":1222,"date":"2020-11-02T18:09:48","date_gmt":"2020-11-02T18:09:48","guid":{"rendered":"https:\/\/thinkgut.eu\/objectius\/"},"modified":"2020-11-02T18:09:49","modified_gmt":"2020-11-02T18:09:49","slug":"objectius","status":"publish","type":"page","link":"https:\/\/thinkgut.eu\/ca\/objectius\/","title":{"rendered":"Objectius"},"content":{"rendered":"<p>[et_pb_section fb_built=&#8221;1&#8243; _builder_version=&#8221;4.5.3&#8243; _module_preset=&#8221;default&#8221;][et_pb_row _builder_version=&#8221;4.5.3&#8243; _module_preset=&#8221;default&#8221; custom_padding=&#8221;75px||75px||true|false&#8221;][et_pb_column type=&#8221;4_4&#8243; _builder_version=&#8221;4.5.3&#8243; _module_preset=&#8221;default&#8221;][et_pb_text _builder_version=&#8221;4.6.6&#8243; _module_preset=&#8221;default&#8221; text_text_color=&#8221;#595959&#8243; header_font=&#8221;|700|||||||&#8221; header_text_color=&#8221;#ffcc00&#8243; header_2_font=&#8221;|700|||||||&#8221; hover_enabled=&#8221;0&#8243; sticky_enabled=&#8221;0&#8243;]<\/p>\n<h1>Objectius de ThinkGut:<\/br>Estudiar, prevenir, diagnosticar i tractar els trastorns associats a la relaci\u00f3 entre la microbiota i la cognici\u00f3<\/h1>\n<p style=\"padding-top:20px;\">L&#8217;objectiu general del projecte ThinkGut \u00e9s treballar a partir d&#8217;un consorci d&#8217;experts transfronterers en interrelacions microbiota-cognici\u00f3, amb eines explorat\u00f2ries i bases de dades humanes amb potencial per generar eines diagn\u00f2stic-terap\u00e8utiques personalitzades enfocades a prevenir, diagnosticar i tractar els trastorns neurocognitius associats a l&#8217;edat avan\u00e7ada i l&#8217;obesitat.<\/p>\n<p>D&#8217;aquest objectiu general es desprenen tres objectius espec\u00edfics que corresponen a les \u00e0rees biom\u00e8dica, biotecnol\u00f2gica i formativa.<\/p>\n<p>[\/et_pb_text][\/et_pb_column][\/et_pb_row][\/et_pb_section][et_pb_section fb_built=&#8221;1&#8243; _builder_version=&#8221;4.6.1&#8243; _module_preset=&#8221;default&#8221; background_image=&#8221;https:\/\/thinkgut.eu\/wp-content\/uploads\/Lab3.jpg&#8221; min_height=&#8221;75vh&#8221; scroll_scaling_enable=&#8221;on&#8221; scroll_scaling=&#8221;0|50|50|100|100%|105%|110%&#8221;][et_pb_row _builder_version=&#8221;4.5.3&#8243; _module_preset=&#8221;default&#8221;][et_pb_column type=&#8221;4_4&#8243; _builder_version=&#8221;4.5.3&#8243; _module_preset=&#8221;default&#8221;][\/et_pb_column][\/et_pb_row][\/et_pb_section][et_pb_section fb_built=&#8221;1&#8243; _builder_version=&#8221;4.5.6&#8243; _module_preset=&#8221;default&#8221;][et_pb_row column_structure=&#8221;1_3,1_3,1_3&#8243; _builder_version=&#8221;4.5.6&#8243; _module_preset=&#8221;default&#8221;][et_pb_column type=&#8221;1_3&#8243; _builder_version=&#8221;4.5.6&#8243; _module_preset=&#8221;default&#8221;][et_pb_blurb title=&#8221;Objectiu biom\u00e8dic&#8221; image=&#8221;https:\/\/thinkgut.eu\/wp-content\/uploads\/2020\/07\/Eje01.png&#8221; icon_alignment=&#8221;left&#8221; image_max_width=&#8221;50%&#8221; _builder_version=&#8221;4.6.1&#8243; _module_preset=&#8221;default&#8221; header_font=&#8221;|700|||||||&#8221; custom_css_blurb_title=&#8221;padding-bottom:30px;&#8221;]<\/p>\n<p>L&#8217;objectiu espec\u00edfic biom\u00e8dic \u00e9s aquell que es centra en la creaci\u00f3 d&#8217;un repositori anonimitzat transfronterer amb informaci\u00f3 cl\u00ednic-biol\u00f2gica sobre la relaci\u00f3 microbiota-cognici\u00f3.<\/p>\n<p>Amb la participaci\u00f3 de m\u00e9s de 1700 persones, aquest repositori donar\u00e0 lloc al desenvolupament de models de biologia de sistemes multi-escala per a l&#8217;eix intest\u00ed-cervell en ratolins humanitzats i humans.<\/p>\n<p>[\/et_pb_blurb][\/et_pb_column][et_pb_column type=&#8221;1_3&#8243; _builder_version=&#8221;4.5.6&#8243; _module_preset=&#8221;default&#8221;][et_pb_blurb title=&#8221;Objectiu biotecnol\u00f2gic&#8221; image=&#8221;https:\/\/thinkgut.eu\/wp-content\/uploads\/2020\/07\/Eje01.png&#8221; icon_alignment=&#8221;left&#8221; image_max_width=&#8221;50%&#8221; _builder_version=&#8221;4.6.1&#8243; _module_preset=&#8221;default&#8221; header_font=&#8221;|700|||||||&#8221; custom_css_blurb_title=&#8221;padding-bottom:30px;&#8221;]<\/p>\n<p>L&#8217;objectiu biotecnol\u00f2gic t\u00e9 com a meta generar d&#8217;una a dues eines diagn\u00f2stic-terap\u00e8utiques basades en el microbioma. Aquestes contemplen la inclusi\u00f3 de perfils bacterians com a nous biomarcadors, la identificaci\u00f3 de models matem\u00e0tics innovadors i models de ratolins humanitzats. L&#8217;objectiu \u00e9s que els resultats del proc\u00e9s d&#8217;investigaci\u00f3 generin eines que permetin la prevenci\u00f3, el diagn\u00f2stic i el tractament dels trastorns neurocognitius associats a l&#8217;edat avan\u00e7ada i l&#8217;obesitat.<\/p>\n<p>[\/et_pb_blurb][\/et_pb_column][et_pb_column type=&#8221;1_3&#8243; _builder_version=&#8221;4.5.6&#8243; _module_preset=&#8221;default&#8221;][et_pb_blurb title=&#8221;Objectiu formatiu&#8221; image=&#8221;https:\/\/thinkgut.eu\/wp-content\/uploads\/2020\/07\/Eje01.png&#8221; icon_alignment=&#8221;left&#8221; image_max_width=&#8221;50%&#8221; _builder_version=&#8221;4.6.1&#8243; _module_preset=&#8221;default&#8221; header_font=&#8221;|700|||||||&#8221; custom_css_blurb_title=&#8221;padding-bottom:30px;&#8221;]L&#8217;objectiu formatiu \u00e9s el que se centra en la formaci\u00f3 d&#8217;especialistes en la interrelaci\u00f3 que existeix entre la microbiota i la cognici\u00f3, dins el territori transfronterer. Al tractar-se d&#8217;un camp d&#8217;investigaci\u00f3 totalment nou, hi ha una creixent demanda de professionals capacitats.<br \/>\nEn aquest sentit, els esfor\u00e7os de formaci\u00f3 aniran dirigits a programes de doctorat, de m\u00e0ster i de grau, aix\u00ed com tamb\u00e9 d&#8217;instituts d&#8217;ensenyament de cicle formatiu i batxillerat. Tamb\u00e9 es dirigiran a empreses interessades i associacions centrades en l&#8217;edat avan\u00e7ada i l&#8217;obesitat.[\/et_pb_blurb][\/et_pb_column][\/et_pb_row][\/et_pb_section][et_pb_section fb_built=&#8221;1&#8243; _builder_version=&#8221;4.4.9&#8243; background_color=&#8221;#003399&#8243; global_module=&#8221;186&#8243; saved_tabs=&#8221;all&#8221;][et_pb_row column_structure=&#8221;2_3,1_3&#8243; use_custom_gutter=&#8221;on&#8221; gutter_width=&#8221;2&#8243; _builder_version=&#8221;4.4.9&#8243; width=&#8221;90%&#8221; max_width=&#8221;2560px&#8221; custom_padding=&#8221;50px||50px||true|false&#8221;][et_pb_column type=&#8221;2_3&#8243; _builder_version=&#8221;4.4.9&#8243;][et_pb_text _builder_version=&#8221;4.5.3&#8243; text_text_color=&#8221;#f7f7f7&#8243; text_font_size=&#8221;13px&#8221; header_5_font=&#8221;|700|||||||&#8221; header_5_text_color=&#8221;#f7f7f7&#8243; custom_margin=&#8221;||50px||false|false&#8221;]<\/p>\n<p><img decoding=\"async\" class=\"poctefa\" src=\"https:\/\/thinkgut.eu\/wp-content\/uploads\/2020\/07\/Interreg-POCTEFA-ThinkGut-CMYK.png\" alt=\"\" style=\"padding: 0 20px 0px 0;\" width=\"300\" align=\"left\" \/><\/p>\n<h5>Fondo Europeo De Desarrollo Regional<\/h5>\n<p>El proyecto ThinkGut, cofinanciado al 65% por el Fondo Europeo de Desarrollo Regional (FEDER) a trav\u00e9s del Programa Interreg V-A Espa\u00f1a-Francia-Andorra (POCTEFA 2014-2020), cuenta con un presupuesto total de 1.3 millones de euros.<\/p>\n<p>[\/et_pb_text][et_pb_text _builder_version=&#8221;4.6.1&#8243; header_4_font=&#8221;|700|||||||&#8221; header_4_text_color=&#8221;#f7f7f7&#8243; custom_margin=&#8221;||||false|false&#8221; custom_padding=&#8221;20px||||false|false&#8221;]<H4>PARTNERS<\/H4><br \/>\n<img decoding=\"async\" class=\"alignnone wp-image-867 size-full\" src=\"https:\/\/thinkgut.eu\/wp-content\/uploads\/IDIBGI-log.jpg\" alt=\"\" style=\"padding-right: 20px; padding-top: 10px; float: left;\" width=\"180\" srcset=\"https:\/\/thinkgut.eu\/wp-content\/uploads\/IDIBGI-log.jpg 2200w, https:\/\/thinkgut.eu\/wp-content\/uploads\/IDIBGI-log-1280x756.jpg 1280w, https:\/\/thinkgut.eu\/wp-content\/uploads\/IDIBGI-log-980x579.jpg 980w, https:\/\/thinkgut.eu\/wp-content\/uploads\/IDIBGI-log-480x284.jpg 480w\" sizes=\"(min-width: 0px) and (max-width: 480px) 480px, (min-width: 481px) and (max-width: 980px) 980px, (min-width: 981px) and (max-width: 1280px) 1280px, (min-width: 1281px) 2200px, 100vw\" \/><img decoding=\"async\" class=\"alignnone wp-image-861 size-full\" style=\"padding-right: 20px; padding-top: 10px; float: left;\" src=\"https:\/\/thinkgut.eu\/wp-content\/uploads\/logo-inserm.jpg\" alt=\"\" width=\"180\" srcset=\"https:\/\/thinkgut.eu\/wp-content\/uploads\/logo-inserm.jpg 1100w, https:\/\/thinkgut.eu\/wp-content\/uploads\/logo-inserm-980x579.jpg 980w, https:\/\/thinkgut.eu\/wp-content\/uploads\/logo-inserm-480x284.jpg 480w\" sizes=\"(min-width: 0px) and (max-width: 480px) 480px, (min-width: 481px) and (max-width: 980px) 980px, (min-width: 981px) 1100px, 100vw\" \/><img decoding=\"async\" class=\"alignnone wp-image-864 size-full\" src=\"https:\/\/thinkgut.eu\/wp-content\/uploads\/ENTEROSYS.jpg\" alt=\"\" style=\"padding-right: 20px; padding-top: 10px; float: left;\" width=\"180\" srcset=\"https:\/\/thinkgut.eu\/wp-content\/uploads\/ENTEROSYS.jpg 2200w, https:\/\/thinkgut.eu\/wp-content\/uploads\/ENTEROSYS-1280x756.jpg 1280w, https:\/\/thinkgut.eu\/wp-content\/uploads\/ENTEROSYS-980x579.jpg 980w, https:\/\/thinkgut.eu\/wp-content\/uploads\/ENTEROSYS-480x284.jpg 480w\" sizes=\"(min-width: 0px) and (max-width: 480px) 480px, (min-width: 481px) and (max-width: 980px) 980px, (min-width: 981px) and (max-width: 1280px) 1280px, (min-width: 1281px) 2200px, 100vw\" \/>[\/et_pb_text][et_pb_text _builder_version=&#8221;4.6.1&#8243; header_4_font=&#8221;|700|||||||&#8221; header_4_text_color=&#8221;#f7f7f7&#8243; custom_margin=&#8221;||||false|false&#8221; custom_padding=&#8221;50px||||false|false&#8221; custom_css_main_element=&#8221;float: left;||clear: both;&#8221;]<H4>ORGANISMOS TERCEROS<\/H4><br \/>\n<img decoding=\"async\" class=\"alignnone wp-image-861 size-full\" style=\"padding-right: 20px; padding-top: 10px; float: left;\" src=\"https:\/\/thinkgut.eu\/wp-content\/uploads\/Hospital_Trueta.png\" alt=\"\" width=\"180\" \/><img decoding=\"async\" class=\"alignnone wp-image-864 size-full\" src=\"https:\/\/thinkgut.eu\/wp-content\/uploads\/ics_h.jpg\" alt=\"\" style=\"padding-right: 20px; padding-top: 10px; float: left;\" width=\"180\" \/><img decoding=\"async\" class=\"alignnone wp-image-867 size-full\" src=\"https:\/\/thinkgut.eu\/wp-content\/uploads\/ciberobn.jpg\" alt=\"\" style=\"padding-right: 20px; padding-top: 10px; float: left;\" width=\"180\" \/>[\/et_pb_text][\/et_pb_column][et_pb_column type=&#8221;1_3&#8243; _builder_version=&#8221;4.4.9&#8243;][et_pb_text _builder_version=&#8221;4.6.1&#8243; link_text_color=&#8221;#f7f7f7&#8243; ul_text_color=&#8221;#ffcc00&#8243; header_4_font=&#8221;|700|||||||&#8221; header_4_text_color=&#8221;#f7f7f7&#8243;]<\/p>\n<h4>LINKS<\/h4>\n<ul>\n<li><a href=\"https:\/\/www.poctefa.eu\" target=\"_blank\" rel=\"noopener noreferrer\">POCTEFA <\/a><\/li>\n<li><a href=\"https:\/\/ec.europa.eu\/regional_policy\/es\/\" target=\"_blank\" rel=\"noopener noreferrer\">Regional Policy website of the European Union<\/a><\/li>\n<\/ul>\n<p>[\/et_pb_text][et_pb_text _builder_version=&#8221;4.6.1&#8243; header_text_align=&#8221;center&#8221; header_4_font=&#8221;|700|||||||&#8221; header_4_text_color=&#8221;#f7f7f7&#8243; text_orientation=&#8221;center&#8221; custom_margin=&#8221;0px||0px||true|false&#8221; custom_padding=&#8221;10px||10px||true|false&#8221;]<\/p>\n<h4 style=\"text-align: left;\">REDES SOCIALES<\/h4>\n<p>[\/et_pb_text][et_pb_social_media_follow _builder_version=&#8221;4.5.6&#8243; text_orientation=&#8221;left&#8221;][et_pb_social_media_follow_network social_network=&#8221;facebook&#8221; url=&#8221;https:\/\/www.facebook.com\/ThinkGut-103367838164953\/?modal=admin_todo_tour&#8221; _builder_version=&#8221;4.5.6&#8243; background_color=&#8221;#3b5998&#8243; follow_button=&#8221;off&#8221; url_new_window=&#8221;on&#8221;]facebook[\/et_pb_social_media_follow_network][et_pb_social_media_follow_network social_network=&#8221;twitter&#8221; url=&#8221;https:\/\/twitter.com\/thinkgut&#8221; _builder_version=&#8221;4.5.6&#8243; background_color=&#8221;#00aced&#8221; follow_button=&#8221;off&#8221; url_new_window=&#8221;on&#8221;]twitter[\/et_pb_social_media_follow_network][\/et_pb_social_media_follow][et_pb_text _builder_version=&#8221;4.6.1&#8243; link_text_color=&#8221;#f7f7f7&#8243; ul_text_color=&#8221;#ffcc00&#8243; header_4_font=&#8221;|700|||||||&#8221; header_4_text_color=&#8221;#f7f7f7&#8243;]<\/p>\n<h4>TEXTOS LEGALES<\/h4>\n<p><a href=\"https:\/\/thinkgut.eu\/ca\/avis-legal\/\" target=\"_blank\" rel=\"noopener noreferrer\">Aviso legal<\/a> \u00b7 <a href=\"https:\/\/thinkgut.eu\/ca\/politica-privacitat\/\" target=\"_blank\" rel=\"noopener noreferrer\">Pol\u00edtica de Privacidad<\/a> \u00b7 <a href=\"https:\/\/thinkgut.eu\/ca\/informacio-addicional\/\" target=\"_blank\" rel=\"noopener noreferrer\">Informaci\u00f3n adicional<\/a> \u00b7 <a href=\"https:\/\/thinkgut.eu\/ca\/politica-cookies\/\" target=\"_blank\" rel=\"noopener noreferrer\">Cookies<\/a>[\/et_pb_text][\/et_pb_column][\/et_pb_row][\/et_pb_section]<\/p>\n","protected":false},"excerpt":{"rendered":"<p>Objectius de ThinkGut:Estudiar, prevenir, diagnosticar i tractar els trastorns associats a la relaci\u00f3 entre la microbiota i la cognici\u00f3 L&#8217;objectiu general del projecte ThinkGut \u00e9s treballar a partir d&#8217;un consorci d&#8217;experts transfronterers en interrelacions microbiota-cognici\u00f3, amb eines explorat\u00f2ries i bases de dades humanes amb potencial per generar eines diagn\u00f2stic-terap\u00e8utiques personalitzades enfocades a prevenir, diagnosticar i [&hellip;]<\/p>\n","protected":false},"author":1,"featured_media":0,"parent":0,"menu_order":4,"comment_status":"closed","ping_status":"closed","template":"","meta":{"_et_pb_use_builder":"on","_et_pb_old_content":"","_et_gb_content_width":""},"yoast_head":"<!-- This site is optimized with the Yoast SEO plugin v20.5 - https:\/\/yoast.com\/wordpress\/plugins\/seo\/ -->\n<title>Objectius - ThinkGut<\/title>\n<meta name=\"description\" content=\"ThinkGut \u00e9s consorci d&#039;experts transfronterer en interrelacions microbiota-cognici\u00f3 enfocat a prevenir, diagnosticar i tractar els trastorns neurocognitius associats a l&#039;edat avan\u00e7ada i l&#039;obesitat.\" \/>\n<meta name=\"robots\" content=\"index, follow, max-snippet:-1, max-image-preview:large, max-video-preview:-1\" \/>\n<link rel=\"canonical\" href=\"https:\/\/thinkgut.eu\/ca\/objectius\/\" \/>\n<meta property=\"og:locale\" content=\"ca_ES\" \/>\n<meta property=\"og:type\" content=\"article\" \/>\n<meta property=\"og:title\" content=\"Objectius - ThinkGut\" \/>\n<meta property=\"og:description\" content=\"ThinkGut \u00e9s consorci d&#039;experts transfronterer en interrelacions microbiota-cognici\u00f3 enfocat a prevenir, diagnosticar i tractar els trastorns neurocognitius associats a l&#039;edat avan\u00e7ada i l&#039;obesitat.\" \/>\n<meta property=\"og:url\" content=\"https:\/\/thinkgut.eu\/ca\/objectius\/\" \/>\n<meta property=\"og:site_name\" content=\"ThinkGut\" \/>\n<meta property=\"article:publisher\" content=\"https:\/\/www.facebook.com\/ThinkGut-103367838164953\/?modal=admin_todo_tour\" \/>\n<meta property=\"article:modified_time\" content=\"2020-11-02T18:09:49+00:00\" \/>\n<meta property=\"og:image\" content=\"https:\/\/thinkgut.eu\/wp-content\/uploads\/2020\/07\/Interreg-POCTEFA-ThinkGut-CMYK.png\" \/>\n<meta name=\"twitter:card\" content=\"summary_large_image\" \/>\n<meta name=\"twitter:site\" content=\"@thinkgut\" \/>\n<meta name=\"twitter:label1\" content=\"Temps estimat de lectura\" \/>\n\t<meta name=\"twitter:data1\" content=\"5 minuts\" \/>\n<script type=\"application\/ld+json\" class=\"yoast-schema-graph\">{\"@context\":\"https:\/\/schema.org\",\"@graph\":[{\"@type\":\"WebPage\",\"@id\":\"https:\/\/thinkgut.eu\/ca\/objectius\/\",\"url\":\"https:\/\/thinkgut.eu\/ca\/objectius\/\",\"name\":\"Objectius - ThinkGut\",\"isPartOf\":{\"@id\":\"https:\/\/thinkgut.eu\/#website\"},\"datePublished\":\"2020-11-02T18:09:48+00:00\",\"dateModified\":\"2020-11-02T18:09:49+00:00\",\"description\":\"ThinkGut \u00e9s consorci d'experts transfronterer en interrelacions microbiota-cognici\u00f3 enfocat a prevenir, diagnosticar i tractar els trastorns neurocognitius associats a l'edat avan\u00e7ada i l'obesitat.\",\"breadcrumb\":{\"@id\":\"https:\/\/thinkgut.eu\/ca\/objectius\/#breadcrumb\"},\"inLanguage\":\"ca\",\"potentialAction\":[{\"@type\":\"ReadAction\",\"target\":[\"https:\/\/thinkgut.eu\/ca\/objectius\/\"]}]},{\"@type\":\"BreadcrumbList\",\"@id\":\"https:\/\/thinkgut.eu\/ca\/objectius\/#breadcrumb\",\"itemListElement\":[{\"@type\":\"ListItem\",\"position\":1,\"name\":\"Home\",\"item\":\"https:\/\/thinkgut.eu\/ca\/\"},{\"@type\":\"ListItem\",\"position\":2,\"name\":\"Objectius\"}]},{\"@type\":\"WebSite\",\"@id\":\"https:\/\/thinkgut.eu\/#website\",\"url\":\"https:\/\/thinkgut.eu\/\",\"name\":\"ThinkGut\",\"description\":\"Previsi\u00f3 personalitzada de la cognici\u00f3 a trav\u00e9s de la microbiota humana\",\"publisher\":{\"@id\":\"https:\/\/thinkgut.eu\/#organization\"},\"potentialAction\":[{\"@type\":\"SearchAction\",\"target\":{\"@type\":\"EntryPoint\",\"urlTemplate\":\"https:\/\/thinkgut.eu\/?s={search_term_string}\"},\"query-input\":\"required name=search_term_string\"}],\"inLanguage\":\"ca\"},{\"@type\":\"Organization\",\"@id\":\"https:\/\/thinkgut.eu\/#organization\",\"name\":\"ThinkGut\",\"url\":\"https:\/\/thinkgut.eu\/\",\"logo\":{\"@type\":\"ImageObject\",\"inLanguage\":\"ca\",\"@id\":\"https:\/\/thinkgut.eu\/#\/schema\/logo\/image\/\",\"url\":\"https:\/\/thinkgut.eu\/wp-content\/uploads\/2020\/07\/Interreg-POCTEFA-ThinkGut-CMYK.png\",\"contentUrl\":\"https:\/\/thinkgut.eu\/wp-content\/uploads\/2020\/07\/Interreg-POCTEFA-ThinkGut-CMYK.png\",\"width\":921,\"height\":415,\"caption\":\"ThinkGut\"},\"image\":{\"@id\":\"https:\/\/thinkgut.eu\/#\/schema\/logo\/image\/\"},\"sameAs\":[\"https:\/\/www.facebook.com\/ThinkGut-103367838164953\/?modal=admin_todo_tour\",\"https:\/\/twitter.com\/thinkgut\"]}]}<\/script>\n<!-- \/ Yoast SEO plugin. -->","yoast_head_json":{"title":"Objectius - ThinkGut","description":"ThinkGut \u00e9s consorci d'experts transfronterer en interrelacions microbiota-cognici\u00f3 enfocat a prevenir, diagnosticar i tractar els trastorns neurocognitius associats a l'edat avan\u00e7ada i l'obesitat.","robots":{"index":"index","follow":"follow","max-snippet":"max-snippet:-1","max-image-preview":"max-image-preview:large","max-video-preview":"max-video-preview:-1"},"canonical":"https:\/\/thinkgut.eu\/ca\/objectius\/","og_locale":"ca_ES","og_type":"article","og_title":"Objectius - ThinkGut","og_description":"ThinkGut \u00e9s consorci d'experts transfronterer en interrelacions microbiota-cognici\u00f3 enfocat a prevenir, diagnosticar i tractar els trastorns neurocognitius associats a l'edat avan\u00e7ada i l'obesitat.","og_url":"https:\/\/thinkgut.eu\/ca\/objectius\/","og_site_name":"ThinkGut","article_publisher":"https:\/\/www.facebook.com\/ThinkGut-103367838164953\/?modal=admin_todo_tour","article_modified_time":"2020-11-02T18:09:49+00:00","og_image":[{"url":"https:\/\/thinkgut.eu\/wp-content\/uploads\/2020\/07\/Interreg-POCTEFA-ThinkGut-CMYK.png"}],"twitter_card":"summary_large_image","twitter_site":"@thinkgut","twitter_misc":{"Temps estimat de lectura":"5 minuts"},"schema":{"@context":"https:\/\/schema.org","@graph":[{"@type":"WebPage","@id":"https:\/\/thinkgut.eu\/ca\/objectius\/","url":"https:\/\/thinkgut.eu\/ca\/objectius\/","name":"Objectius - ThinkGut","isPartOf":{"@id":"https:\/\/thinkgut.eu\/#website"},"datePublished":"2020-11-02T18:09:48+00:00","dateModified":"2020-11-02T18:09:49+00:00","description":"ThinkGut \u00e9s consorci d'experts transfronterer en interrelacions microbiota-cognici\u00f3 enfocat a prevenir, diagnosticar i tractar els trastorns neurocognitius associats a l'edat avan\u00e7ada i l'obesitat.","breadcrumb":{"@id":"https:\/\/thinkgut.eu\/ca\/objectius\/#breadcrumb"},"inLanguage":"ca","potentialAction":[{"@type":"ReadAction","target":["https:\/\/thinkgut.eu\/ca\/objectius\/"]}]},{"@type":"BreadcrumbList","@id":"https:\/\/thinkgut.eu\/ca\/objectius\/#breadcrumb","itemListElement":[{"@type":"ListItem","position":1,"name":"Home","item":"https:\/\/thinkgut.eu\/ca\/"},{"@type":"ListItem","position":2,"name":"Objectius"}]},{"@type":"WebSite","@id":"https:\/\/thinkgut.eu\/#website","url":"https:\/\/thinkgut.eu\/","name":"ThinkGut","description":"Previsi\u00f3 personalitzada de la cognici\u00f3 a trav\u00e9s de la microbiota humana","publisher":{"@id":"https:\/\/thinkgut.eu\/#organization"},"potentialAction":[{"@type":"SearchAction","target":{"@type":"EntryPoint","urlTemplate":"https:\/\/thinkgut.eu\/?s={search_term_string}"},"query-input":"required name=search_term_string"}],"inLanguage":"ca"},{"@type":"Organization","@id":"https:\/\/thinkgut.eu\/#organization","name":"ThinkGut","url":"https:\/\/thinkgut.eu\/","logo":{"@type":"ImageObject","inLanguage":"ca","@id":"https:\/\/thinkgut.eu\/#\/schema\/logo\/image\/","url":"https:\/\/thinkgut.eu\/wp-content\/uploads\/2020\/07\/Interreg-POCTEFA-ThinkGut-CMYK.png","contentUrl":"https:\/\/thinkgut.eu\/wp-content\/uploads\/2020\/07\/Interreg-POCTEFA-ThinkGut-CMYK.png","width":921,"height":415,"caption":"ThinkGut"},"image":{"@id":"https:\/\/thinkgut.eu\/#\/schema\/logo\/image\/"},"sameAs":["https:\/\/www.facebook.com\/ThinkGut-103367838164953\/?modal=admin_todo_tour","https:\/\/twitter.com\/thinkgut"]}]}},"_links":{"self":[{"href":"https:\/\/thinkgut.eu\/ca\/wp-json\/wp\/v2\/pages\/1222"}],"collection":[{"href":"https:\/\/thinkgut.eu\/ca\/wp-json\/wp\/v2\/pages"}],"about":[{"href":"https:\/\/thinkgut.eu\/ca\/wp-json\/wp\/v2\/types\/page"}],"author":[{"embeddable":true,"href":"https:\/\/thinkgut.eu\/ca\/wp-json\/wp\/v2\/users\/1"}],"replies":[{"embeddable":true,"href":"https:\/\/thinkgut.eu\/ca\/wp-json\/wp\/v2\/comments?post=1222"}],"version-history":[{"count":2,"href":"https:\/\/thinkgut.eu\/ca\/wp-json\/wp\/v2\/pages\/1222\/revisions"}],"predecessor-version":[{"id":1224,"href":"https:\/\/thinkgut.eu\/ca\/wp-json\/wp\/v2\/pages\/1222\/revisions\/1224"}],"wp:attachment":[{"href":"https:\/\/thinkgut.eu\/ca\/wp-json\/wp\/v2\/media?parent=1222"}],"curies":[{"name":"wp","href":"https:\/\/api.w.org\/{rel}","templated":true}]}}