{"id":1065,"date":"2020-11-02T11:13:10","date_gmt":"2020-11-02T11:13:10","guid":{"rendered":"https:\/\/thinkgut.eu\/protection-de-donnees\/"},"modified":"2020-11-02T11:14:15","modified_gmt":"2020-11-02T11:14:15","slug":"protection-donnees","status":"publish","type":"page","link":"https:\/\/thinkgut.eu\/fr\/protection-donnees\/","title":{"rendered":"PROTECTION DE DONN\u00c9ES"},"content":{"rendered":"<p>[et_pb_section fb_built=\u00a0\u00bb1&Prime; _builder_version=\u00a0\u00bb4.4.9&Prime; background_color=\u00a0\u00bb#f9f9f9&Prime; custom_margin=\u00a0\u00bb0px||0px||true|false\u00a0\u00bb custom_padding=\u00a0\u00bb0px||0px||true|false\u00a0\u00bb][et_pb_row use_custom_gutter=\u00a0\u00bbon\u00a0\u00bb gutter_width=\u00a0\u00bb1&Prime; make_equal=\u00a0\u00bbon\u00a0\u00bb _builder_version=\u00a0\u00bb4.5.6&Prime; background_enable_image=\u00a0\u00bboff\u00a0\u00bb max_width=\u00a0\u00bb2560px\u00a0\u00bb height_tablet=\u00a0\u00bb600px\u00a0\u00bb height_phone=\u00a0\u00bb500px\u00a0\u00bb height_last_edited=\u00a0\u00bbon|phone\u00a0\u00bb custom_margin=\u00a0\u00bb150px|auto|150px|auto|true|false\u00a0\u00bb custom_padding=\u00a0\u00bb0px||0px||true|false\u00a0\u00bb][et_pb_column type=\u00a0\u00bb4_4&Prime; _builder_version=\u00a0\u00bb4.4.9&Prime; background_enable_color=\u00a0\u00bboff\u00a0\u00bb][et_pb_text _builder_version=\u00a0\u00bb4.6.1&Prime; header_font=\u00a0\u00bb|700|||||||\u00a0\u00bb hover_enabled=\u00a0\u00bb0&Prime; sticky_enabled=\u00a0\u00bb0&Prime;]<\/p>\n<h1>PROTECTION DE DONN\u00c9ES<\/h1>\n<p>&nbsp;<\/p>\n<p>[\/et_pb_text][et_pb_text _builder_version=\u00a0\u00bb4.6.1&Prime; hover_enabled=\u00a0\u00bb0&Prime; sticky_enabled=\u00a0\u00bb0&Prime;]<\/p>\n<table width=\"640\">\n<tbody>\n<tr>\n<td colspan=\"2\" width=\"640\">\n<p style=\"text-align: left;\"><strong>Protection de donn\u00e9es RGPDUE 2016\/679 \u2013 LOPDGDD 3\/2018<\/strong>\u00a0\u00a0\u00a0\u00a0\u00a0\u00a0\u00a0\u00a0\u00a0\u00a0\u00a0\u00a0\u00a0\u00a0\u00a0\u00a0\u00a0\u00a0\u00a0\u00a0\u00a0\u00a0\u00a0\u00a0\u00a0\u00a0\u00a0\u00a0\u00a0\u00a0\u00a0\u00a0\u00a0\u00a0\u00a0\u00a0 \u00a0\u00a0\u00a0\u00a0\u00a0\u00a0\u00a0\u00a0Ver.<em><strong>\u00a020.1<\/strong><\/em><\/p>\n<\/td>\n<\/tr>\n<tr>\n<td width=\"115\">\n<p><strong>Responsable<\/strong><\/p>\n<\/td>\n<td width=\"525\">\n<p><strong>INSTITUT D\u2019INVESTIGACI\u00d3 BIOM\u00c8DICA DE GIRONA DR. JOSEP TRUETA <\/strong><\/p>\n<p><strong>-IdIBGi-<\/strong><\/p>\n<\/td>\n<\/tr>\n<tr>\n<td width=\"115\">\n<p><strong>Finalit\u00e9<\/strong><\/p>\n<p><strong>\u00a0<\/strong><\/p>\n<\/td>\n<td width=\"525\">\n<p>Collecte et traitement de vos donn\u00e9es pour r\u00e9pondre \u00e0 vos demandes et vous fournir p\u00e9riodiquement des informations sur nos produits et services qui peuvent vous int\u00e9resser et \/ ou pr\u00e9f\u00e9rer par des moyens \u00e9lectroniques actuels ou futurs, \u00e0 condition que vous nous autorisiez \u00e0 les traiter.<\/p>\n<\/td>\n<\/tr>\n<tr>\n<td width=\"115\">\n<p><strong>L\u00e9gitimation<\/strong><\/p>\n<p><strong>\u00a0<\/strong><\/p>\n<\/td>\n<td width=\"525\">\n<p>Int\u00e9r\u00eat l\u00e9gitime pour le traitement par le responsable du traitement afin de maintenir la relation \/ les services avec les clients et \/ ou les clients potentiels.<br \/>\nConsentement sans \u00e9quivoque et sp\u00e9cifique donn\u00e9 par l&rsquo;int\u00e9ress\u00e9.\n<\/p>\n<\/td>\n<\/tr>\n<tr>\n<td width=\"115\">\n<p><strong>Destinataires <\/strong><\/p>\n<\/td>\n<td width=\"525\">\n<p>Les donn\u00e9es seront transf\u00e9r\u00e9es \u00e0 d&rsquo;autres soci\u00e9t\u00e9s de projet, \u00e0 l&rsquo;INSERM et \u00e0 la PME Enterosys SAS<\/p>\n<\/td>\n<\/tr>\n<tr>\n<td width=\"115\">\n<p><strong>Droits<\/strong><\/p>\n<\/td>\n<td width=\"525\">\n<p>Acc\u00e9der, rectifier et supprimer les donn\u00e9es, ainsi que d&rsquo;autres droits, comme expliqu\u00e9 dans le + info RGPDUE compl\u00e9mentaire.<\/p>\n<\/td>\n<\/tr>\n<tr>\n<td width=\"115\">\n<p><strong>Information compl\u00e9mentaire<\/strong><\/p>\n<\/td>\n<td width=\"525\">\n<p>Vous pouvez consulter des informations compl\u00e9mentaires et d\u00e9taill\u00e9es sur la protection des donn\u00e9es sur notre site Web: www.thinkgut.eu<\/p>\n<\/td>\n<\/tr>\n<\/tbody>\n<\/table>\n<p>&nbsp;<\/p>\n<p>&nbsp;<\/p>\n<p>[\/et_pb_text][\/et_pb_column][\/et_pb_row][\/et_pb_section][et_pb_section fb_built=\u00a0\u00bb1&Prime; _builder_version=\u00a0\u00bb4.4.9&Prime; background_color=\u00a0\u00bb#003399&Prime; global_module=\u00a0\u00bb186&Prime; saved_tabs=\u00a0\u00bball\u00a0\u00bb][et_pb_row column_structure=\u00a0\u00bb2_3,1_3&Prime; use_custom_gutter=\u00a0\u00bbon\u00a0\u00bb gutter_width=\u00a0\u00bb2&Prime; _builder_version=\u00a0\u00bb4.4.9&Prime; width=\u00a0\u00bb90%\u00a0\u00bb max_width=\u00a0\u00bb2560px\u00a0\u00bb custom_padding=\u00a0\u00bb50px||50px||true|false\u00a0\u00bb][et_pb_column type=\u00a0\u00bb2_3&Prime; _builder_version=\u00a0\u00bb4.4.9&Prime;][et_pb_text _builder_version=\u00a0\u00bb4.5.3&Prime; text_text_color=\u00a0\u00bb#f7f7f7&Prime; text_font_size=\u00a0\u00bb13px\u00a0\u00bb header_5_font=\u00a0\u00bb|700|||||||\u00a0\u00bb header_5_text_color=\u00a0\u00bb#f7f7f7&Prime; custom_margin=\u00a0\u00bb||50px||false|false\u00a0\u00bb]<\/p>\n<p><img decoding=\"async\" class=\"poctefa\" src=\"https:\/\/thinkgut.eu\/wp-content\/uploads\/2020\/07\/Interreg-POCTEFA-ThinkGut-CMYK.png\" alt=\"\" style=\"padding: 0 20px 0px 0;\" width=\"300\" align=\"left\" \/><\/p>\n<h5>Fondo Europeo De Desarrollo Regional<\/h5>\n<p>El proyecto ThinkGut, cofinanciado al 65% por el Fondo Europeo de Desarrollo Regional (FEDER) a trav\u00e9s del Programa Interreg V-A Espa\u00f1a-Francia-Andorra (POCTEFA 2014-2020), cuenta con un presupuesto total de 1.3 millones de euros.<\/p>\n<p>[\/et_pb_text][et_pb_text _builder_version=\u00a0\u00bb4.5.6&Prime; header_4_font=\u00a0\u00bb|700|||||||\u00a0\u00bb header_4_text_color=\u00a0\u00bb#f7f7f7&Prime; custom_margin=\u00a0\u00bb||||false|false\u00a0\u00bb custom_padding=\u00a0\u00bb20px||||false|false\u00a0\u00bb]<H4>PARTNERS<\/H4><br \/>\n<img decoding=\"async\" class=\"alignnone wp-image-869 size-full\" src=\"https:\/\/thinkgut.eu\/wp-content\/uploads\/IDIBGI-log.jpg\" alt=\"\" style=\"padding-right: 20px; padding-top: 20px; float: left;\" width=\"180\" srcset=\"https:\/\/thinkgut.eu\/wp-content\/uploads\/IDIBGI-log.jpg 2200w, https:\/\/thinkgut.eu\/wp-content\/uploads\/IDIBGI-log-1280x756.jpg 1280w, https:\/\/thinkgut.eu\/wp-content\/uploads\/IDIBGI-log-980x579.jpg 980w, https:\/\/thinkgut.eu\/wp-content\/uploads\/IDIBGI-log-480x284.jpg 480w\" sizes=\"(min-width: 0px) and (max-width: 480px) 480px, (min-width: 481px) and (max-width: 980px) 980px, (min-width: 981px) and (max-width: 1280px) 1280px, (min-width: 1281px) 2200px, 100vw\" \/><img decoding=\"async\" class=\"alignnone wp-image-863 size-full\" style=\"padding-right: 20px; padding-top: 20px; float: left;\" src=\"https:\/\/thinkgut.eu\/wp-content\/uploads\/logo-inserm.jpg\" alt=\"\" width=\"180\" srcset=\"https:\/\/thinkgut.eu\/wp-content\/uploads\/logo-inserm.jpg 1100w, https:\/\/thinkgut.eu\/wp-content\/uploads\/logo-inserm-980x579.jpg 980w, https:\/\/thinkgut.eu\/wp-content\/uploads\/logo-inserm-480x284.jpg 480w\" sizes=\"(min-width: 0px) and (max-width: 480px) 480px, (min-width: 481px) and (max-width: 980px) 980px, (min-width: 981px) 1100px, 100vw\" \/><img decoding=\"async\" class=\"alignnone wp-image-866 size-full\" src=\"https:\/\/thinkgut.eu\/wp-content\/uploads\/ENTEROSYS.jpg\" alt=\"\" style=\"padding-right: 20px; padding-top: 20px; float: left;\" width=\"180\" srcset=\"https:\/\/thinkgut.eu\/wp-content\/uploads\/ENTEROSYS.jpg 2200w, https:\/\/thinkgut.eu\/wp-content\/uploads\/ENTEROSYS-1280x756.jpg 1280w, https:\/\/thinkgut.eu\/wp-content\/uploads\/ENTEROSYS-980x579.jpg 980w, https:\/\/thinkgut.eu\/wp-content\/uploads\/ENTEROSYS-480x284.jpg 480w\" sizes=\"(min-width: 0px) and (max-width: 480px) 480px, (min-width: 481px) and (max-width: 980px) 980px, (min-width: 981px) and (max-width: 1280px) 1280px, (min-width: 1281px) 2200px, 100vw\" \/>[\/et_pb_text][\/et_pb_column][et_pb_column type=\u00a0\u00bb1_3&Prime; _builder_version=\u00a0\u00bb4.4.9&Prime;][et_pb_text _builder_version=\u00a0\u00bb4.4.9&Prime; link_text_color=\u00a0\u00bb#f7f7f7&Prime; ul_text_color=\u00a0\u00bb#ffcc00&Prime; header_4_font=\u00a0\u00bb|700|||||||\u00a0\u00bb header_4_text_color=\u00a0\u00bb#f7f7f7&Prime;]<\/p>\n<h4>LINKS<\/h4>\n<ul>\n<li><a href=\"https:\/\/www.poctefa.eu\" target=\"_blank\" rel=\"noopener noreferrer\">POCTEFA <\/a><\/li>\n<li><a href=\"https:\/\/ec.europa.eu\/regional_policy\/es\/\" target=\"_blank\" rel=\"noopener noreferrer\">Regional Policy website of the European Union<\/a><\/li>\n<\/ul>\n<p>[\/et_pb_text][et_pb_text _builder_version=\u00a0\u00bb4.4.9&Prime; header_text_align=\u00a0\u00bbcenter\u00a0\u00bb header_4_font=\u00a0\u00bb|700|||||||\u00a0\u00bb header_4_text_color=\u00a0\u00bb#f7f7f7&Prime; text_orientation=\u00a0\u00bbcenter\u00a0\u00bb custom_margin=\u00a0\u00bb0px||0px||true|false\u00a0\u00bb custom_padding=\u00a0\u00bb10px||10px||true|false\u00a0\u00bb]<\/p>\n<h4 style=\"text-align: left;\">REDES SOCIALES<\/h4>\n<p>[\/et_pb_text][et_pb_social_media_follow _builder_version=\u00a0\u00bb4.5.6&Prime; text_orientation=\u00a0\u00bbleft\u00a0\u00bb][et_pb_social_media_follow_network social_network=\u00a0\u00bbfacebook\u00a0\u00bb url=\u00a0\u00bbhttps:\/\/www.facebook.com\/ThinkGut-103367838164953\/?modal=admin_todo_tour\u00a0\u00bb _builder_version=\u00a0\u00bb4.5.6&Prime; background_color=\u00a0\u00bb#3b5998&Prime; follow_button=\u00a0\u00bboff\u00a0\u00bb url_new_window=\u00a0\u00bbon\u00a0\u00bb]facebook[\/et_pb_social_media_follow_network][et_pb_social_media_follow_network social_network=\u00a0\u00bbtwitter\u00a0\u00bb url=\u00a0\u00bbhttps:\/\/twitter.com\/thinkgut\u00a0\u00bb _builder_version=\u00a0\u00bb4.5.6&Prime; background_color=\u00a0\u00bb#00aced\u00a0\u00bb follow_button=\u00a0\u00bboff\u00a0\u00bb url_new_window=\u00a0\u00bbon\u00a0\u00bb]twitter[\/et_pb_social_media_follow_network][\/et_pb_social_media_follow][et_pb_text _builder_version=\u00a0\u00bb4.4.9&Prime; link_text_color=\u00a0\u00bb#f7f7f7&Prime; ul_text_color=\u00a0\u00bb#ffcc00&Prime; header_4_font=\u00a0\u00bb|700|||||||\u00a0\u00bb header_4_text_color=\u00a0\u00bb#f7f7f7&Prime;]<\/p>\n<h4>TEXTOS LEGALES<\/h4>\n<p><a href=\"https:\/\/thinkgut.eu\/fr\/mentions-legales\/\">Aviso legal<\/a> \u00b7 <a href=\"https:\/\/thinkgut.eu\/fr\/politique-confidentialite\/\">Pol\u00edtica de Privacidad<\/a> \u00b7 <a href=\"https:\/\/thinkgut.eu\/fr\/politique-cookies\/\">Cookies<\/a> \u00b7 <a href=\"https:\/\/ec.europa.eu\/regional_policy\/es\/\" target=\"_blank\" rel=\"noopener noreferrer\"><\/a>[\/et_pb_text][\/et_pb_column][\/et_pb_row][\/et_pb_section]<\/p>\n","protected":false},"excerpt":{"rendered":"<p>PROTECTION DE DONN\u00c9ES &nbsp; Protection de donn\u00e9es RGPDUE 2016\/679 \u2013 LOPDGDD 3\/2018\u00a0\u00a0\u00a0\u00a0\u00a0\u00a0\u00a0\u00a0\u00a0\u00a0\u00a0\u00a0\u00a0\u00a0\u00a0\u00a0\u00a0\u00a0\u00a0\u00a0\u00a0\u00a0\u00a0\u00a0\u00a0\u00a0\u00a0\u00a0\u00a0\u00a0\u00a0\u00a0\u00a0\u00a0\u00a0\u00a0 \u00a0\u00a0\u00a0\u00a0\u00a0\u00a0\u00a0\u00a0Ver.\u00a020.1 Responsable INSTITUT D\u2019INVESTIGACI\u00d3 BIOM\u00c8DICA DE GIRONA DR. JOSEP TRUETA -IdIBGi- Finalit\u00e9 \u00a0 Collecte et traitement de vos donn\u00e9es pour r\u00e9pondre \u00e0 vos demandes et vous fournir p\u00e9riodiquement des informations sur nos produits et services qui peuvent vous int\u00e9resser et \/ ou pr\u00e9f\u00e9rer [&hellip;]<\/p>\n","protected":false},"author":1,"featured_media":0,"parent":0,"menu_order":21,"comment_status":"closed","ping_status":"closed","template":"","meta":{"_et_pb_use_builder":"on","_et_pb_old_content":"","_et_gb_content_width":""},"yoast_head":"<!-- This site is optimized with the Yoast SEO plugin v20.5 - https:\/\/yoast.com\/wordpress\/plugins\/seo\/ -->\n<title>PROTECTION DE DONN\u00c9ES - ThinkGut<\/title>\n<meta name=\"robots\" content=\"index, follow, max-snippet:-1, max-image-preview:large, max-video-preview:-1\" \/>\n<link rel=\"canonical\" href=\"https:\/\/thinkgut.eu\/fr\/protection-donnees\/\" \/>\n<meta property=\"og:locale\" content=\"fr_FR\" \/>\n<meta property=\"og:type\" content=\"article\" \/>\n<meta property=\"og:title\" content=\"PROTECTION DE DONN\u00c9ES - ThinkGut\" \/>\n<meta property=\"og:description\" content=\"PROTECTION DE DONN\u00c9ES &nbsp; Protection de donn\u00e9es RGPDUE 2016\/679 \u2013 LOPDGDD 3\/2018\u00a0\u00a0\u00a0\u00a0\u00a0\u00a0\u00a0\u00a0\u00a0\u00a0\u00a0\u00a0\u00a0\u00a0\u00a0\u00a0\u00a0\u00a0\u00a0\u00a0\u00a0\u00a0\u00a0\u00a0\u00a0\u00a0\u00a0\u00a0\u00a0\u00a0\u00a0\u00a0\u00a0\u00a0\u00a0\u00a0 \u00a0\u00a0\u00a0\u00a0\u00a0\u00a0\u00a0\u00a0Ver.\u00a020.1 Responsable INSTITUT D\u2019INVESTIGACI\u00d3 BIOM\u00c8DICA DE GIRONA DR. JOSEP TRUETA -IdIBGi- Finalit\u00e9 \u00a0 Collecte et traitement de vos donn\u00e9es pour r\u00e9pondre \u00e0 vos demandes et vous fournir p\u00e9riodiquement des informations sur nos produits et services qui peuvent vous int\u00e9resser et \/ ou pr\u00e9f\u00e9rer [&hellip;]\" \/>\n<meta property=\"og:url\" content=\"https:\/\/thinkgut.eu\/fr\/protection-donnees\/\" \/>\n<meta property=\"og:site_name\" content=\"ThinkGut\" \/>\n<meta property=\"article:publisher\" content=\"https:\/\/www.facebook.com\/ThinkGut-103367838164953\/?modal=admin_todo_tour\" \/>\n<meta property=\"article:modified_time\" content=\"2020-11-02T11:14:15+00:00\" \/>\n<meta property=\"og:image\" content=\"https:\/\/thinkgut.eu\/wp-content\/uploads\/2020\/07\/Interreg-POCTEFA-ThinkGut-CMYK.png\" \/>\n<meta name=\"twitter:card\" content=\"summary_large_image\" \/>\n<meta name=\"twitter:site\" content=\"@thinkgut\" \/>\n<meta name=\"twitter:label1\" content=\"Dur\u00e9e de lecture estim\u00e9e\" \/>\n\t<meta name=\"twitter:data1\" content=\"3 minutes\" \/>\n<script type=\"application\/ld+json\" class=\"yoast-schema-graph\">{\"@context\":\"https:\/\/schema.org\",\"@graph\":[{\"@type\":\"WebPage\",\"@id\":\"https:\/\/thinkgut.eu\/fr\/protection-donnees\/\",\"url\":\"https:\/\/thinkgut.eu\/fr\/protection-donnees\/\",\"name\":\"PROTECTION DE DONN\u00c9ES - ThinkGut\",\"isPartOf\":{\"@id\":\"https:\/\/thinkgut.eu\/#website\"},\"datePublished\":\"2020-11-02T11:13:10+00:00\",\"dateModified\":\"2020-11-02T11:14:15+00:00\",\"breadcrumb\":{\"@id\":\"https:\/\/thinkgut.eu\/fr\/protection-donnees\/#breadcrumb\"},\"inLanguage\":\"fr-FR\",\"potentialAction\":[{\"@type\":\"ReadAction\",\"target\":[\"https:\/\/thinkgut.eu\/fr\/protection-donnees\/\"]}]},{\"@type\":\"BreadcrumbList\",\"@id\":\"https:\/\/thinkgut.eu\/fr\/protection-donnees\/#breadcrumb\",\"itemListElement\":[{\"@type\":\"ListItem\",\"position\":1,\"name\":\"Home\",\"item\":\"https:\/\/thinkgut.eu\/fr\/\"},{\"@type\":\"ListItem\",\"position\":2,\"name\":\"PROTECTION DE DONN\u00c9ES\"}]},{\"@type\":\"WebSite\",\"@id\":\"https:\/\/thinkgut.eu\/#website\",\"url\":\"https:\/\/thinkgut.eu\/\",\"name\":\"ThinkGut\",\"description\":\"Pr\u00e9diction personnalis\u00e9e des fonctions cognitives par le microbiote humain\",\"publisher\":{\"@id\":\"https:\/\/thinkgut.eu\/#organization\"},\"potentialAction\":[{\"@type\":\"SearchAction\",\"target\":{\"@type\":\"EntryPoint\",\"urlTemplate\":\"https:\/\/thinkgut.eu\/?s={search_term_string}\"},\"query-input\":\"required name=search_term_string\"}],\"inLanguage\":\"fr-FR\"},{\"@type\":\"Organization\",\"@id\":\"https:\/\/thinkgut.eu\/#organization\",\"name\":\"ThinkGut\",\"url\":\"https:\/\/thinkgut.eu\/\",\"logo\":{\"@type\":\"ImageObject\",\"inLanguage\":\"fr-FR\",\"@id\":\"https:\/\/thinkgut.eu\/#\/schema\/logo\/image\/\",\"url\":\"https:\/\/thinkgut.eu\/wp-content\/uploads\/2020\/07\/Interreg-POCTEFA-ThinkGut-CMYK.png\",\"contentUrl\":\"https:\/\/thinkgut.eu\/wp-content\/uploads\/2020\/07\/Interreg-POCTEFA-ThinkGut-CMYK.png\",\"width\":921,\"height\":415,\"caption\":\"ThinkGut\"},\"image\":{\"@id\":\"https:\/\/thinkgut.eu\/#\/schema\/logo\/image\/\"},\"sameAs\":[\"https:\/\/www.facebook.com\/ThinkGut-103367838164953\/?modal=admin_todo_tour\",\"https:\/\/twitter.com\/thinkgut\"]}]}<\/script>\n<!-- \/ Yoast SEO plugin. -->","yoast_head_json":{"title":"PROTECTION DE DONN\u00c9ES - ThinkGut","robots":{"index":"index","follow":"follow","max-snippet":"max-snippet:-1","max-image-preview":"max-image-preview:large","max-video-preview":"max-video-preview:-1"},"canonical":"https:\/\/thinkgut.eu\/fr\/protection-donnees\/","og_locale":"fr_FR","og_type":"article","og_title":"PROTECTION DE DONN\u00c9ES - ThinkGut","og_description":"PROTECTION DE DONN\u00c9ES &nbsp; Protection de donn\u00e9es RGPDUE 2016\/679 \u2013 LOPDGDD 3\/2018\u00a0\u00a0\u00a0\u00a0\u00a0\u00a0\u00a0\u00a0\u00a0\u00a0\u00a0\u00a0\u00a0\u00a0\u00a0\u00a0\u00a0\u00a0\u00a0\u00a0\u00a0\u00a0\u00a0\u00a0\u00a0\u00a0\u00a0\u00a0\u00a0\u00a0\u00a0\u00a0\u00a0\u00a0\u00a0\u00a0 \u00a0\u00a0\u00a0\u00a0\u00a0\u00a0\u00a0\u00a0Ver.\u00a020.1 Responsable INSTITUT D\u2019INVESTIGACI\u00d3 BIOM\u00c8DICA DE GIRONA DR. JOSEP TRUETA -IdIBGi- Finalit\u00e9 \u00a0 Collecte et traitement de vos donn\u00e9es pour r\u00e9pondre \u00e0 vos demandes et vous fournir p\u00e9riodiquement des informations sur nos produits et services qui peuvent vous int\u00e9resser et \/ ou pr\u00e9f\u00e9rer [&hellip;]","og_url":"https:\/\/thinkgut.eu\/fr\/protection-donnees\/","og_site_name":"ThinkGut","article_publisher":"https:\/\/www.facebook.com\/ThinkGut-103367838164953\/?modal=admin_todo_tour","article_modified_time":"2020-11-02T11:14:15+00:00","og_image":[{"url":"https:\/\/thinkgut.eu\/wp-content\/uploads\/2020\/07\/Interreg-POCTEFA-ThinkGut-CMYK.png"}],"twitter_card":"summary_large_image","twitter_site":"@thinkgut","twitter_misc":{"Dur\u00e9e de lecture estim\u00e9e":"3 minutes"},"schema":{"@context":"https:\/\/schema.org","@graph":[{"@type":"WebPage","@id":"https:\/\/thinkgut.eu\/fr\/protection-donnees\/","url":"https:\/\/thinkgut.eu\/fr\/protection-donnees\/","name":"PROTECTION DE DONN\u00c9ES - ThinkGut","isPartOf":{"@id":"https:\/\/thinkgut.eu\/#website"},"datePublished":"2020-11-02T11:13:10+00:00","dateModified":"2020-11-02T11:14:15+00:00","breadcrumb":{"@id":"https:\/\/thinkgut.eu\/fr\/protection-donnees\/#breadcrumb"},"inLanguage":"fr-FR","potentialAction":[{"@type":"ReadAction","target":["https:\/\/thinkgut.eu\/fr\/protection-donnees\/"]}]},{"@type":"BreadcrumbList","@id":"https:\/\/thinkgut.eu\/fr\/protection-donnees\/#breadcrumb","itemListElement":[{"@type":"ListItem","position":1,"name":"Home","item":"https:\/\/thinkgut.eu\/fr\/"},{"@type":"ListItem","position":2,"name":"PROTECTION DE DONN\u00c9ES"}]},{"@type":"WebSite","@id":"https:\/\/thinkgut.eu\/#website","url":"https:\/\/thinkgut.eu\/","name":"ThinkGut","description":"Pr\u00e9diction personnalis\u00e9e des fonctions cognitives par le microbiote humain","publisher":{"@id":"https:\/\/thinkgut.eu\/#organization"},"potentialAction":[{"@type":"SearchAction","target":{"@type":"EntryPoint","urlTemplate":"https:\/\/thinkgut.eu\/?s={search_term_string}"},"query-input":"required name=search_term_string"}],"inLanguage":"fr-FR"},{"@type":"Organization","@id":"https:\/\/thinkgut.eu\/#organization","name":"ThinkGut","url":"https:\/\/thinkgut.eu\/","logo":{"@type":"ImageObject","inLanguage":"fr-FR","@id":"https:\/\/thinkgut.eu\/#\/schema\/logo\/image\/","url":"https:\/\/thinkgut.eu\/wp-content\/uploads\/2020\/07\/Interreg-POCTEFA-ThinkGut-CMYK.png","contentUrl":"https:\/\/thinkgut.eu\/wp-content\/uploads\/2020\/07\/Interreg-POCTEFA-ThinkGut-CMYK.png","width":921,"height":415,"caption":"ThinkGut"},"image":{"@id":"https:\/\/thinkgut.eu\/#\/schema\/logo\/image\/"},"sameAs":["https:\/\/www.facebook.com\/ThinkGut-103367838164953\/?modal=admin_todo_tour","https:\/\/twitter.com\/thinkgut"]}]}},"_links":{"self":[{"href":"https:\/\/thinkgut.eu\/fr\/wp-json\/wp\/v2\/pages\/1065"}],"collection":[{"href":"https:\/\/thinkgut.eu\/fr\/wp-json\/wp\/v2\/pages"}],"about":[{"href":"https:\/\/thinkgut.eu\/fr\/wp-json\/wp\/v2\/types\/page"}],"author":[{"embeddable":true,"href":"https:\/\/thinkgut.eu\/fr\/wp-json\/wp\/v2\/users\/1"}],"replies":[{"embeddable":true,"href":"https:\/\/thinkgut.eu\/fr\/wp-json\/wp\/v2\/comments?post=1065"}],"version-history":[{"count":2,"href":"https:\/\/thinkgut.eu\/fr\/wp-json\/wp\/v2\/pages\/1065\/revisions"}],"predecessor-version":[{"id":1067,"href":"https:\/\/thinkgut.eu\/fr\/wp-json\/wp\/v2\/pages\/1065\/revisions\/1067"}],"wp:attachment":[{"href":"https:\/\/thinkgut.eu\/fr\/wp-json\/wp\/v2\/media?parent=1065"}],"curies":[{"name":"wp","href":"https:\/\/api.w.org\/{rel}","templated":true}]}}