{"id":1089,"date":"2020-11-02T11:55:29","date_gmt":"2020-11-02T11:55:29","guid":{"rendered":"https:\/\/thinkgut.eu\/mentions-legales\/"},"modified":"2020-11-02T11:55:30","modified_gmt":"2020-11-02T11:55:30","slug":"mentions-legales","status":"publish","type":"page","link":"https:\/\/thinkgut.eu\/fr\/mentions-legales\/","title":{"rendered":"Mentions legales"},"content":{"rendered":"<p>[et_pb_section fb_built=\u00a0\u00bb1&Prime; _builder_version=\u00a0\u00bb4.4.9&Prime; background_color=\u00a0\u00bb#f9f9f9&Prime; custom_margin=\u00a0\u00bb0px||0px||true|false\u00a0\u00bb custom_padding=\u00a0\u00bb0px||0px||true|false\u00a0\u00bb][et_pb_row use_custom_gutter=\u00a0\u00bbon\u00a0\u00bb gutter_width=\u00a0\u00bb1&Prime; make_equal=\u00a0\u00bbon\u00a0\u00bb _builder_version=\u00a0\u00bb4.5.6&Prime; background_enable_image=\u00a0\u00bboff\u00a0\u00bb max_width=\u00a0\u00bb2560px\u00a0\u00bb height_tablet=\u00a0\u00bb600px\u00a0\u00bb height_phone=\u00a0\u00bb500px\u00a0\u00bb height_last_edited=\u00a0\u00bbon|phone\u00a0\u00bb custom_margin=\u00a0\u00bb150px|auto|150px|auto|true|false\u00a0\u00bb custom_padding=\u00a0\u00bb0px||0px||true|false\u00a0\u00bb][et_pb_column type=\u00a0\u00bb4_4&Prime; _builder_version=\u00a0\u00bb4.4.9&Prime; background_enable_color=\u00a0\u00bboff\u00a0\u00bb][et_pb_text _builder_version=\u00a0\u00bb4.5.6&Prime; header_font=\u00a0\u00bb|700|||||||\u00a0\u00bb]<\/p>\n<h1>MENTIONS L\u00c9GALES<\/h1>\n<p>&nbsp;<\/p>\n<p>[\/et_pb_text][et_pb_text _builder_version=\u00a0\u00bb4.5.6&Prime; hover_enabled=\u00a0\u00bb0&Prime;]<\/p>\n<p><strong>DONN\u00c9ES D\u2019IDENTIFICATION DU PRESTATAIRE DE SERVICES DE LA SOCI\u00c9T\u00c9 DE L\u2019INFORMATION<\/strong><\/p>\n<p>Conform\u00e9ment \u00e0 l&rsquo;article 10 de la Loi 34\/2002 du 11 juillet \u00ab Services de la soci\u00e9t\u00e9 de l&rsquo;information et du commerce \u00e9lectronique (LSSI)\u00bb, nous vous communiquons les informations suivantes: <\/p>\n<p><strong>INSTITUT D\u2019INVESTIGACI\u00d3 BIOM\u00c8DICA DE GIRONA DR. JOSEP TRUETA<\/strong>, [ci-apr\u00e8s IDIBGI], propri\u00e9taire du portail web thinkgut.eu, qui agit exclusivement en tant qu\u2019exploitante, et gestionnaire des contenus des portails Web domicili\u00e9e \u00e0 : C\/DR. CASTANY, S\/N EDIFICI M2-PARC HOSPITALARI SANT JULI\u00c0 DE SALT- 17190 SALT (GIRONA), NIF G17432592, Enregistr\u00e9 au registre des Fondations n\u00ba929, est charg\u00e9e de l\u2019exploitation, de la gestion et du fonctionnement du portail Web susmentionn\u00e9.<br \/>\nSi vous souhaitez nous contacter, vous pouvez le faire par courrier postal \u00e0 l\u2019adresse mentionn\u00e9e au paragraphe pr\u00e9c\u00e9dent, ou par courrier \u00e9lectronique \u00e0 fundacio@idibgi.org\n<\/p>\n<p><strong>INTRODUCTION <\/strong><\/p>\n<p>Les pr\u00e9sentes mentions l\u00e9gales r\u00e9gissent l\u2019utilisation de ce site web. L\u2019acc\u00e8s au site est gratuit, exception faite des co\u00fbts de connexion, via le r\u00e9seau des t\u00e9l\u00e9communications, fournie par l\u2019op\u00e9rateur offrant ce service aux utilisateurs.<\/p>\n<p><strong>ACCEPTATION<\/strong><\/p>\n<p>L\u2019utilisation du portail Web attribue la condition de l\u2019utilisateur, et implique l\u2019acceptation totale et sans r\u00e9serve de chacune des dispositions incluses dans les pr\u00e9sentes mentions l\u00e9gales, dans la version publi\u00e9e pour IDIBGI au moment m\u00eame o\u00f9 l\u2019utilisateur acc\u00e8de au site Web. Par cons\u00e9quent, l\u2019utilisateur doit lire attentivement ces mentions l\u00e9gales \u00e0 chaque fois qu\u2019il a l\u2019intention d\u2019utiliser le site Web, puisqu\u2019elles peuvent \u00eatre modifi\u00e9es.<\/p>\n<p><strong>INFORMATIONS SUR LES LIENS \u00ab LINKS \u00bb<\/strong><\/p>\n<p>IDIBGI n\u2019est pas responsable des sites Web ne lui appartenant pas ou appartenant \u00e0 des tiers, auxquels il est possible d\u2019acc\u00e9der par des liens \u00ab links \u00bb ou par tout contenu mis \u00e0 disposition par des tiers.<br \/>\nToute utilisation d\u2019un lien ou acc\u00e8s \u00e0 un site Web n\u2019appartenant pas \u00e0 IDIBGI r\u00e9sulte de la seule d\u00e9cision de l\u2019utilisateur et se fait \u00e0 ses propres risques. IDIBGI ne recommande ni ne garantit aucune information obtenue via un lien en dehors du site web de thinkgut.eu, et ne saurait \u00eatre tenue responsable de toute perte, r\u00e9clamation ou dommages r\u00e9sultant de l\u2019utilisation ou d\u2019une mauvaise utilisation d\u2019un lien, ou des informations obtenues \u00e0 travers ce dernier, y compris d\u2019autres liens ou sites Web, de l\u2019interruption du service ou de l\u2019acc\u00e8s, ou de l\u2019utilisation ou d\u2019une mauvaise utilisation d\u2019un lien, tant lors de la connexion au portail web thinkgut.eu que lors de l\u2019acc\u00e8s aux informations d\u2019autres sites web \u00e0 partir du m\u00eame portail web.<\/p>\n<p><strong>EXON\u00c9RATION ET LIMITATION DE RESPONSABILIT\u00c9<\/strong><\/p>\n<p>Les informations et les services inclus ou disponibles \u00e0 travers les pages Web peuvent comporter des inexactitudes ou des erreurs typographiques. Des modifications sont apport\u00e9es p\u00e9riodiquement aux informations qui y sont contenues. IDIBGI peut apporter \u00e0 tout moment des am\u00e9liorations et\/ou des modifications aux services ou aux contenus.<br \/>\nVous \u00eates \u00e9galement averti que le contenu de ce site Web a pour but d\u2019informer sur les services et les tarifs propos\u00e9s, comme le pr\u00e9voient les pr\u00e9sentes mentions l\u00e9gales et le reste des textes juridiques de ce portail.\n<\/p>\n<p><strong>INFORMATIONS RELATIVES \u00c0 L\u2019EXON\u00c9RATION DE TOUTE RESPONSABILIT\u00c9 EN CAS DE D\u00c9FAILLANCE TECHNIQUE ET DE CONTENU<\/strong><\/p>\n<p>IDIBGI d\u00e9cline toute responsabilit\u00e9 en cas d\u2019interruption ou de dysfonctionnement des services ou contenus offerts sur Internet, quelle qu\u2019en soit leur cause.<br \/>\nEn outre, IDIBGI n\u2019est pas responsable des pannes de r\u00e9seau, des pertes d\u2019exploitation r\u00e9sultant de ces pannes, des interruptions temporaires d\u2019\u00e9lectricit\u00e9 ou de tout autre type.\n<\/p>\n<p>IDIBGI ne garantit pas que les services ou les contenus ne seront pas interrompus ou exempts d\u2019erreurs, que les d\u00e9fauts seront corrig\u00e9s, ou que le service ou le serveur qui le met \u00e0 disposition sont exempts de virus ou d\u2019autres \u00e9l\u00e9ments nuisibles, sans pr\u00e9judice du fait que IDIBGI s\u2019efforce d\u2019\u00e9viter ce type d\u2019incidents. Dans le cas o\u00f9 l\u2019utilisateur prendrait certaines d\u00e9cisions ou actions reposant sur les informations contenues dans l\u2019un des sites Web, il lui conseill\u00e9 de v\u00e9rifier les informations re\u00e7ues aupr\u00e8s d\u2019autres sources.<\/p>\n<p><strong>PROPRI\u00c9T\u00c9 INTELLECTUELLE ET INDUSTRIELLE, MARQUES D\u00c9POS\u00c9ES<\/strong><\/p>\n<p>La structure, la conception et la forme de pr\u00e9sentation des \u00e9l\u00e9ments (graphiques, images, fichiers, logos, combinaisons de couleurs et tout \u00e9l\u00e9ment susceptible de protection) sont prot\u00e9g\u00e9es par des droits de propri\u00e9t\u00e9 intellectuelle, d\u00e9tenus par IDIBGI.<\/p>\n<p>La reproduction, la transformation, la distribution, la communication publique et, d\u2019une mani\u00e8re g\u00e9n\u00e9rale, toute autre forme d\u2019exploitation, partielle ou totale, des \u00e9l\u00e9ments vis\u00e9s \u00e0 l\u2019article pr\u00e9c\u00e9dent est interdite. Ces actes d\u2019exploitation ne peuvent \u00eatre r\u00e9alis\u00e9s qu\u2019avec l\u2019autorisation expresse de IDIBGI et devront, dans tous les cas, faire explicitement r\u00e9f\u00e9rence \u00e0 la propri\u00e9t\u00e9 desdits droits de propri\u00e9t\u00e9 intellectuelle de IDIBGI.<\/p>\n<p>Seul le mat\u00e9riel documentaire \u00e9labor\u00e9 pour IDIBGI est autoris\u00e9 pour un usage priv\u00e9. Il est interdit de supprimer, de modifier, de contourner ou d\u2019alt\u00e9rer tout dispositif de protection ou syst\u00e8me de s\u00e9curit\u00e9 qui pourrait \u00eatre install\u00e9.<\/p>\n<p>Sauf autorisation expresse de IDIBGI, les liens vers les \u00ab pages finales \u00bb, le \u00ab frame \u00bb et toute autre manipulation similaire ne sont pas autoris\u00e9s. Les liens doivent toujours se trouver sur la page d\u2019accueil ou \u00ab home page \u00bb de thinkgut.eu<\/p>\n<p>Les signes distinctifs (marques, noms commerciaux) de IDIBGI sont prot\u00e9g\u00e9s par des droits de propri\u00e9t\u00e9 industrielle, l\u2019utilisation ou la manipulation de l\u2019un d\u2019entre eux \u00e9tant interdite, sauf autorisation \u00e9crite expresse de IDIBGI.\n<\/p>\n<p><strong>NE PARTAGEZ PAS VOS INFORMATIONS PERSONNELLES<\/strong><\/p>\n<p>IDIBGI ne vous enverra jamais de courrier \u00e9lectronique ou ne vous appellera jamais pour vous demander de divulguer ou de v\u00e9rifier le mot de passe de votre compte, vos num\u00e9ros de compte bancaire ou de carte de cr\u00e9dit, ou toute autre information personnelle. Si quelqu\u2019un vous contacte ou si vous recevez un courrier \u00e9lectronique non sollicit\u00e9 vous demandant l\u2019une des donn\u00e9es ci-dessus, ne r\u00e9pondez pas et informez-en imm\u00e9diatement IDIBGI, afin qu\u2019elle puisse mener une enqu\u00eate sur l\u2019incident.\n<\/p>\n<p><strong>IDENTIFIEZ LES FAUX COURRIERS \u00c9LECTRONIQUES (tentatives de \u00ab spoofing \u00bb ou de \u00ab phishing \u00bb)<\/strong><\/p>\n<p>Ignorez tout courrier \u00e9lectronique que vous recevez et vous demandant des informations personnelles ou vous redirigeant vers un autre site web n\u2019appartenant pas \u00e0 IDIBGI ou \u00e0 des soci\u00e9t\u00e9s du groupe, ou qui vous demande de payer par un moyen diff\u00e9rent de celui autoris\u00e9 par IDIBGI, car il pourrait s\u2019agir d\u2019une tentative d\u2019usurpation d\u2019identit\u00e9 (\u00ab spoofing \u00bb ou de \u00ab phishing \u00bb), et vous devrez le consid\u00e9rer comme frauduleux.<\/p>\n<p>IDIBGI utilise le domaine \u00abthinkgut.eu\u00bb pour ses courriers \u00e9lectroniques.<br \/>\nSi vous recevez un courrier \u00e9lectronique avec un format diff\u00e9rent, par exemple : idibgi.security@hotmail.com, vous pouvez \u00eatre s\u00fbr qu\u2019il s\u2019agit d\u2019un faux courrier \u00e9lectronique.<br \/>\nCertains courriers \u00e9lectroniques de phishing contiennent des liens vers des sites Web qui utilisent le mot \u00ab IDIBGI \u00bb dans leur URL, mais qui vous dirigeront vers un site web compl\u00e8tement diff\u00e9rent. Si vous passez votre souris sur le lien, vous verrez l\u2019URL associ\u00e9e, qui se pr\u00e9sentera probablement sous un format diff\u00e9rent de celles li\u00e9es aux v\u00e9ritables sites Web de IDIBGI.\n<\/p>\n<p>Si, malgr\u00e9 tout, vous cliquez sur un courrier \u00e9lectronique de phishing et que vous \u00eates redirig\u00e9 vers une page ressemblant \u00e0 \u00ab Votre compte \u00bb ou vers une page qui vous demande de v\u00e9rifier ou de modifier vos informations personnelles, ignorez-la et consid\u00e9rez-la comme frauduleuse.<\/p>\n<p><strong>SIGNALEZ LES TENTATIVES DE \u00ab phishing \u00bb<\/strong><\/p>\n<p>Envoyez un courrier \u00e9lectronique \u00e0 l\u2019adresse fundacio@idibgi.org et joignez le courrier \u00e9lectronique que vous estimez \u00eatre faux. En nous fournissant ces informations, vous nous aidez \u00e0 retrouver son origine.<br \/>\nSi vous ne pouvez pas joindre le faux courrier \u00e9lectronique, transmettez-le \u00e0 transparencia@idibgi.org et incluez autant d\u2019informations que possible \u00e0 son sujet.\n<\/p>\n<p>[\/et_pb_text][\/et_pb_column][\/et_pb_row][\/et_pb_section][et_pb_section fb_built=\u00a0\u00bb1&Prime; _builder_version=\u00a0\u00bb4.4.9&Prime; background_color=\u00a0\u00bb#003399&Prime; global_module=\u00a0\u00bb186&Prime; saved_tabs=\u00a0\u00bball\u00a0\u00bb][et_pb_row column_structure=\u00a0\u00bb2_3,1_3&Prime; use_custom_gutter=\u00a0\u00bbon\u00a0\u00bb gutter_width=\u00a0\u00bb2&Prime; _builder_version=\u00a0\u00bb4.4.9&Prime; width=\u00a0\u00bb90%\u00a0\u00bb max_width=\u00a0\u00bb2560px\u00a0\u00bb custom_padding=\u00a0\u00bb50px||50px||true|false\u00a0\u00bb][et_pb_column type=\u00a0\u00bb2_3&Prime; _builder_version=\u00a0\u00bb4.4.9&Prime;][et_pb_text _builder_version=\u00a0\u00bb4.5.3&Prime; text_text_color=\u00a0\u00bb#f7f7f7&Prime; text_font_size=\u00a0\u00bb13px\u00a0\u00bb header_5_font=\u00a0\u00bb|700|||||||\u00a0\u00bb header_5_text_color=\u00a0\u00bb#f7f7f7&Prime; custom_margin=\u00a0\u00bb||50px||false|false\u00a0\u00bb]<\/p>\n<p><img decoding=\"async\" class=\"poctefa\" src=\"https:\/\/thinkgut.eu\/wp-content\/uploads\/2020\/07\/Interreg-POCTEFA-ThinkGut-CMYK.png\" alt=\"\" style=\"padding: 0 20px 0px 0;\" width=\"300\" align=\"left\" \/><\/p>\n<h5>Fondo Europeo De Desarrollo Regional<\/h5>\n<p>El proyecto ThinkGut, cofinanciado al 65% por el Fondo Europeo de Desarrollo Regional (FEDER) a trav\u00e9s del Programa Interreg V-A Espa\u00f1a-Francia-Andorra (POCTEFA 2014-2020), cuenta con un presupuesto total de 1.3 millones de euros.<\/p>\n<p>[\/et_pb_text][et_pb_text _builder_version=\u00a0\u00bb4.5.6&Prime; header_4_font=\u00a0\u00bb|700|||||||\u00a0\u00bb header_4_text_color=\u00a0\u00bb#f7f7f7&Prime; custom_margin=\u00a0\u00bb||||false|false\u00a0\u00bb custom_padding=\u00a0\u00bb20px||||false|false\u00a0\u00bb]<H4>PARTNERS<\/H4><br \/>\n<img decoding=\"async\" class=\"alignnone wp-image-869 size-full\" src=\"https:\/\/thinkgut.eu\/wp-content\/uploads\/IDIBGI-log.jpg\" alt=\"\" style=\"padding-right: 20px; padding-top: 20px; float: left;\" width=\"180\" srcset=\"https:\/\/thinkgut.eu\/wp-content\/uploads\/IDIBGI-log.jpg 2200w, https:\/\/thinkgut.eu\/wp-content\/uploads\/IDIBGI-log-1280x756.jpg 1280w, https:\/\/thinkgut.eu\/wp-content\/uploads\/IDIBGI-log-980x579.jpg 980w, https:\/\/thinkgut.eu\/wp-content\/uploads\/IDIBGI-log-480x284.jpg 480w\" sizes=\"(min-width: 0px) and (max-width: 480px) 480px, (min-width: 481px) and (max-width: 980px) 980px, (min-width: 981px) and (max-width: 1280px) 1280px, (min-width: 1281px) 2200px, 100vw\" \/><img decoding=\"async\" class=\"alignnone wp-image-863 size-full\" style=\"padding-right: 20px; padding-top: 20px; float: left;\" src=\"https:\/\/thinkgut.eu\/wp-content\/uploads\/logo-inserm.jpg\" alt=\"\" width=\"180\" srcset=\"https:\/\/thinkgut.eu\/wp-content\/uploads\/logo-inserm.jpg 1100w, https:\/\/thinkgut.eu\/wp-content\/uploads\/logo-inserm-980x579.jpg 980w, https:\/\/thinkgut.eu\/wp-content\/uploads\/logo-inserm-480x284.jpg 480w\" sizes=\"(min-width: 0px) and (max-width: 480px) 480px, (min-width: 481px) and (max-width: 980px) 980px, (min-width: 981px) 1100px, 100vw\" \/><img decoding=\"async\" class=\"alignnone wp-image-866 size-full\" src=\"https:\/\/thinkgut.eu\/wp-content\/uploads\/ENTEROSYS.jpg\" alt=\"\" style=\"padding-right: 20px; padding-top: 20px; float: left;\" width=\"180\" srcset=\"https:\/\/thinkgut.eu\/wp-content\/uploads\/ENTEROSYS.jpg 2200w, https:\/\/thinkgut.eu\/wp-content\/uploads\/ENTEROSYS-1280x756.jpg 1280w, https:\/\/thinkgut.eu\/wp-content\/uploads\/ENTEROSYS-980x579.jpg 980w, https:\/\/thinkgut.eu\/wp-content\/uploads\/ENTEROSYS-480x284.jpg 480w\" sizes=\"(min-width: 0px) and (max-width: 480px) 480px, (min-width: 481px) and (max-width: 980px) 980px, (min-width: 981px) and (max-width: 1280px) 1280px, (min-width: 1281px) 2200px, 100vw\" \/>[\/et_pb_text][\/et_pb_column][et_pb_column type=\u00a0\u00bb1_3&Prime; _builder_version=\u00a0\u00bb4.4.9&Prime;][et_pb_text _builder_version=\u00a0\u00bb4.4.9&Prime; link_text_color=\u00a0\u00bb#f7f7f7&Prime; ul_text_color=\u00a0\u00bb#ffcc00&Prime; header_4_font=\u00a0\u00bb|700|||||||\u00a0\u00bb header_4_text_color=\u00a0\u00bb#f7f7f7&Prime;]<\/p>\n<h4>LINKS<\/h4>\n<ul>\n<li><a href=\"https:\/\/www.poctefa.eu\" target=\"_blank\" rel=\"noopener noreferrer\">POCTEFA <\/a><\/li>\n<li><a href=\"https:\/\/ec.europa.eu\/regional_policy\/es\/\" target=\"_blank\" rel=\"noopener noreferrer\">Regional Policy website of the European Union<\/a><\/li>\n<\/ul>\n<p>[\/et_pb_text][et_pb_text _builder_version=\u00a0\u00bb4.4.9&Prime; header_text_align=\u00a0\u00bbcenter\u00a0\u00bb header_4_font=\u00a0\u00bb|700|||||||\u00a0\u00bb header_4_text_color=\u00a0\u00bb#f7f7f7&Prime; text_orientation=\u00a0\u00bbcenter\u00a0\u00bb custom_margin=\u00a0\u00bb0px||0px||true|false\u00a0\u00bb custom_padding=\u00a0\u00bb10px||10px||true|false\u00a0\u00bb]<\/p>\n<h4 style=\"text-align: left;\">REDES SOCIALES<\/h4>\n<p>[\/et_pb_text][et_pb_social_media_follow _builder_version=\u00a0\u00bb4.5.6&Prime; text_orientation=\u00a0\u00bbleft\u00a0\u00bb][et_pb_social_media_follow_network social_network=\u00a0\u00bbfacebook\u00a0\u00bb url=\u00a0\u00bbhttps:\/\/www.facebook.com\/ThinkGut-103367838164953\/?modal=admin_todo_tour\u00a0\u00bb _builder_version=\u00a0\u00bb4.5.6&Prime; background_color=\u00a0\u00bb#3b5998&Prime; follow_button=\u00a0\u00bboff\u00a0\u00bb url_new_window=\u00a0\u00bbon\u00a0\u00bb]facebook[\/et_pb_social_media_follow_network][et_pb_social_media_follow_network social_network=\u00a0\u00bbtwitter\u00a0\u00bb url=\u00a0\u00bbhttps:\/\/twitter.com\/thinkgut\u00a0\u00bb _builder_version=\u00a0\u00bb4.5.6&Prime; background_color=\u00a0\u00bb#00aced\u00a0\u00bb follow_button=\u00a0\u00bboff\u00a0\u00bb url_new_window=\u00a0\u00bbon\u00a0\u00bb]twitter[\/et_pb_social_media_follow_network][\/et_pb_social_media_follow][et_pb_text _builder_version=\u00a0\u00bb4.4.9&Prime; link_text_color=\u00a0\u00bb#f7f7f7&Prime; ul_text_color=\u00a0\u00bb#ffcc00&Prime; header_4_font=\u00a0\u00bb|700|||||||\u00a0\u00bb header_4_text_color=\u00a0\u00bb#f7f7f7&Prime;]<\/p>\n<h4>TEXTOS LEGALES<\/h4>\n<p><a href=\"https:\/\/thinkgut.eu\/fr\/mentions-legales\/\">Aviso legal<\/a> \u00b7 <a href=\"https:\/\/thinkgut.eu\/politica-privacidad\/\">Pol\u00edtica de Privacidad<\/a> \u00b7 <a href=\"https:\/\/thinkgut.eu\/politica-cookies\/\">Cookies<\/a> \u00b7 <a href=\"https:\/\/ec.europa.eu\/regional_policy\/es\/\" target=\"_blank\" rel=\"noopener noreferrer\"><\/a>[\/et_pb_text][\/et_pb_column][\/et_pb_row][\/et_pb_section]<\/p>\n","protected":false},"excerpt":{"rendered":"<p>MENTIONS L\u00c9GALES &nbsp;DONN\u00c9ES D\u2019IDENTIFICATION DU PRESTATAIRE DE SERVICES DE LA SOCI\u00c9T\u00c9 DE L\u2019INFORMATION Conform\u00e9ment \u00e0 l&rsquo;article 10 de la Loi 34\/2002 du 11 juillet \u00ab Services de la soci\u00e9t\u00e9 de l&rsquo;information et du commerce \u00e9lectronique (LSSI)\u00bb, nous vous communiquons les informations suivantes: INSTITUT D\u2019INVESTIGACI\u00d3 BIOM\u00c8DICA DE GIRONA DR. JOSEP TRUETA, [ci-apr\u00e8s IDIBGI], propri\u00e9taire du portail [&hellip;]<\/p>\n","protected":false},"author":1,"featured_media":0,"parent":0,"menu_order":20,"comment_status":"closed","ping_status":"closed","template":"","meta":{"_et_pb_use_builder":"on","_et_pb_old_content":"","_et_gb_content_width":""},"yoast_head":"<!-- This site is optimized with the Yoast SEO plugin v20.5 - https:\/\/yoast.com\/wordpress\/plugins\/seo\/ -->\n<title>Mentions legales - ThinkGut<\/title>\n<meta name=\"robots\" content=\"index, follow, max-snippet:-1, max-image-preview:large, max-video-preview:-1\" \/>\n<link rel=\"canonical\" href=\"https:\/\/thinkgut.eu\/fr\/mentions-legales\/\" \/>\n<meta property=\"og:locale\" content=\"fr_FR\" \/>\n<meta property=\"og:type\" content=\"article\" \/>\n<meta property=\"og:title\" content=\"Mentions legales - ThinkGut\" \/>\n<meta property=\"og:description\" content=\"MENTIONS L\u00c9GALES &nbsp;DONN\u00c9ES D\u2019IDENTIFICATION DU PRESTATAIRE DE SERVICES DE LA SOCI\u00c9T\u00c9 DE L\u2019INFORMATION Conform\u00e9ment \u00e0 l&#039;article 10 de la Loi 34\/2002 du 11 juillet \u00ab Services de la soci\u00e9t\u00e9 de l&#039;information et du commerce \u00e9lectronique (LSSI)\u00bb, nous vous communiquons les informations suivantes: INSTITUT D\u2019INVESTIGACI\u00d3 BIOM\u00c8DICA DE GIRONA DR. JOSEP TRUETA, [ci-apr\u00e8s IDIBGI], propri\u00e9taire du portail [&hellip;]\" \/>\n<meta property=\"og:url\" content=\"https:\/\/thinkgut.eu\/fr\/mentions-legales\/\" \/>\n<meta property=\"og:site_name\" content=\"ThinkGut\" \/>\n<meta property=\"article:publisher\" content=\"https:\/\/www.facebook.com\/ThinkGut-103367838164953\/?modal=admin_todo_tour\" \/>\n<meta property=\"article:modified_time\" content=\"2020-11-02T11:55:30+00:00\" \/>\n<meta property=\"og:image\" content=\"https:\/\/thinkgut.eu\/wp-content\/uploads\/2020\/07\/Interreg-POCTEFA-ThinkGut-CMYK.png\" \/>\n<meta name=\"twitter:card\" content=\"summary_large_image\" \/>\n<meta name=\"twitter:site\" content=\"@thinkgut\" \/>\n<meta name=\"twitter:label1\" content=\"Dur\u00e9e de lecture estim\u00e9e\" \/>\n\t<meta name=\"twitter:data1\" content=\"9 minutes\" \/>\n<script type=\"application\/ld+json\" class=\"yoast-schema-graph\">{\"@context\":\"https:\/\/schema.org\",\"@graph\":[{\"@type\":\"WebPage\",\"@id\":\"https:\/\/thinkgut.eu\/fr\/mentions-legales\/\",\"url\":\"https:\/\/thinkgut.eu\/fr\/mentions-legales\/\",\"name\":\"Mentions legales - ThinkGut\",\"isPartOf\":{\"@id\":\"https:\/\/thinkgut.eu\/#website\"},\"datePublished\":\"2020-11-02T11:55:29+00:00\",\"dateModified\":\"2020-11-02T11:55:30+00:00\",\"breadcrumb\":{\"@id\":\"https:\/\/thinkgut.eu\/fr\/mentions-legales\/#breadcrumb\"},\"inLanguage\":\"fr-FR\",\"potentialAction\":[{\"@type\":\"ReadAction\",\"target\":[\"https:\/\/thinkgut.eu\/fr\/mentions-legales\/\"]}]},{\"@type\":\"BreadcrumbList\",\"@id\":\"https:\/\/thinkgut.eu\/fr\/mentions-legales\/#breadcrumb\",\"itemListElement\":[{\"@type\":\"ListItem\",\"position\":1,\"name\":\"Home\",\"item\":\"https:\/\/thinkgut.eu\/fr\/\"},{\"@type\":\"ListItem\",\"position\":2,\"name\":\"Mentions legales\"}]},{\"@type\":\"WebSite\",\"@id\":\"https:\/\/thinkgut.eu\/#website\",\"url\":\"https:\/\/thinkgut.eu\/\",\"name\":\"ThinkGut\",\"description\":\"Pr\u00e9diction personnalis\u00e9e des fonctions cognitives par le microbiote humain\",\"publisher\":{\"@id\":\"https:\/\/thinkgut.eu\/#organization\"},\"potentialAction\":[{\"@type\":\"SearchAction\",\"target\":{\"@type\":\"EntryPoint\",\"urlTemplate\":\"https:\/\/thinkgut.eu\/?s={search_term_string}\"},\"query-input\":\"required name=search_term_string\"}],\"inLanguage\":\"fr-FR\"},{\"@type\":\"Organization\",\"@id\":\"https:\/\/thinkgut.eu\/#organization\",\"name\":\"ThinkGut\",\"url\":\"https:\/\/thinkgut.eu\/\",\"logo\":{\"@type\":\"ImageObject\",\"inLanguage\":\"fr-FR\",\"@id\":\"https:\/\/thinkgut.eu\/#\/schema\/logo\/image\/\",\"url\":\"https:\/\/thinkgut.eu\/wp-content\/uploads\/2020\/07\/Interreg-POCTEFA-ThinkGut-CMYK.png\",\"contentUrl\":\"https:\/\/thinkgut.eu\/wp-content\/uploads\/2020\/07\/Interreg-POCTEFA-ThinkGut-CMYK.png\",\"width\":921,\"height\":415,\"caption\":\"ThinkGut\"},\"image\":{\"@id\":\"https:\/\/thinkgut.eu\/#\/schema\/logo\/image\/\"},\"sameAs\":[\"https:\/\/www.facebook.com\/ThinkGut-103367838164953\/?modal=admin_todo_tour\",\"https:\/\/twitter.com\/thinkgut\"]}]}<\/script>\n<!-- \/ Yoast SEO plugin. -->","yoast_head_json":{"title":"Mentions legales - ThinkGut","robots":{"index":"index","follow":"follow","max-snippet":"max-snippet:-1","max-image-preview":"max-image-preview:large","max-video-preview":"max-video-preview:-1"},"canonical":"https:\/\/thinkgut.eu\/fr\/mentions-legales\/","og_locale":"fr_FR","og_type":"article","og_title":"Mentions legales - ThinkGut","og_description":"MENTIONS L\u00c9GALES &nbsp;DONN\u00c9ES D\u2019IDENTIFICATION DU PRESTATAIRE DE SERVICES DE LA SOCI\u00c9T\u00c9 DE L\u2019INFORMATION Conform\u00e9ment \u00e0 l'article 10 de la Loi 34\/2002 du 11 juillet \u00ab Services de la soci\u00e9t\u00e9 de l'information et du commerce \u00e9lectronique (LSSI)\u00bb, nous vous communiquons les informations suivantes: INSTITUT D\u2019INVESTIGACI\u00d3 BIOM\u00c8DICA DE GIRONA DR. JOSEP TRUETA, [ci-apr\u00e8s IDIBGI], propri\u00e9taire du portail [&hellip;]","og_url":"https:\/\/thinkgut.eu\/fr\/mentions-legales\/","og_site_name":"ThinkGut","article_publisher":"https:\/\/www.facebook.com\/ThinkGut-103367838164953\/?modal=admin_todo_tour","article_modified_time":"2020-11-02T11:55:30+00:00","og_image":[{"url":"https:\/\/thinkgut.eu\/wp-content\/uploads\/2020\/07\/Interreg-POCTEFA-ThinkGut-CMYK.png"}],"twitter_card":"summary_large_image","twitter_site":"@thinkgut","twitter_misc":{"Dur\u00e9e de lecture estim\u00e9e":"9 minutes"},"schema":{"@context":"https:\/\/schema.org","@graph":[{"@type":"WebPage","@id":"https:\/\/thinkgut.eu\/fr\/mentions-legales\/","url":"https:\/\/thinkgut.eu\/fr\/mentions-legales\/","name":"Mentions legales - ThinkGut","isPartOf":{"@id":"https:\/\/thinkgut.eu\/#website"},"datePublished":"2020-11-02T11:55:29+00:00","dateModified":"2020-11-02T11:55:30+00:00","breadcrumb":{"@id":"https:\/\/thinkgut.eu\/fr\/mentions-legales\/#breadcrumb"},"inLanguage":"fr-FR","potentialAction":[{"@type":"ReadAction","target":["https:\/\/thinkgut.eu\/fr\/mentions-legales\/"]}]},{"@type":"BreadcrumbList","@id":"https:\/\/thinkgut.eu\/fr\/mentions-legales\/#breadcrumb","itemListElement":[{"@type":"ListItem","position":1,"name":"Home","item":"https:\/\/thinkgut.eu\/fr\/"},{"@type":"ListItem","position":2,"name":"Mentions legales"}]},{"@type":"WebSite","@id":"https:\/\/thinkgut.eu\/#website","url":"https:\/\/thinkgut.eu\/","name":"ThinkGut","description":"Pr\u00e9diction personnalis\u00e9e des fonctions cognitives par le microbiote humain","publisher":{"@id":"https:\/\/thinkgut.eu\/#organization"},"potentialAction":[{"@type":"SearchAction","target":{"@type":"EntryPoint","urlTemplate":"https:\/\/thinkgut.eu\/?s={search_term_string}"},"query-input":"required name=search_term_string"}],"inLanguage":"fr-FR"},{"@type":"Organization","@id":"https:\/\/thinkgut.eu\/#organization","name":"ThinkGut","url":"https:\/\/thinkgut.eu\/","logo":{"@type":"ImageObject","inLanguage":"fr-FR","@id":"https:\/\/thinkgut.eu\/#\/schema\/logo\/image\/","url":"https:\/\/thinkgut.eu\/wp-content\/uploads\/2020\/07\/Interreg-POCTEFA-ThinkGut-CMYK.png","contentUrl":"https:\/\/thinkgut.eu\/wp-content\/uploads\/2020\/07\/Interreg-POCTEFA-ThinkGut-CMYK.png","width":921,"height":415,"caption":"ThinkGut"},"image":{"@id":"https:\/\/thinkgut.eu\/#\/schema\/logo\/image\/"},"sameAs":["https:\/\/www.facebook.com\/ThinkGut-103367838164953\/?modal=admin_todo_tour","https:\/\/twitter.com\/thinkgut"]}]}},"_links":{"self":[{"href":"https:\/\/thinkgut.eu\/fr\/wp-json\/wp\/v2\/pages\/1089"}],"collection":[{"href":"https:\/\/thinkgut.eu\/fr\/wp-json\/wp\/v2\/pages"}],"about":[{"href":"https:\/\/thinkgut.eu\/fr\/wp-json\/wp\/v2\/types\/page"}],"author":[{"embeddable":true,"href":"https:\/\/thinkgut.eu\/fr\/wp-json\/wp\/v2\/users\/1"}],"replies":[{"embeddable":true,"href":"https:\/\/thinkgut.eu\/fr\/wp-json\/wp\/v2\/comments?post=1089"}],"version-history":[{"count":2,"href":"https:\/\/thinkgut.eu\/fr\/wp-json\/wp\/v2\/pages\/1089\/revisions"}],"predecessor-version":[{"id":1091,"href":"https:\/\/thinkgut.eu\/fr\/wp-json\/wp\/v2\/pages\/1089\/revisions\/1091"}],"wp:attachment":[{"href":"https:\/\/thinkgut.eu\/fr\/wp-json\/wp\/v2\/media?parent=1089"}],"curies":[{"name":"wp","href":"https:\/\/api.w.org\/{rel}","templated":true}]}}