{"id":1092,"date":"2020-11-02T12:06:28","date_gmt":"2020-11-02T12:06:28","guid":{"rendered":"https:\/\/thinkgut.eu\/politique-de-confidentialite\/"},"modified":"2020-11-02T14:02:37","modified_gmt":"2020-11-02T14:02:37","slug":"politique-confidentialite","status":"publish","type":"page","link":"https:\/\/thinkgut.eu\/fr\/politique-confidentialite\/","title":{"rendered":"POLITIQUE DE CONFIDENTIALITE"},"content":{"rendered":"<p>[et_pb_section fb_built=\u00a0\u00bb1&Prime; _builder_version=\u00a0\u00bb4.4.9&Prime; background_color=\u00a0\u00bb#f9f9f9&Prime; custom_margin=\u00a0\u00bb0px||0px||true|false\u00a0\u00bb custom_padding=\u00a0\u00bb0px||0px||true|false\u00a0\u00bb][et_pb_row use_custom_gutter=\u00a0\u00bbon\u00a0\u00bb gutter_width=\u00a0\u00bb1&Prime; make_equal=\u00a0\u00bbon\u00a0\u00bb _builder_version=\u00a0\u00bb4.5.6&Prime; background_enable_image=\u00a0\u00bboff\u00a0\u00bb max_width=\u00a0\u00bb2560px\u00a0\u00bb height_tablet=\u00a0\u00bb600px\u00a0\u00bb height_phone=\u00a0\u00bb500px\u00a0\u00bb height_last_edited=\u00a0\u00bbon|phone\u00a0\u00bb custom_margin=\u00a0\u00bb150px|auto|150px|auto|true|false\u00a0\u00bb custom_padding=\u00a0\u00bb0px||0px||true|false\u00a0\u00bb hover_enabled=\u00a0\u00bb0&Prime;][et_pb_column type=\u00a0\u00bb4_4&Prime; _builder_version=\u00a0\u00bb4.4.9&Prime; background_enable_color=\u00a0\u00bboff\u00a0\u00bb][et_pb_text _builder_version=\u00a0\u00bb4.5.6&Prime; header_font=\u00a0\u00bb|700|||||||\u00a0\u00bb hover_enabled=\u00a0\u00bb0&Prime;]<\/p>\n<h1>POLITIQUE DE CONFIDENTIALIT\u00c9<\/h1>\n<p>&nbsp;[\/et_pb_text][et_pb_text _builder_version=\u00a0\u00bb4.5.6&Prime; hover_enabled=\u00a0\u00bb0&Prime;]<\/p>\n<p><strong>RESPONSABLE <\/strong><\/p>\n<p>Conform\u00e9ment aux dispositions du <strong>R\u00e8glement G\u00e9n\u00e9ral (UE) 2016\/679 de protection des donn\u00e9es et de la Loi Organique 3\/2018 de Protection des Donn\u00e9es personnelles et de garantie des droits num\u00e9riques<\/strong>, nous vous informons que les donn\u00e9es personnelles fournies via les formulaires , ainsi que votre adresse e-mail, ont \u00e9t\u00e9 inclus dans un traitement appartenant \u00e0 I<strong>NSTITUT D\u2019INVESTIGACI\u00d3 BIOM\u00c8DICA DE GIRONA DR. JOSEP TRUETA<\/strong>, [ci-apr\u00e8s IDIBGI], dont le si\u00e8ge social est situ\u00e9 C\/DR. CASTANY, S\/N EDIFICI M2-PARC HOSPITALARI SANT JULI\u00c0 DE SALT- 17190 SALT (GIRONA), NIF G17432592, Enregistr\u00e9 au registre des Fondations n\u00ba929, est charg\u00e9e de l\u2019exploitation, de la gestion et du fonctionnement du portail Web susmentionn\u00e9.<\/p>\n<p>Envoyant un e-mail \u00e0 l\u2019adresse <strong><a href=\"mailto:fundacio@idibgi.org\">fundacio@idibgi.org<\/a><\/strong>, afin de r\u00e9pondre \u00e0 vos questions et de vous envoyer des informations relatives aux services offerts par <strong>IDIBGI.<\/strong><\/p>\n<p>Nous vous informons que les donn\u00e9es peuvent \u00eatre utilis\u00e9es pour envoyer des communications commerciales, par tout moyen, concernant les activit\u00e9s et les services de notre soci\u00e9t\u00e9 ou groupe d\u2019entreprises susceptibles de vous int\u00e9resser. Vous pouvez \u00e0 tout moment vous opposer \u00e0 ce type de communications en envoyant un courrier \u00e9lectronique \u00e0 l\u2019adresse <strong><a href=\"mailto:fundacio@idibgi.org\">fundacio@idibgi.org<\/a><\/strong>et en indiquant dans l\u2019objet \u00abSE D\u00c9SABONNER DE LA LISTE DE DISTRIBUTION \u00bb.<\/p>\n<p>Vous pouvez \u00e9galement exercer vos droits d\u2019acc\u00e8s, de rectification, de suppression, d\u2019opposition, de portabilit\u00e9 et de limitation en envoyant une lettre accompagn\u00e9e d\u2019une photocopie de votre carte d\u2019identit\u00e9 ou d\u2019un document \u00e9quivalent \u00e0 l\u2019adresse suivante : situ\u00e9 C\/DR. CASTANY, S\/N EDIFICI M2-PARC HOSPITALARI SANT JULI\u00c0 DE SALT- 17190 SALT (GIRONA) ou en l\u2019envoyant par courrier \u00e9lectronique \u00e0<strong> <a href=\"mailto:transparencia@idibgi.org\">transparencia@idibgi.org<\/a><\/strong> avec pour objet \u00ab PROTECTION DES DONN\u00c9ES \u00bb.<\/p>\n<p><strong>POLITIQUE<\/strong><\/p>\n<p>IDIBGI est particuli\u00e8rement sensible \u00e0 la protection des donn\u00e9es des utilisateurs des services qui acc\u00e8dent au site. Par le biais de cette politique de confidentialit\u00e9, les utilisateurs de thinkgut.eu sont inform\u00e9s du traitement et des utilisations auxquels sont soumises les donn\u00e9es \u00e0 caract\u00e8re personnel recueillies sur le site Web au moyen d\u2019informations compl\u00e9mentaires, afin qu\u2019ils puissent d\u00e9cider, librement et volontairement, s\u2019ils souhaitent fournir les informations demand\u00e9es.<\/p>\n<p><strong>MESURES DE S\u00c9CURIT\u00c9<\/strong><\/p>\n<p>Enfin, nous vous informons que IDIBGI a adopt\u00e9 les mesures techniques et organisationnelles appropri\u00e9es dans le syst\u00e8me d\u2019information, afin de garantir la s\u00e9curit\u00e9 et la confidentialit\u00e9 des donn\u00e9es stock\u00e9es, \u00e9vitant ainsi leur alt\u00e9ration, perte, acc\u00e8s ou traitement non autoris\u00e9 ; en tenant compte de l\u2019\u00e9tat des connaissances actuelles, des co\u00fbts de mise en \u0153uvre, et de la nature, de la port\u00e9e, du contexte et des finalit\u00e9s du traitement, ainsi que des risques de probabilit\u00e9 et de gravit\u00e9 variables associ\u00e9s \u00e0 chacun des traitements.<\/p>\n<p><strong>DROITS DES UTILISATEURS<\/strong><\/p>\n<p>La personne int\u00e9ress\u00e9e par les donn\u00e9es personnelles peut exercer les droits qui l&rsquo;assistent, conform\u00e9ment au r\u00e8glement g\u00e9n\u00e9ral de protection des donn\u00e9es et \u00e0 la loi organique 3\/2018 sur la protection des donn\u00e9es personnelles et la garantie des droits num\u00e9riques, et qui sont :<\/p>\n<p><strong>A<\/strong>.- Le droit <strong>d&rsquo;acc\u00e8s<\/strong> peut \u00eatre exerc\u00e9 sur une base annuelle, sauf pour les int\u00e9r\u00eats l\u00e9gitimes accr\u00e9dit\u00e9s. Dans l&rsquo;exercice de ce droit, l&rsquo;int\u00e9ress\u00e9 peut opter pour les syst\u00e8mes de recherche de fichiers suivants :<\/p>\n<ul class=\"llista\">\n<li>Envoyer un courrier \u00e9lectronique au d\u00e9l\u00e9gu\u00e9 \u00e0 la protection des donn\u00e9es : <strong><a href=\"mailto:transparencia@idibgi.org\">transparencia@idibgi.org<\/a><\/strong><\/li>\n<li>Communication \u00e9crite adress\u00e9e \u00e0 : <strong>IdIBGi, C\/ DR. CASTANY, S\/N EDIFICIO M2 PARC HOSPITALARI MART\u00cd I JULI\u00c0 DE SALT &#8211; 17190 SALT (GIRONA)<\/strong><\/li>\n<\/ul>\n<p><strong>IDIBGI<\/strong>, proc\u00e9dera \u00e0 la notification de sa d\u00e9cision dans un d\u00e9lai d\u2019un mois. En cas de r\u00e9ponse positive, la personne concern\u00e9e peut acc\u00e9der \u00e0 ces informations dans les 10 jours suivant la notification.<\/p>\n<p><strong>B<\/strong>.- Le droit de <strong>rectification et de suppression<\/strong> peut \u00eatre exerc\u00e9, conform\u00e9ment aux dispositions suivantes, pour autant que la personne concern\u00e9e consid\u00e8re que les donn\u00e9es collect\u00e9es dans le cadre de nos traitements sont inexactes, incompl\u00e8tes, inappropri\u00e9es ou excessives. Dans ce cas, elle peut l\u2019exercer par l\u2019un des moyens pr\u00e9c\u00e9demment pr\u00e9vus.<br \/><strong>IDIBGI<\/strong>, proc\u00e9dera \u00e0 la rectification ou \u00e0 la suppression dans les 10 jours suivant la r\u00e9ception de la demande.<\/p>\n<p><strong>C<\/strong>.- Le droit d\u2019<strong>opposition<\/strong> peut \u00eatre exerc\u00e9, conform\u00e9ment aux dispositions suivantes, \u00e0 condition que l\u2019int\u00e9ress\u00e9 souhaite s\u2019opposer au traitement de ses donn\u00e9es \u00e0 caract\u00e8re personnel, que celles-ci soient trait\u00e9es l\u00e9galement pour un int\u00e9r\u00eat l\u00e9gitime ou un consentement relatif \u00e0 des fins publicitaires.<\/p>\n<p><strong>D<\/strong>.- Le droit de <strong>portabilit\u00e9<\/strong> peut \u00eatre exerc\u00e9, conform\u00e9ment aux dispositions suivantes, \u00e0 condition que la personne concern\u00e9e estime que les donn\u00e9es collect\u00e9es dans le cadre de nos traitements doivent \u00eatre restitu\u00e9es au propri\u00e9taire des donn\u00e9es ou, le cas \u00e9ch\u00e9ant, \u00e0 un tiers (sous-traitant du traitement).<\/p>\n<p><strong>E<\/strong>.- Le droit de<strong> limiter le traitement<\/strong> peut \u00eatre exerc\u00e9, avant le droit d\u2019opposition au traitement de ses donn\u00e9es, et tant que le droit d\u2019opposition n\u2019est pas r\u00e9solu, le traitement des donn\u00e9es est limit\u00e9.<\/p>\n<p><strong>MODIFICATION DE LA R\u00c9GLEMENTATION<\/strong><\/p>\n<p><strong>IDIBGI<\/strong>, se r\u00e9serve le droit de modifier la pr\u00e9sente politique afin de l\u2019adapter aux nouveaut\u00e9s l\u00e9gislatives ou jurisprudentielles. Ces modifications seront communiqu\u00e9es aussi longtemps \u00e0 l\u2019avance que n\u00e9cessaire sur notre site Web, sans pr\u00e9judice de la possibilit\u00e9 de demander le consentement n\u00e9cessaire des personnes concern\u00e9es lorsque celui-ci n\u2019est pas consid\u00e9r\u00e9 comme donn\u00e9 conform\u00e9ment aux termes de la pr\u00e9sente politique.<\/p>\n<p>Si vous avez des doutes, des questions ou des commentaires concernant cette r\u00e9glementation, n\u2019h\u00e9sitez pas \u00e0 nous contacter \u00e0 l\u2019adresse suivante <strong><a href=\"mailto:fundacio@idibgi.org\">fundacio@idibgi.org<\/a><\/strong><\/p>\n<p>[\/et_pb_text][\/et_pb_column][\/et_pb_row][\/et_pb_section][et_pb_section fb_built=\u00a0\u00bb1&Prime; _builder_version=\u00a0\u00bb4.4.9&Prime; background_color=\u00a0\u00bb#003399&Prime; global_module=\u00a0\u00bb186&Prime; saved_tabs=\u00a0\u00bball\u00a0\u00bb][et_pb_row column_structure=\u00a0\u00bb2_3,1_3&Prime; use_custom_gutter=\u00a0\u00bbon\u00a0\u00bb gutter_width=\u00a0\u00bb2&Prime; _builder_version=\u00a0\u00bb4.4.9&Prime; width=\u00a0\u00bb90%\u00a0\u00bb max_width=\u00a0\u00bb2560px\u00a0\u00bb custom_padding=\u00a0\u00bb50px||50px||true|false\u00a0\u00bb][et_pb_column type=\u00a0\u00bb2_3&Prime; _builder_version=\u00a0\u00bb4.4.9&Prime;][et_pb_text _builder_version=\u00a0\u00bb4.5.3&Prime; text_text_color=\u00a0\u00bb#f7f7f7&Prime; text_font_size=\u00a0\u00bb13px\u00a0\u00bb header_5_font=\u00a0\u00bb|700|||||||\u00a0\u00bb header_5_text_color=\u00a0\u00bb#f7f7f7&Prime; custom_margin=\u00a0\u00bb||50px||false|false\u00a0\u00bb]<\/p>\n<p><img decoding=\"async\" class=\"poctefa\" src=\"https:\/\/thinkgut.eu\/wp-content\/uploads\/2020\/07\/Interreg-POCTEFA-ThinkGut-CMYK.png\" alt=\"\" style=\"padding: 0 20px 0px 0;\" width=\"300\" align=\"left\" \/><\/p>\n<h5>Fondo Europeo De Desarrollo Regional<\/h5>\n<p>El proyecto ThinkGut, cofinanciado al 65% por el Fondo Europeo de Desarrollo Regional (FEDER) a trav\u00e9s del Programa Interreg V-A Espa\u00f1a-Francia-Andorra (POCTEFA 2014-2020), cuenta con un presupuesto total de 1.3 millones de euros.<\/p>\n<p>[\/et_pb_text][et_pb_text _builder_version=\u00a0\u00bb4.5.6&Prime; header_4_font=\u00a0\u00bb|700|||||||\u00a0\u00bb header_4_text_color=\u00a0\u00bb#f7f7f7&Prime; custom_margin=\u00a0\u00bb||||false|false\u00a0\u00bb custom_padding=\u00a0\u00bb20px||||false|false\u00a0\u00bb]<H4>PARTNERS<\/H4><br \/>\n<img decoding=\"async\" class=\"alignnone wp-image-869 size-full\" src=\"https:\/\/thinkgut.eu\/wp-content\/uploads\/IDIBGI-log.jpg\" alt=\"\" style=\"padding-right: 20px; padding-top: 20px; float: left;\" width=\"180\" srcset=\"https:\/\/thinkgut.eu\/wp-content\/uploads\/IDIBGI-log.jpg 2200w, https:\/\/thinkgut.eu\/wp-content\/uploads\/IDIBGI-log-1280x756.jpg 1280w, https:\/\/thinkgut.eu\/wp-content\/uploads\/IDIBGI-log-980x579.jpg 980w, https:\/\/thinkgut.eu\/wp-content\/uploads\/IDIBGI-log-480x284.jpg 480w\" sizes=\"(min-width: 0px) and (max-width: 480px) 480px, (min-width: 481px) and (max-width: 980px) 980px, (min-width: 981px) and (max-width: 1280px) 1280px, (min-width: 1281px) 2200px, 100vw\" \/><img decoding=\"async\" class=\"alignnone wp-image-863 size-full\" style=\"padding-right: 20px; padding-top: 20px; float: left;\" src=\"https:\/\/thinkgut.eu\/wp-content\/uploads\/logo-inserm.jpg\" alt=\"\" width=\"180\" srcset=\"https:\/\/thinkgut.eu\/wp-content\/uploads\/logo-inserm.jpg 1100w, https:\/\/thinkgut.eu\/wp-content\/uploads\/logo-inserm-980x579.jpg 980w, https:\/\/thinkgut.eu\/wp-content\/uploads\/logo-inserm-480x284.jpg 480w\" sizes=\"(min-width: 0px) and (max-width: 480px) 480px, (min-width: 481px) and (max-width: 980px) 980px, (min-width: 981px) 1100px, 100vw\" \/><img decoding=\"async\" class=\"alignnone wp-image-866 size-full\" src=\"https:\/\/thinkgut.eu\/wp-content\/uploads\/ENTEROSYS.jpg\" alt=\"\" style=\"padding-right: 20px; padding-top: 20px; float: left;\" width=\"180\" srcset=\"https:\/\/thinkgut.eu\/wp-content\/uploads\/ENTEROSYS.jpg 2200w, https:\/\/thinkgut.eu\/wp-content\/uploads\/ENTEROSYS-1280x756.jpg 1280w, https:\/\/thinkgut.eu\/wp-content\/uploads\/ENTEROSYS-980x579.jpg 980w, https:\/\/thinkgut.eu\/wp-content\/uploads\/ENTEROSYS-480x284.jpg 480w\" sizes=\"(min-width: 0px) and (max-width: 480px) 480px, (min-width: 481px) and (max-width: 980px) 980px, (min-width: 981px) and (max-width: 1280px) 1280px, (min-width: 1281px) 2200px, 100vw\" \/>[\/et_pb_text][\/et_pb_column][et_pb_column type=\u00a0\u00bb1_3&Prime; _builder_version=\u00a0\u00bb4.4.9&Prime;][et_pb_text _builder_version=\u00a0\u00bb4.4.9&Prime; link_text_color=\u00a0\u00bb#f7f7f7&Prime; ul_text_color=\u00a0\u00bb#ffcc00&Prime; header_4_font=\u00a0\u00bb|700|||||||\u00a0\u00bb header_4_text_color=\u00a0\u00bb#f7f7f7&Prime;]<\/p>\n<h4>LINKS<\/h4>\n<ul>\n<li><a href=\"https:\/\/www.poctefa.eu\" target=\"_blank\" rel=\"noopener noreferrer\">POCTEFA <\/a><\/li>\n<li><a href=\"https:\/\/ec.europa.eu\/regional_policy\/es\/\" target=\"_blank\" rel=\"noopener noreferrer\">Regional Policy website of the European Union<\/a><\/li>\n<\/ul>\n<p>[\/et_pb_text][et_pb_text _builder_version=\u00a0\u00bb4.4.9&Prime; header_text_align=\u00a0\u00bbcenter\u00a0\u00bb header_4_font=\u00a0\u00bb|700|||||||\u00a0\u00bb header_4_text_color=\u00a0\u00bb#f7f7f7&Prime; text_orientation=\u00a0\u00bbcenter\u00a0\u00bb custom_margin=\u00a0\u00bb0px||0px||true|false\u00a0\u00bb custom_padding=\u00a0\u00bb10px||10px||true|false\u00a0\u00bb]<\/p>\n<h4 style=\"text-align: left;\">REDES SOCIALES<\/h4>\n<p>[\/et_pb_text][et_pb_social_media_follow _builder_version=\u00a0\u00bb4.5.6&Prime; text_orientation=\u00a0\u00bbleft\u00a0\u00bb][et_pb_social_media_follow_network social_network=\u00a0\u00bbfacebook\u00a0\u00bb url=\u00a0\u00bbhttps:\/\/www.facebook.com\/ThinkGut-103367838164953\/?modal=admin_todo_tour\u00a0\u00bb _builder_version=\u00a0\u00bb4.5.6&Prime; background_color=\u00a0\u00bb#3b5998&Prime; follow_button=\u00a0\u00bboff\u00a0\u00bb url_new_window=\u00a0\u00bbon\u00a0\u00bb]facebook[\/et_pb_social_media_follow_network][et_pb_social_media_follow_network social_network=\u00a0\u00bbtwitter\u00a0\u00bb url=\u00a0\u00bbhttps:\/\/twitter.com\/thinkgut\u00a0\u00bb _builder_version=\u00a0\u00bb4.5.6&Prime; background_color=\u00a0\u00bb#00aced\u00a0\u00bb follow_button=\u00a0\u00bboff\u00a0\u00bb url_new_window=\u00a0\u00bbon\u00a0\u00bb]twitter[\/et_pb_social_media_follow_network][\/et_pb_social_media_follow][et_pb_text _builder_version=\u00a0\u00bb4.4.9&Prime; link_text_color=\u00a0\u00bb#f7f7f7&Prime; ul_text_color=\u00a0\u00bb#ffcc00&Prime; header_4_font=\u00a0\u00bb|700|||||||\u00a0\u00bb header_4_text_color=\u00a0\u00bb#f7f7f7&Prime;]<\/p>\n<h4>TEXTOS LEGALES<\/h4>\n<p><a href=\"https:\/\/thinkgut.eu\/fr\/mentions-legales\/\">Aviso legal<\/a> \u00b7 <a href=\"https:\/\/thinkgut.eu\/fr\/politique-de-confidentialite\/\">Pol\u00edtica de Privacidad<\/a> \u00b7 <a href=\"https:\/\/thinkgut.eu\/politica-cookies\/\">Cookies<\/a> \u00b7 <a href=\"https:\/\/ec.europa.eu\/regional_policy\/es\/\" target=\"_blank\" rel=\"noopener noreferrer\"><\/a>[\/et_pb_text][\/et_pb_column][\/et_pb_row][\/et_pb_section]<\/p>\n","protected":false},"excerpt":{"rendered":"<p>POLITIQUE DE CONFIDENTIALIT\u00c9 &nbsp;RESPONSABLE Conform\u00e9ment aux dispositions du R\u00e8glement G\u00e9n\u00e9ral (UE) 2016\/679 de protection des donn\u00e9es et de la Loi Organique 3\/2018 de Protection des Donn\u00e9es personnelles et de garantie des droits num\u00e9riques, nous vous informons que les donn\u00e9es personnelles fournies via les formulaires , ainsi que votre adresse e-mail, ont \u00e9t\u00e9 inclus dans un [&hellip;]<\/p>\n","protected":false},"author":1,"featured_media":0,"parent":0,"menu_order":21,"comment_status":"closed","ping_status":"closed","template":"","meta":{"_et_pb_use_builder":"on","_et_pb_old_content":"","_et_gb_content_width":""},"yoast_head":"<!-- This site is optimized with the Yoast SEO plugin v20.5 - https:\/\/yoast.com\/wordpress\/plugins\/seo\/ -->\n<title>POLITIQUE DE CONFIDENTIALITE - ThinkGut<\/title>\n<meta name=\"robots\" content=\"index, follow, max-snippet:-1, max-image-preview:large, max-video-preview:-1\" \/>\n<link rel=\"canonical\" href=\"https:\/\/thinkgut.eu\/fr\/politique-confidentialite\/\" \/>\n<meta property=\"og:locale\" content=\"fr_FR\" \/>\n<meta property=\"og:type\" content=\"article\" \/>\n<meta property=\"og:title\" content=\"POLITIQUE DE CONFIDENTIALITE - ThinkGut\" \/>\n<meta property=\"og:description\" content=\"POLITIQUE DE CONFIDENTIALIT\u00c9 &nbsp;RESPONSABLE Conform\u00e9ment aux dispositions du R\u00e8glement G\u00e9n\u00e9ral (UE) 2016\/679 de protection des donn\u00e9es et de la Loi Organique 3\/2018 de Protection des Donn\u00e9es personnelles et de garantie des droits num\u00e9riques, nous vous informons que les donn\u00e9es personnelles fournies via les formulaires , ainsi que votre adresse e-mail, ont \u00e9t\u00e9 inclus dans un [&hellip;]\" \/>\n<meta property=\"og:url\" content=\"https:\/\/thinkgut.eu\/fr\/politique-confidentialite\/\" \/>\n<meta property=\"og:site_name\" content=\"ThinkGut\" \/>\n<meta property=\"article:publisher\" content=\"https:\/\/www.facebook.com\/ThinkGut-103367838164953\/?modal=admin_todo_tour\" \/>\n<meta property=\"article:modified_time\" content=\"2020-11-02T14:02:37+00:00\" \/>\n<meta property=\"og:image\" content=\"https:\/\/thinkgut.eu\/wp-content\/uploads\/2020\/07\/Interreg-POCTEFA-ThinkGut-CMYK.png\" \/>\n<meta name=\"twitter:card\" content=\"summary_large_image\" \/>\n<meta name=\"twitter:site\" content=\"@thinkgut\" \/>\n<meta name=\"twitter:label1\" content=\"Dur\u00e9e de lecture estim\u00e9e\" \/>\n\t<meta name=\"twitter:data1\" content=\"7 minutes\" \/>\n<script type=\"application\/ld+json\" class=\"yoast-schema-graph\">{\"@context\":\"https:\/\/schema.org\",\"@graph\":[{\"@type\":\"WebPage\",\"@id\":\"https:\/\/thinkgut.eu\/fr\/politique-confidentialite\/\",\"url\":\"https:\/\/thinkgut.eu\/fr\/politique-confidentialite\/\",\"name\":\"POLITIQUE DE CONFIDENTIALITE - ThinkGut\",\"isPartOf\":{\"@id\":\"https:\/\/thinkgut.eu\/#website\"},\"datePublished\":\"2020-11-02T12:06:28+00:00\",\"dateModified\":\"2020-11-02T14:02:37+00:00\",\"breadcrumb\":{\"@id\":\"https:\/\/thinkgut.eu\/fr\/politique-confidentialite\/#breadcrumb\"},\"inLanguage\":\"fr-FR\",\"potentialAction\":[{\"@type\":\"ReadAction\",\"target\":[\"https:\/\/thinkgut.eu\/fr\/politique-confidentialite\/\"]}]},{\"@type\":\"BreadcrumbList\",\"@id\":\"https:\/\/thinkgut.eu\/fr\/politique-confidentialite\/#breadcrumb\",\"itemListElement\":[{\"@type\":\"ListItem\",\"position\":1,\"name\":\"Home\",\"item\":\"https:\/\/thinkgut.eu\/fr\/\"},{\"@type\":\"ListItem\",\"position\":2,\"name\":\"POLITIQUE DE CONFIDENTIALITE\"}]},{\"@type\":\"WebSite\",\"@id\":\"https:\/\/thinkgut.eu\/#website\",\"url\":\"https:\/\/thinkgut.eu\/\",\"name\":\"ThinkGut\",\"description\":\"Pr\u00e9diction personnalis\u00e9e des fonctions cognitives par le microbiote humain\",\"publisher\":{\"@id\":\"https:\/\/thinkgut.eu\/#organization\"},\"potentialAction\":[{\"@type\":\"SearchAction\",\"target\":{\"@type\":\"EntryPoint\",\"urlTemplate\":\"https:\/\/thinkgut.eu\/?s={search_term_string}\"},\"query-input\":\"required name=search_term_string\"}],\"inLanguage\":\"fr-FR\"},{\"@type\":\"Organization\",\"@id\":\"https:\/\/thinkgut.eu\/#organization\",\"name\":\"ThinkGut\",\"url\":\"https:\/\/thinkgut.eu\/\",\"logo\":{\"@type\":\"ImageObject\",\"inLanguage\":\"fr-FR\",\"@id\":\"https:\/\/thinkgut.eu\/#\/schema\/logo\/image\/\",\"url\":\"https:\/\/thinkgut.eu\/wp-content\/uploads\/2020\/07\/Interreg-POCTEFA-ThinkGut-CMYK.png\",\"contentUrl\":\"https:\/\/thinkgut.eu\/wp-content\/uploads\/2020\/07\/Interreg-POCTEFA-ThinkGut-CMYK.png\",\"width\":921,\"height\":415,\"caption\":\"ThinkGut\"},\"image\":{\"@id\":\"https:\/\/thinkgut.eu\/#\/schema\/logo\/image\/\"},\"sameAs\":[\"https:\/\/www.facebook.com\/ThinkGut-103367838164953\/?modal=admin_todo_tour\",\"https:\/\/twitter.com\/thinkgut\"]}]}<\/script>\n<!-- \/ Yoast SEO plugin. -->","yoast_head_json":{"title":"POLITIQUE DE CONFIDENTIALITE - ThinkGut","robots":{"index":"index","follow":"follow","max-snippet":"max-snippet:-1","max-image-preview":"max-image-preview:large","max-video-preview":"max-video-preview:-1"},"canonical":"https:\/\/thinkgut.eu\/fr\/politique-confidentialite\/","og_locale":"fr_FR","og_type":"article","og_title":"POLITIQUE DE CONFIDENTIALITE - ThinkGut","og_description":"POLITIQUE DE CONFIDENTIALIT\u00c9 &nbsp;RESPONSABLE Conform\u00e9ment aux dispositions du R\u00e8glement G\u00e9n\u00e9ral (UE) 2016\/679 de protection des donn\u00e9es et de la Loi Organique 3\/2018 de Protection des Donn\u00e9es personnelles et de garantie des droits num\u00e9riques, nous vous informons que les donn\u00e9es personnelles fournies via les formulaires , ainsi que votre adresse e-mail, ont \u00e9t\u00e9 inclus dans un [&hellip;]","og_url":"https:\/\/thinkgut.eu\/fr\/politique-confidentialite\/","og_site_name":"ThinkGut","article_publisher":"https:\/\/www.facebook.com\/ThinkGut-103367838164953\/?modal=admin_todo_tour","article_modified_time":"2020-11-02T14:02:37+00:00","og_image":[{"url":"https:\/\/thinkgut.eu\/wp-content\/uploads\/2020\/07\/Interreg-POCTEFA-ThinkGut-CMYK.png"}],"twitter_card":"summary_large_image","twitter_site":"@thinkgut","twitter_misc":{"Dur\u00e9e de lecture estim\u00e9e":"7 minutes"},"schema":{"@context":"https:\/\/schema.org","@graph":[{"@type":"WebPage","@id":"https:\/\/thinkgut.eu\/fr\/politique-confidentialite\/","url":"https:\/\/thinkgut.eu\/fr\/politique-confidentialite\/","name":"POLITIQUE DE CONFIDENTIALITE - ThinkGut","isPartOf":{"@id":"https:\/\/thinkgut.eu\/#website"},"datePublished":"2020-11-02T12:06:28+00:00","dateModified":"2020-11-02T14:02:37+00:00","breadcrumb":{"@id":"https:\/\/thinkgut.eu\/fr\/politique-confidentialite\/#breadcrumb"},"inLanguage":"fr-FR","potentialAction":[{"@type":"ReadAction","target":["https:\/\/thinkgut.eu\/fr\/politique-confidentialite\/"]}]},{"@type":"BreadcrumbList","@id":"https:\/\/thinkgut.eu\/fr\/politique-confidentialite\/#breadcrumb","itemListElement":[{"@type":"ListItem","position":1,"name":"Home","item":"https:\/\/thinkgut.eu\/fr\/"},{"@type":"ListItem","position":2,"name":"POLITIQUE DE CONFIDENTIALITE"}]},{"@type":"WebSite","@id":"https:\/\/thinkgut.eu\/#website","url":"https:\/\/thinkgut.eu\/","name":"ThinkGut","description":"Pr\u00e9diction personnalis\u00e9e des fonctions cognitives par le microbiote humain","publisher":{"@id":"https:\/\/thinkgut.eu\/#organization"},"potentialAction":[{"@type":"SearchAction","target":{"@type":"EntryPoint","urlTemplate":"https:\/\/thinkgut.eu\/?s={search_term_string}"},"query-input":"required name=search_term_string"}],"inLanguage":"fr-FR"},{"@type":"Organization","@id":"https:\/\/thinkgut.eu\/#organization","name":"ThinkGut","url":"https:\/\/thinkgut.eu\/","logo":{"@type":"ImageObject","inLanguage":"fr-FR","@id":"https:\/\/thinkgut.eu\/#\/schema\/logo\/image\/","url":"https:\/\/thinkgut.eu\/wp-content\/uploads\/2020\/07\/Interreg-POCTEFA-ThinkGut-CMYK.png","contentUrl":"https:\/\/thinkgut.eu\/wp-content\/uploads\/2020\/07\/Interreg-POCTEFA-ThinkGut-CMYK.png","width":921,"height":415,"caption":"ThinkGut"},"image":{"@id":"https:\/\/thinkgut.eu\/#\/schema\/logo\/image\/"},"sameAs":["https:\/\/www.facebook.com\/ThinkGut-103367838164953\/?modal=admin_todo_tour","https:\/\/twitter.com\/thinkgut"]}]}},"_links":{"self":[{"href":"https:\/\/thinkgut.eu\/fr\/wp-json\/wp\/v2\/pages\/1092"}],"collection":[{"href":"https:\/\/thinkgut.eu\/fr\/wp-json\/wp\/v2\/pages"}],"about":[{"href":"https:\/\/thinkgut.eu\/fr\/wp-json\/wp\/v2\/types\/page"}],"author":[{"embeddable":true,"href":"https:\/\/thinkgut.eu\/fr\/wp-json\/wp\/v2\/users\/1"}],"replies":[{"embeddable":true,"href":"https:\/\/thinkgut.eu\/fr\/wp-json\/wp\/v2\/comments?post=1092"}],"version-history":[{"count":2,"href":"https:\/\/thinkgut.eu\/fr\/wp-json\/wp\/v2\/pages\/1092\/revisions"}],"predecessor-version":[{"id":1094,"href":"https:\/\/thinkgut.eu\/fr\/wp-json\/wp\/v2\/pages\/1092\/revisions\/1094"}],"wp:attachment":[{"href":"https:\/\/thinkgut.eu\/fr\/wp-json\/wp\/v2\/media?parent=1092"}],"curies":[{"name":"wp","href":"https:\/\/api.w.org\/{rel}","templated":true}]}}