{"id":1303,"date":"2020-08-18T09:30:38","date_gmt":"2020-08-18T09:30:38","guid":{"rendered":"https:\/\/thinkgut.eu\/resultats-attendus\/"},"modified":"2020-11-04T19:41:00","modified_gmt":"2020-11-04T19:41:00","slug":"resultats-attendus","status":"publish","type":"page","link":"https:\/\/thinkgut.eu\/fr\/resultats-attendus\/","title":{"rendered":"R\u00e9sultats attendus"},"content":{"rendered":"<p>[et_pb_section fb_built=\u00a0\u00bb1&Prime; _builder_version=\u00a0\u00bb4.5.3&Prime; _module_preset=\u00a0\u00bbdefault\u00a0\u00bb][et_pb_row _builder_version=\u00a0\u00bb4.5.3&Prime; _module_preset=\u00a0\u00bbdefault\u00a0\u00bb custom_padding=\u00a0\u00bb75px||75px||true|false\u00a0\u00bb][et_pb_column type=\u00a0\u00bb4_4&Prime; _builder_version=\u00a0\u00bb4.5.3&Prime; _module_preset=\u00a0\u00bbdefault\u00a0\u00bb][et_pb_text _builder_version=\u00a0\u00bb4.6.1&Prime; _module_preset=\u00a0\u00bbdefault\u00a0\u00bb text_text_color=\u00a0\u00bb#595959&Prime; header_font=\u00a0\u00bb|700|||||||\u00a0\u00bb header_text_color=\u00a0\u00bb#ffcc00&Prime; header_2_font=\u00a0\u00bb|700|||||||\u00a0\u00bb]<\/p>\n<h1>Cr\u00e9er des outils pour traiter les troubles neurocognitifs<\/h1>\n<p style=\"padding-top:20px;\">Le projet ThinkGut vise \u00e0 atteindre quatre r\u00e9sultats. Le premier est de conclure des accords entre les trois entit\u00e9s participant au projet (Enterosys, INSERM et IDIBGI) pour pouvoir exploiter la propri\u00e9t\u00e9 intellectuelle g\u00e9n\u00e9r\u00e9e.<\/p>\n<p>Le deuxi\u00e8me r\u00e9sultat est la cr\u00e9ation d&rsquo;un r\u00e9f\u00e9rentiel de donn\u00e9es (base de donn\u00e9es) dans lequel les donn\u00e9es obtenues et les cohortes compil\u00e9es sur les interrelations microbiote-cognition seront travaill\u00e9es conjointement sur le territoire transfrontalier. Le troisi\u00e8me r\u00e9sultat se concentre sur l&rsquo;obtention de nouveaux biomarqueurs et mod\u00e8les pouvant \u00eatre utilis\u00e9s pour la pr\u00e9vention, le diagnostic et le traitement des troubles neurocognitifs associ\u00e9s au vieillissement et \u00e0 l&rsquo;ob\u00e9sit\u00e9. Ces biomarqueurs pourraient \u00eatre utiles pour de futurs accords avec des industriels telles que les industries pharmaceutiques et agro-alimentaires. Enfin, le quatri\u00e8me r\u00e9sultat attendu est la consolidation d&rsquo;Enterosys via la conception de th\u00e9rapies bas\u00e9es sur des mod\u00e8les de microbiote humain.[\/et_pb_text][\/et_pb_column][\/et_pb_row][\/et_pb_section][et_pb_section fb_built=\u00a0\u00bb1&Prime; _builder_version=\u00a0\u00bb4.6.1&Prime; _module_preset=\u00a0\u00bbdefault\u00a0\u00bb background_image=\u00a0\u00bbhttps:\/\/thinkgut.eu\/wp-content\/uploads\/Lab10.jpg\u00a0\u00bb min_height=\u00a0\u00bb75vh\u00a0\u00bb scroll_scaling_enable=\u00a0\u00bbon\u00a0\u00bb scroll_scaling=\u00a0\u00bb0|50|50|100|100%|105%|110%\u00a0\u00bb][et_pb_row _builder_version=\u00a0\u00bb4.5.3&Prime; _module_preset=\u00a0\u00bbdefault\u00a0\u00bb][et_pb_column type=\u00a0\u00bb4_4&Prime; _builder_version=\u00a0\u00bb4.5.3&Prime; _module_preset=\u00a0\u00bbdefault\u00a0\u00bb][\/et_pb_column][\/et_pb_row][\/et_pb_section][et_pb_section fb_built=\u00a0\u00bb1&Prime; _builder_version=\u00a0\u00bb4.4.9&Prime; background_color=\u00a0\u00bb#003399&Prime; global_module=\u00a0\u00bb186&Prime; saved_tabs=\u00a0\u00bball\u00a0\u00bb][et_pb_row column_structure=\u00a0\u00bb2_3,1_3&Prime; use_custom_gutter=\u00a0\u00bbon\u00a0\u00bb gutter_width=\u00a0\u00bb2&Prime; _builder_version=\u00a0\u00bb4.4.9&Prime; width=\u00a0\u00bb90%\u00a0\u00bb max_width=\u00a0\u00bb2560px\u00a0\u00bb custom_padding=\u00a0\u00bb50px||50px||true|false\u00a0\u00bb][et_pb_column type=\u00a0\u00bb2_3&Prime; _builder_version=\u00a0\u00bb4.4.9&Prime;][et_pb_text _builder_version=\u00a0\u00bb4.5.3&Prime; text_text_color=\u00a0\u00bb#f7f7f7&Prime; text_font_size=\u00a0\u00bb13px\u00a0\u00bb header_5_font=\u00a0\u00bb|700|||||||\u00a0\u00bb header_5_text_color=\u00a0\u00bb#f7f7f7&Prime; custom_margin=\u00a0\u00bb||50px||false|false\u00a0\u00bb]<\/p>\n<p><img decoding=\"async\" class=\"poctefa\" src=\"https:\/\/thinkgut.eu\/wp-content\/uploads\/2020\/07\/Interreg-POCTEFA-ThinkGut-CMYK.png\" alt=\"\" style=\"padding: 0 20px 0px 0;\" width=\"300\" align=\"left\" \/><\/p>\n<h5>Fondo Europeo De Desarrollo Regional<\/h5>\n<p>El proyecto ThinkGut, cofinanciado al 65% por el Fondo Europeo de Desarrollo Regional (FEDER) a trav\u00e9s del Programa Interreg V-A Espa\u00f1a-Francia-Andorra (POCTEFA 2014-2020), cuenta con un presupuesto total de 1.3 millones de euros.<\/p>\n<p>[\/et_pb_text][et_pb_text _builder_version=\u00a0\u00bb4.6.1&Prime; header_4_font=\u00a0\u00bb|700|||||||\u00a0\u00bb header_4_text_color=\u00a0\u00bb#f7f7f7&Prime; custom_margin=\u00a0\u00bb||||false|false\u00a0\u00bb custom_padding=\u00a0\u00bb20px||||false|false\u00a0\u00bb]<H4>PARTNERS<\/H4><br \/>\n<img decoding=\"async\" class=\"alignnone wp-image-869 size-full\" src=\"https:\/\/thinkgut.eu\/wp-content\/uploads\/IDIBGI-log.jpg\" alt=\"\" style=\"padding-right: 20px; padding-top: 10px; float: left;\" width=\"180\" srcset=\"https:\/\/thinkgut.eu\/wp-content\/uploads\/IDIBGI-log.jpg 2200w, https:\/\/thinkgut.eu\/wp-content\/uploads\/IDIBGI-log-1280x756.jpg 1280w, https:\/\/thinkgut.eu\/wp-content\/uploads\/IDIBGI-log-980x579.jpg 980w, https:\/\/thinkgut.eu\/wp-content\/uploads\/IDIBGI-log-480x284.jpg 480w\" sizes=\"(min-width: 0px) and (max-width: 480px) 480px, (min-width: 481px) and (max-width: 980px) 980px, (min-width: 981px) and (max-width: 1280px) 1280px, (min-width: 1281px) 2200px, 100vw\" \/><img decoding=\"async\" class=\"alignnone wp-image-863 size-full\" style=\"padding-right: 20px; padding-top: 10px; float: left;\" src=\"https:\/\/thinkgut.eu\/wp-content\/uploads\/logo-inserm.jpg\" alt=\"\" width=\"180\" srcset=\"https:\/\/thinkgut.eu\/wp-content\/uploads\/logo-inserm.jpg 1100w, https:\/\/thinkgut.eu\/wp-content\/uploads\/logo-inserm-980x579.jpg 980w, https:\/\/thinkgut.eu\/wp-content\/uploads\/logo-inserm-480x284.jpg 480w\" sizes=\"(min-width: 0px) and (max-width: 480px) 480px, (min-width: 481px) and (max-width: 980px) 980px, (min-width: 981px) 1100px, 100vw\" \/><img decoding=\"async\" class=\"alignnone wp-image-866 size-full\" src=\"https:\/\/thinkgut.eu\/wp-content\/uploads\/ENTEROSYS.jpg\" alt=\"\" style=\"padding-right: 20px; padding-top: 10px; float: left;\" width=\"180\" srcset=\"https:\/\/thinkgut.eu\/wp-content\/uploads\/ENTEROSYS.jpg 2200w, https:\/\/thinkgut.eu\/wp-content\/uploads\/ENTEROSYS-1280x756.jpg 1280w, https:\/\/thinkgut.eu\/wp-content\/uploads\/ENTEROSYS-980x579.jpg 980w, https:\/\/thinkgut.eu\/wp-content\/uploads\/ENTEROSYS-480x284.jpg 480w\" sizes=\"(min-width: 0px) and (max-width: 480px) 480px, (min-width: 481px) and (max-width: 980px) 980px, (min-width: 981px) and (max-width: 1280px) 1280px, (min-width: 1281px) 2200px, 100vw\" \/>[\/et_pb_text][et_pb_text _builder_version=\u00a0\u00bb4.6.1&Prime; header_4_font=\u00a0\u00bb|700|||||||\u00a0\u00bb header_4_text_color=\u00a0\u00bb#f7f7f7&Prime; custom_margin=\u00a0\u00bb||||false|false\u00a0\u00bb custom_padding=\u00a0\u00bb50px||||false|false\u00a0\u00bb custom_css_main_element=\u00a0\u00bbfloat: left;||clear: both;\u00a0\u00bb]<H4>ORGANISMOS TERCEROS<\/H4><br \/>\n<img decoding=\"async\" class=\"alignnone wp-image-863 size-full\" style=\"padding-right: 20px; padding-top: 10px; float: left;\" src=\"https:\/\/thinkgut.eu\/wp-content\/uploads\/Hospital_Trueta.png\" alt=\"\" width=\"180\" \/><img decoding=\"async\" class=\"alignnone wp-image-866 size-full\" src=\"https:\/\/thinkgut.eu\/wp-content\/uploads\/ics_h.jpg\" alt=\"\" style=\"padding-right: 20px; padding-top: 10px; float: left;\" width=\"180\" \/><img decoding=\"async\" class=\"alignnone wp-image-869 size-full\" src=\"https:\/\/thinkgut.eu\/wp-content\/uploads\/ciberobn.jpg\" alt=\"\" style=\"padding-right: 20px; padding-top: 10px; float: left;\" width=\"180\" \/>[\/et_pb_text][\/et_pb_column][et_pb_column type=\u00a0\u00bb1_3&Prime; _builder_version=\u00a0\u00bb4.4.9&Prime;][et_pb_text _builder_version=\u00a0\u00bb4.6.1&Prime; link_text_color=\u00a0\u00bb#f7f7f7&Prime; ul_text_color=\u00a0\u00bb#ffcc00&Prime; header_4_font=\u00a0\u00bb|700|||||||\u00a0\u00bb header_4_text_color=\u00a0\u00bb#f7f7f7&Prime;]<\/p>\n<h4>LINKS<\/h4>\n<ul>\n<li><a href=\"https:\/\/www.poctefa.eu\" target=\"_blank\" rel=\"noopener noreferrer\">POCTEFA <\/a><\/li>\n<li><a href=\"https:\/\/ec.europa.eu\/regional_policy\/es\/\" target=\"_blank\" rel=\"noopener noreferrer\">Regional Policy website of the European Union<\/a><\/li>\n<\/ul>\n<p>[\/et_pb_text][et_pb_text _builder_version=\u00a0\u00bb4.6.1&Prime; header_text_align=\u00a0\u00bbcenter\u00a0\u00bb header_4_font=\u00a0\u00bb|700|||||||\u00a0\u00bb header_4_text_color=\u00a0\u00bb#f7f7f7&Prime; text_orientation=\u00a0\u00bbcenter\u00a0\u00bb custom_margin=\u00a0\u00bb0px||0px||true|false\u00a0\u00bb custom_padding=\u00a0\u00bb10px||10px||true|false\u00a0\u00bb]<\/p>\n<h4 style=\"text-align: left;\">REDES SOCIALES<\/h4>\n<p>[\/et_pb_text][et_pb_social_media_follow _builder_version=\u00a0\u00bb4.5.6&Prime; text_orientation=\u00a0\u00bbleft\u00a0\u00bb][et_pb_social_media_follow_network social_network=\u00a0\u00bbfacebook\u00a0\u00bb url=\u00a0\u00bbhttps:\/\/www.facebook.com\/ThinkGut-103367838164953\/?modal=admin_todo_tour\u00a0\u00bb _builder_version=\u00a0\u00bb4.5.6&Prime; background_color=\u00a0\u00bb#3b5998&Prime; follow_button=\u00a0\u00bboff\u00a0\u00bb url_new_window=\u00a0\u00bbon\u00a0\u00bb]facebook[\/et_pb_social_media_follow_network][et_pb_social_media_follow_network social_network=\u00a0\u00bbtwitter\u00a0\u00bb url=\u00a0\u00bbhttps:\/\/twitter.com\/thinkgut\u00a0\u00bb _builder_version=\u00a0\u00bb4.5.6&Prime; background_color=\u00a0\u00bb#00aced\u00a0\u00bb follow_button=\u00a0\u00bboff\u00a0\u00bb url_new_window=\u00a0\u00bbon\u00a0\u00bb]twitter[\/et_pb_social_media_follow_network][\/et_pb_social_media_follow][et_pb_text _builder_version=\u00a0\u00bb4.6.1&Prime; link_text_color=\u00a0\u00bb#f7f7f7&Prime; ul_text_color=\u00a0\u00bb#ffcc00&Prime; header_4_font=\u00a0\u00bb|700|||||||\u00a0\u00bb header_4_text_color=\u00a0\u00bb#f7f7f7&Prime;]<\/p>\n<h4>TEXTOS LEGALES<\/h4>\n<p><a href=\"https:\/\/thinkgut.eu\/fr\/mentions-legales\/\" target=\"_blank\" rel=\"noopener noreferrer\">Aviso legal<\/a> \u00b7 <a href=\"https:\/\/thinkgut.eu\/fr\/politique-confidentialite\/\" target=\"_blank\" rel=\"noopener noreferrer\">Pol\u00edtica de Privacidad<\/a> \u00b7 <a href=\"https:\/\/thinkgut.eu\/fr\/informations-complementaires\/\" target=\"_blank\" rel=\"noopener noreferrer\">Informaci\u00f3n adicional<\/a> \u00b7 <a href=\"https:\/\/thinkgut.eu\/fr\/politique-cookies\/\" target=\"_blank\" rel=\"noopener noreferrer\">Cookies<\/a>[\/et_pb_text][\/et_pb_column][\/et_pb_row][\/et_pb_section]<\/p>\n","protected":false},"excerpt":{"rendered":"<p>Cr\u00e9er des outils pour traiter les troubles neurocognitifs Le projet ThinkGut vise \u00e0 atteindre quatre r\u00e9sultats. Le premier est de conclure des accords entre les trois entit\u00e9s participant au projet (Enterosys, INSERM et IDIBGI) pour pouvoir exploiter la propri\u00e9t\u00e9 intellectuelle g\u00e9n\u00e9r\u00e9e. Le deuxi\u00e8me r\u00e9sultat est la cr\u00e9ation d&rsquo;un r\u00e9f\u00e9rentiel de donn\u00e9es (base de donn\u00e9es) dans [&hellip;]<\/p>\n","protected":false},"author":1,"featured_media":0,"parent":0,"menu_order":6,"comment_status":"closed","ping_status":"closed","template":"","meta":{"_et_pb_use_builder":"on","_et_pb_old_content":"","_et_gb_content_width":""},"yoast_head":"<!-- This site is optimized with the Yoast SEO plugin v20.5 - https:\/\/yoast.com\/wordpress\/plugins\/seo\/ -->\n<title>R\u00e9sultats attendus - ThinkGut<\/title>\n<meta name=\"description\" content=\"Il se concentre sur l&#039;obtention de nouveaux biomarqueurs et mod\u00e8les qui servent \u00e0 la pr\u00e9vention, au diagnostic et au traitement des troubles neurocognitifs.\" \/>\n<meta name=\"robots\" content=\"index, follow, max-snippet:-1, max-image-preview:large, max-video-preview:-1\" \/>\n<link rel=\"canonical\" href=\"https:\/\/thinkgut.eu\/fr\/resultats-attendus\/\" \/>\n<meta property=\"og:locale\" content=\"fr_FR\" \/>\n<meta property=\"og:type\" content=\"article\" \/>\n<meta property=\"og:title\" content=\"R\u00e9sultats attendus - ThinkGut\" \/>\n<meta property=\"og:description\" content=\"Il se concentre sur l&#039;obtention de nouveaux biomarqueurs et mod\u00e8les qui servent \u00e0 la pr\u00e9vention, au diagnostic et au traitement des troubles neurocognitifs.\" \/>\n<meta property=\"og:url\" content=\"https:\/\/thinkgut.eu\/fr\/resultats-attendus\/\" \/>\n<meta property=\"og:site_name\" content=\"ThinkGut\" \/>\n<meta property=\"article:publisher\" content=\"https:\/\/www.facebook.com\/ThinkGut-103367838164953\/?modal=admin_todo_tour\" \/>\n<meta property=\"article:modified_time\" content=\"2020-11-04T19:41:00+00:00\" \/>\n<meta property=\"og:image\" content=\"https:\/\/thinkgut.eu\/wp-content\/uploads\/2020\/07\/Interreg-POCTEFA-ThinkGut-CMYK.png\" \/>\n<meta name=\"twitter:card\" content=\"summary_large_image\" \/>\n<meta name=\"twitter:site\" content=\"@thinkgut\" \/>\n<meta name=\"twitter:label1\" content=\"Dur\u00e9e de lecture estim\u00e9e\" \/>\n\t<meta name=\"twitter:data1\" content=\"3 minutes\" \/>\n<script type=\"application\/ld+json\" class=\"yoast-schema-graph\">{\"@context\":\"https:\/\/schema.org\",\"@graph\":[{\"@type\":\"WebPage\",\"@id\":\"https:\/\/thinkgut.eu\/fr\/resultats-attendus\/\",\"url\":\"https:\/\/thinkgut.eu\/fr\/resultats-attendus\/\",\"name\":\"R\u00e9sultats attendus - ThinkGut\",\"isPartOf\":{\"@id\":\"https:\/\/thinkgut.eu\/#website\"},\"datePublished\":\"2020-08-18T09:30:38+00:00\",\"dateModified\":\"2020-11-04T19:41:00+00:00\",\"description\":\"Il se concentre sur l'obtention de nouveaux biomarqueurs et mod\u00e8les qui servent \u00e0 la pr\u00e9vention, au diagnostic et au traitement des troubles neurocognitifs.\",\"breadcrumb\":{\"@id\":\"https:\/\/thinkgut.eu\/fr\/resultats-attendus\/#breadcrumb\"},\"inLanguage\":\"fr-FR\",\"potentialAction\":[{\"@type\":\"ReadAction\",\"target\":[\"https:\/\/thinkgut.eu\/fr\/resultats-attendus\/\"]}]},{\"@type\":\"BreadcrumbList\",\"@id\":\"https:\/\/thinkgut.eu\/fr\/resultats-attendus\/#breadcrumb\",\"itemListElement\":[{\"@type\":\"ListItem\",\"position\":1,\"name\":\"Home\",\"item\":\"https:\/\/thinkgut.eu\/fr\/\"},{\"@type\":\"ListItem\",\"position\":2,\"name\":\"R\u00e9sultats attendus\"}]},{\"@type\":\"WebSite\",\"@id\":\"https:\/\/thinkgut.eu\/#website\",\"url\":\"https:\/\/thinkgut.eu\/\",\"name\":\"ThinkGut\",\"description\":\"Pr\u00e9diction personnalis\u00e9e des fonctions cognitives par le microbiote humain\",\"publisher\":{\"@id\":\"https:\/\/thinkgut.eu\/#organization\"},\"potentialAction\":[{\"@type\":\"SearchAction\",\"target\":{\"@type\":\"EntryPoint\",\"urlTemplate\":\"https:\/\/thinkgut.eu\/?s={search_term_string}\"},\"query-input\":\"required name=search_term_string\"}],\"inLanguage\":\"fr-FR\"},{\"@type\":\"Organization\",\"@id\":\"https:\/\/thinkgut.eu\/#organization\",\"name\":\"ThinkGut\",\"url\":\"https:\/\/thinkgut.eu\/\",\"logo\":{\"@type\":\"ImageObject\",\"inLanguage\":\"fr-FR\",\"@id\":\"https:\/\/thinkgut.eu\/#\/schema\/logo\/image\/\",\"url\":\"https:\/\/thinkgut.eu\/wp-content\/uploads\/2020\/07\/Interreg-POCTEFA-ThinkGut-CMYK.png\",\"contentUrl\":\"https:\/\/thinkgut.eu\/wp-content\/uploads\/2020\/07\/Interreg-POCTEFA-ThinkGut-CMYK.png\",\"width\":921,\"height\":415,\"caption\":\"ThinkGut\"},\"image\":{\"@id\":\"https:\/\/thinkgut.eu\/#\/schema\/logo\/image\/\"},\"sameAs\":[\"https:\/\/www.facebook.com\/ThinkGut-103367838164953\/?modal=admin_todo_tour\",\"https:\/\/twitter.com\/thinkgut\"]}]}<\/script>\n<!-- \/ Yoast SEO plugin. -->","yoast_head_json":{"title":"R\u00e9sultats attendus - ThinkGut","description":"Il se concentre sur l'obtention de nouveaux biomarqueurs et mod\u00e8les qui servent \u00e0 la pr\u00e9vention, au diagnostic et au traitement des troubles neurocognitifs.","robots":{"index":"index","follow":"follow","max-snippet":"max-snippet:-1","max-image-preview":"max-image-preview:large","max-video-preview":"max-video-preview:-1"},"canonical":"https:\/\/thinkgut.eu\/fr\/resultats-attendus\/","og_locale":"fr_FR","og_type":"article","og_title":"R\u00e9sultats attendus - ThinkGut","og_description":"Il se concentre sur l'obtention de nouveaux biomarqueurs et mod\u00e8les qui servent \u00e0 la pr\u00e9vention, au diagnostic et au traitement des troubles neurocognitifs.","og_url":"https:\/\/thinkgut.eu\/fr\/resultats-attendus\/","og_site_name":"ThinkGut","article_publisher":"https:\/\/www.facebook.com\/ThinkGut-103367838164953\/?modal=admin_todo_tour","article_modified_time":"2020-11-04T19:41:00+00:00","og_image":[{"url":"https:\/\/thinkgut.eu\/wp-content\/uploads\/2020\/07\/Interreg-POCTEFA-ThinkGut-CMYK.png"}],"twitter_card":"summary_large_image","twitter_site":"@thinkgut","twitter_misc":{"Dur\u00e9e de lecture estim\u00e9e":"3 minutes"},"schema":{"@context":"https:\/\/schema.org","@graph":[{"@type":"WebPage","@id":"https:\/\/thinkgut.eu\/fr\/resultats-attendus\/","url":"https:\/\/thinkgut.eu\/fr\/resultats-attendus\/","name":"R\u00e9sultats attendus - ThinkGut","isPartOf":{"@id":"https:\/\/thinkgut.eu\/#website"},"datePublished":"2020-08-18T09:30:38+00:00","dateModified":"2020-11-04T19:41:00+00:00","description":"Il se concentre sur l'obtention de nouveaux biomarqueurs et mod\u00e8les qui servent \u00e0 la pr\u00e9vention, au diagnostic et au traitement des troubles neurocognitifs.","breadcrumb":{"@id":"https:\/\/thinkgut.eu\/fr\/resultats-attendus\/#breadcrumb"},"inLanguage":"fr-FR","potentialAction":[{"@type":"ReadAction","target":["https:\/\/thinkgut.eu\/fr\/resultats-attendus\/"]}]},{"@type":"BreadcrumbList","@id":"https:\/\/thinkgut.eu\/fr\/resultats-attendus\/#breadcrumb","itemListElement":[{"@type":"ListItem","position":1,"name":"Home","item":"https:\/\/thinkgut.eu\/fr\/"},{"@type":"ListItem","position":2,"name":"R\u00e9sultats attendus"}]},{"@type":"WebSite","@id":"https:\/\/thinkgut.eu\/#website","url":"https:\/\/thinkgut.eu\/","name":"ThinkGut","description":"Pr\u00e9diction personnalis\u00e9e des fonctions cognitives par le microbiote humain","publisher":{"@id":"https:\/\/thinkgut.eu\/#organization"},"potentialAction":[{"@type":"SearchAction","target":{"@type":"EntryPoint","urlTemplate":"https:\/\/thinkgut.eu\/?s={search_term_string}"},"query-input":"required name=search_term_string"}],"inLanguage":"fr-FR"},{"@type":"Organization","@id":"https:\/\/thinkgut.eu\/#organization","name":"ThinkGut","url":"https:\/\/thinkgut.eu\/","logo":{"@type":"ImageObject","inLanguage":"fr-FR","@id":"https:\/\/thinkgut.eu\/#\/schema\/logo\/image\/","url":"https:\/\/thinkgut.eu\/wp-content\/uploads\/2020\/07\/Interreg-POCTEFA-ThinkGut-CMYK.png","contentUrl":"https:\/\/thinkgut.eu\/wp-content\/uploads\/2020\/07\/Interreg-POCTEFA-ThinkGut-CMYK.png","width":921,"height":415,"caption":"ThinkGut"},"image":{"@id":"https:\/\/thinkgut.eu\/#\/schema\/logo\/image\/"},"sameAs":["https:\/\/www.facebook.com\/ThinkGut-103367838164953\/?modal=admin_todo_tour","https:\/\/twitter.com\/thinkgut"]}]}},"_links":{"self":[{"href":"https:\/\/thinkgut.eu\/fr\/wp-json\/wp\/v2\/pages\/1303"}],"collection":[{"href":"https:\/\/thinkgut.eu\/fr\/wp-json\/wp\/v2\/pages"}],"about":[{"href":"https:\/\/thinkgut.eu\/fr\/wp-json\/wp\/v2\/types\/page"}],"author":[{"embeddable":true,"href":"https:\/\/thinkgut.eu\/fr\/wp-json\/wp\/v2\/users\/1"}],"replies":[{"embeddable":true,"href":"https:\/\/thinkgut.eu\/fr\/wp-json\/wp\/v2\/comments?post=1303"}],"version-history":[{"count":2,"href":"https:\/\/thinkgut.eu\/fr\/wp-json\/wp\/v2\/pages\/1303\/revisions"}],"predecessor-version":[{"id":1305,"href":"https:\/\/thinkgut.eu\/fr\/wp-json\/wp\/v2\/pages\/1303\/revisions\/1305"}],"wp:attachment":[{"href":"https:\/\/thinkgut.eu\/fr\/wp-json\/wp\/v2\/media?parent=1303"}],"curies":[{"name":"wp","href":"https:\/\/api.w.org\/{rel}","templated":true}]}}